{"id":10000,"date":"2023-05-03T08:42:28","date_gmt":"2023-05-03T08:42:28","guid":{"rendered":"https:\/\/www.originalphotopaper.com\/history\/"},"modified":"2025-07-14T13:45:03","modified_gmt":"2025-07-14T13:45:03","slug":"history","status":"publish","type":"page","link":"https:\/\/www.originalphotopaper.com\/de\/history\/","title":{"rendered":"Geschichte"},"content":{"rendered":"<section class=\"page-title page-title--bokeh \">\n\t<div class=\"container container--reduced-padding page-title__content page-title__content--left container--large\">\n\t\t\t\t\t<h1 class=\"page-title__title\">Ein Original mit langer Tradition<\/h1>\n\t\t\t\t\t\t\t<\/div>\n\t\t\t<div class=\"page-title__bg page-title__bg--1297807539\"><\/div>\n\t\t<style>\n    @media (min-width: 1440px) {\n        .page-title__bg--1297807539 {\n            background-image: url(https:\/\/fujihalide-live.s3.eu-west-1.amazonaws.com\/wp-content\/uploads\/2024\/11\/07105037\/bokeh-e1734007400897.png);\n            background-size: cover;\n            background-repeat: no-repeat;\n        }\n    }\n    @media (max-width: 1440px) {\n        .page-title__bg--1297807539 {\n            background-image: url(https:\/\/fujihalide-live.s3.eu-west-1.amazonaws.com\/wp-content\/uploads\/2024\/11\/07105037\/bokeh-e1734007400897.png);\n            background-size: cover;\n            background-repeat: no-repeat;\n        }\n    }\n    @media (max-width: 768px) {\n        .page-title__bg--1297807539 {\n            background-image: url(https:\/\/fujihalide-live.s3.eu-west-1.amazonaws.com\/wp-content\/uploads\/2024\/11\/07105037\/bokeh-e1734007400897-720x80.png);\n            background-size: cover;\n            background-repeat: no-repeat;\n        }\n    }\n    @media (max-width: 360px) {\n        .page-title__bg--1297807539 {\n            background-image: url(https:\/\/fujihalide-live.s3.eu-west-1.amazonaws.com\/wp-content\/uploads\/2024\/11\/07105037\/bokeh-e1734007400897-360x40.png);\n            background-size: cover;\n            background-repeat: no-repeat;\n        }\n    }\n<\/style>\t<\/section>\n\n\n\n<section class=\"content-slider\">\n\t\t\t<div class=\"content-slider__head\">\n\t\t\t<div class=\"container container--medium\">\n\t\t\t\t\t\t\t\t\t\t\t\t\t<p class=\"content-slider__intro\">Gr\u00fcndung der Fuji Photo Film Co., Ltd. Das neue Unternehmen \u00fcbernimmt die von der Dainippon Celluloid Limited abgespaltene Produktion fotografischer Filme. Das Werk Ashigara (heute das Werk Kanagawa in Ashigara) nimmt den Betrieb auf und produziert fotografische Filme, Druckpapier, Trockenplatten und andere lichtempfindliche Materialien.<\/p>\n\t\t\t\t\t\t\t<\/div>\n\t\t<\/div>\n\t\t\t\t<div class=\"glide\" data-ref=\"content-slider\"   data-center=\"true\" >\n\t\t\t<div class=\"glide__track\" data-glide-el=\"track\">\n\t\t\t\t<ul class=\"glide__slides\">\n\t\t\t\t\t\t\t\t\t\t\t\t<li class=\"slide\">\n\n\t\t<div class=\"slide__image\">\n\t\t\t\t\t\t\t\t\t<picture>\n    <img decoding=\"async\"   alt=\"\"\n    \n    src=\"https:\/\/fujihalide-live.s3.eu-west-1.amazonaws.com\/wp-content\/uploads\/2023\/05\/03083551\/heritage_1934-1160x850.webp\" width=\"1600\" height=\"1172\" loading=\"lazy\"\/> <\/picture>\n\t\t<\/div>\n\n\t\t\t\t\t<div class=\"slide__text\">\n\t\t\t\t\t\t\t\t\t<h4 class=\"slide__title\">1934<\/h4>\n\t\t\t\t\t\t\t\t\t\t\t\t\t<p>Gr\u00fcndung der Fuji Photo Film Co., Ltd. Das neue Unternehmen \u00fcbernimmt die von der Dainippon Celluloid Limited abgespaltene Produktion fotografischer Filme. Das Werk Ashigara (heute das Werk Kanagawa in Ashigara) nimmt den Betrieb auf und produziert fotografische Filme, Druckpapier, Trockenplatten und andere lichtempfindliche Materialien.<\/p>\n\n\t\t\t\t\t\t\t\t\t\t\t<\/div>\n\t\t\n\t<\/li>\n\t\t\t\t\t\t\t\t\t\t\t\t<li class=\"slide\">\n\n\t\t<div class=\"slide__image\">\n\t\t\t\t\t\t\t\t\t<picture>\n    <img decoding=\"async\"   alt=\"\"\n    \n    src=\"https:\/\/fujihalide-live.s3.eu-west-1.amazonaws.com\/wp-content\/uploads\/2023\/05\/03083541\/heritage_1948-1160x846.webp\" width=\"1920\" height=\"1400\" loading=\"lazy\"\/> <\/picture>\n\t\t<\/div>\n\n\t\t\t\t\t<div class=\"slide__text\">\n\t\t\t\t\t\t\t\t\t<h4 class=\"slide__title\">1948<\/h4>\n\t\t\t\t\t\t\t\t\t\t\t\t\t<p>Anf\u00e4nge des Umkehrfilms, der auf einem Transparentfilm ein Positiv erzeugt. Die Bilder werden gerahmt und k\u00f6nnen dann in einen Diaprojektor eingelegt werden.<\/p>\n\n\t\t\t\t\t\t\t\t\t\t\t<\/div>\n\t\t\n\t<\/li>\n\t\t\t\t\t\t\t\t\t\t\t\t<li class=\"slide\">\n\n\t\t<div class=\"slide__image\">\n\t\t\t\t\t\t\t\t\t<picture>\n    <img decoding=\"async\"   alt=\"\"\n    \n    src=\"https:\/\/fujihalide-live.s3.eu-west-1.amazonaws.com\/wp-content\/uploads\/2023\/05\/03083531\/heritage_1958-1160x846.webp\" width=\"1920\" height=\"1400\" loading=\"lazy\"\/> <\/picture>\n\t\t<\/div>\n\n\t\t\t\t\t<div class=\"slide__text\">\n\t\t\t\t\t\t\t\t\t<h4 class=\"slide__title\">1958<\/h4>\n\t\t\t\t\t\t\t\t\t\t\t\t\t<p>Anf\u00e4nge des Negativfilms, der auf einem Transparentfilm ein Negativ erzeugt. Das Werk Ashigara beginnt mit der Produktion des ersten Fujicolor-Papiers. Dies ist das erste Amateur-Fotopapier, das zusammen mit Negativfilm verwendet wird.<\/p>\n\n\t\t\t\t\t\t\t\t\t\t\t<\/div>\n\t\t\n\t<\/li>\n\t\t\t\t\t\t\t\t\t\t\t\t<li class=\"slide\">\n\n\t\t<div class=\"slide__image\">\n\t\t\t\t\t\t\t\t\t<picture>\n    <img decoding=\"async\"   alt=\"\"\n    \n    src=\"https:\/\/fujihalide-live.s3.eu-west-1.amazonaws.com\/wp-content\/uploads\/2023\/05\/03083521\/heritage_1966-1160x846.webp\" width=\"1920\" height=\"1400\" loading=\"lazy\"\/> <\/picture>\n\t\t<\/div>\n\n\t\t\t\t\t<div class=\"slide__text\">\n\t\t\t\t\t\t\t\t\t<h4 class=\"slide__title\">1966<\/h4>\n\t\t\t\t\t\t\t\t\t\t\t\t\t<p>Das Werk Ashigara bringt das erste professionelle Fujicolor-Papier auf den Markt.<\/p>\n\n\t\t\t\t\t\t\t\t\t\t\t<\/div>\n\t\t\n\t<\/li>\n\t\t\t\t\t\t\t\t\t\t\t\t<li class=\"slide\">\n\n\t\t<div class=\"slide__image\">\n\t\t\t\t\t\t\t\t\t<picture>\n    <img decoding=\"async\"   alt=\"\"\n    \n    src=\"https:\/\/fujihalide-live.s3.eu-west-1.amazonaws.com\/wp-content\/uploads\/2023\/05\/03083512\/heritage_1982-1160x846.webp\" width=\"1920\" height=\"1400\" loading=\"lazy\"\/> <\/picture>\n\t\t<\/div>\n\n\t\t\t\t\t<div class=\"slide__text\">\n\t\t\t\t\t\t\t\t\t<h4 class=\"slide__title\">1982<\/h4>\n\t\t\t\t\t\t\t\t\t\t\t\t\t<p>FUJIFILM Manufacturing Europe beginnt mit der Produktion von Negativfilmen und Fotopapieren der analogen EP-2-Generation. In den folgenden Jahren verbessert Fujifilm die Papiere kontinuierlich von 3 Minuten bis hin zu 19 Sekunden Entwicklungszeit beim heutigen FA02-Papier.<\/p>\n\n\t\t\t\t\t\t\t\t\t\t\t<\/div>\n\t\t\n\t<\/li>\n\t\t\t\t\t\t\t\t\t\t\t\t<li class=\"slide\">\n\n\t\t<div class=\"slide__image\">\n\t\t\t\t\t\t\t\t\t<picture>\n    <img decoding=\"async\"   alt=\"\"\n    \n    src=\"https:\/\/fujihalide-live.s3.eu-west-1.amazonaws.com\/wp-content\/uploads\/2023\/05\/03083500\/heritage_2008-1160x846.webp\" width=\"1920\" height=\"1400\" loading=\"lazy\"\/> <\/picture>\n\t\t<\/div>\n\n\t\t\t\t\t<div class=\"slide__text\">\n\t\t\t\t\t\t\t\t\t<h4 class=\"slide__title\">2008<\/h4>\n\t\t\t\t\t\t\t\t\t\t\t\t\t<p>FUJIFILM Manufacturing Europe stellt neue Fotopapiertypen vor: Albumfotopapier, ein Amateurpapier und DPII, Pearl und Supreme HD f\u00fcr das Profisortiment.<\/p>\n\n\t\t\t\t\t\t\t\t\t\t\t<\/div>\n\t\t\n\t<\/li>\n\t\t\t\t\t\t\t\t\t\t\t\t<li class=\"slide\">\n\n\t\t<div class=\"slide__image\">\n\t\t\t\t\t\t\t\t\t<picture>\n    <img decoding=\"async\"   alt=\"\"\n    \n    src=\"https:\/\/fujihalide-live.s3.eu-west-1.amazonaws.com\/wp-content\/uploads\/2023\/05\/03083450\/heritage_2009-1160x846.webp\" width=\"1920\" height=\"1400\" loading=\"lazy\"\/> <\/picture>\n\t\t<\/div>\n\n\t\t\t\t\t<div class=\"slide__text\">\n\t\t\t\t\t\t\t\t\t<h4 class=\"slide__title\">2009<\/h4>\n\t\t\t\t\t\t\t\t\t\t\t\t\t<p>FUJIFILM Manufacturing Europe pr\u00e4sentiert das erste beschreibbare Fotopapier. Dieses einzigartige Papier kann mit einem Stift beschriftet werden und eignet sich f\u00fcr Kalender und Postkarten.<\/p>\n\n\t\t\t\t\t\t\t\t\t\t\t<\/div>\n\t\t\n\t<\/li>\n\t\t\t\t\t\t\t\t\t\t\t\t<li class=\"slide\">\n\n\t\t<div class=\"slide__image\">\n\t\t\t\t\t\t\t\t\t<picture>\n    <img decoding=\"async\"   alt=\"\"\n    \n    src=\"https:\/\/fujihalide-live.s3.eu-west-1.amazonaws.com\/wp-content\/uploads\/2023\/05\/03083441\/heritage_2010-1160x846.webp\" width=\"1920\" height=\"1400\" loading=\"lazy\"\/> <\/picture>\n\t\t<\/div>\n\n\t\t\t\t\t<div class=\"slide__text\">\n\t\t\t\t\t\t\t\t\t<h4 class=\"slide__title\">2010<\/h4>\n\t\t\t\t\t\t\t\t\t\t\t\t\t<p>Aufgrund des gro\u00dfen Erfolgs des Albumpapiers f\u00fchrt FUJIFILM Manufacturing das Album HD Paper mit satteren Farben f\u00fcr die Produktion von Fotob\u00fcchern ein.<\/p>\n\n\t\t\t\t\t\t\t\t\t\t\t<\/div>\n\t\t\n\t<\/li>\n\t\t\t\t\t\t\t\t\t\t\t\t<li class=\"slide\">\n\n\t\t<div class=\"slide__image\">\n\t\t\t\t\t\t\t\t\t<picture>\n    <img decoding=\"async\"   alt=\"\"\n    \n    src=\"https:\/\/fujihalide-live.s3.eu-west-1.amazonaws.com\/wp-content\/uploads\/2023\/05\/03083431\/heritage_2013-1160x846.webp\" width=\"1920\" height=\"1400\" loading=\"lazy\"\/> <\/picture>\n\t\t<\/div>\n\n\t\t\t\t\t<div class=\"slide__text\">\n\t\t\t\t\t\t\t\t\t<h4 class=\"slide__title\">2013<\/h4>\n\t\t\t\t\t\t\t\t\t\t\t\t\t<p>Nach vier Jahren zunehmenden Erfolgs und weiterer Entwicklung der Albumpapiere in ganz Europa entstehen zwei weitere Albumpapiere f\u00fcr den weltweiten Gebrauch.<\/p>\n\n\t\t\t\t\t\t\t\t\t\t\t<\/div>\n\t\t\n\t<\/li>\n\t\t\t\t\t\t\t\t\t\t\t\t<li class=\"slide\">\n\n\t\t<div class=\"slide__image\">\n\t\t\t\t\t\t\t\t\t<picture>\n    <img decoding=\"async\"   alt=\"\"\n    \n    src=\"https:\/\/fujihalide-live.s3.eu-west-1.amazonaws.com\/wp-content\/uploads\/2023\/05\/03083420\/heritage_2015-1160x846.webp\" width=\"1920\" height=\"1400\" loading=\"lazy\"\/> <\/picture>\n\t\t<\/div>\n\n\t\t\t\t\t<div class=\"slide__text\">\n\t\t\t\t\t\t\t\t\t<h4 class=\"slide__title\">2015<\/h4>\n\t\t\t\t\t\t\t\t\t\t\t\t\t<p>Fujifilm bringt das Premium HDX Paper auf den Markt: ein strapazierf\u00e4higes, st\u00e4rkeres Albumpapier (215 \u03bcm), das sich optimal f\u00fcr hochwertige Fotob\u00fccher eignet.<\/p>\n\n\t\t\t\t\t\t\t\t\t\t\t<\/div>\n\t\t\n\t<\/li>\n\t\t\t\t\t\t\t\t\t\t\t\t<li class=\"slide\">\n\n\t\t<div class=\"slide__image\">\n\t\t\t\t\t\t\t\t\t<picture>\n    <img decoding=\"async\"   alt=\"\"\n    \n    src=\"https:\/\/fujihalide-live.s3.eu-west-1.amazonaws.com\/wp-content\/uploads\/2023\/05\/03083409\/heritage_2015b-1160x846.webp\" width=\"1920\" height=\"1400\" loading=\"lazy\"\/> <\/picture>\n\t\t<\/div>\n\n\t\t\t\t\t<div class=\"slide__text\">\n\t\t\t\t\t\t\t\t\t<h4 class=\"slide__title\">2015<\/h4>\n\t\t\t\t\t\t\t\t\t\t\t\t\t<p>FUJIFILM Europe kreiert und pr\u00e4sentiert zwei einzigartige Fotopapiere: die Creative Papers Velvet und Textured Canvas.<\/p>\n\n\t\t\t\t\t\t\t\t\t\t\t<\/div>\n\t\t\n\t<\/li>\n\t\t\t\t\t\t\t\t\t\t\t\t<li class=\"slide\">\n\n\t\t<div class=\"slide__image\">\n\t\t\t\t\t\t\t\t\t<picture>\n    <img decoding=\"async\"   alt=\"\"\n    \n    src=\"https:\/\/fujihalide-live.s3.eu-west-1.amazonaws.com\/wp-content\/uploads\/2023\/05\/03083359\/heritage_2016-1160x846.webp\" width=\"1920\" height=\"1400\" loading=\"lazy\"\/> <\/picture>\n\t\t<\/div>\n\n\t\t\t\t\t<div class=\"slide__text\">\n\t\t\t\t\t\t\t\t\t<h4 class=\"slide__title\">2016<\/h4>\n\t\t\t\t\t\t\t\t\t\t\t\t\t<p>Auf den Anfangserfolg der Creative Papers folgen die Fotopapiere Textured Linen, Textured Leather und Velvet Typ S (eine d\u00fcnnere Variante f\u00fcr die Fotobuchproduktion)<\/p>\n\n\t\t\t\t\t\t\t\t\t\t\t<\/div>\n\t\t\n\t<\/li>\n\t\t\t\t\t\t\t\t\t\t\t\t<li class=\"slide\">\n\n\t\t<div class=\"slide__image\">\n\t\t\t\t\t\t\t\t\t<picture>\n    <img decoding=\"async\"   alt=\"\"\n    \n    src=\"https:\/\/fujihalide-live.s3.eu-west-1.amazonaws.com\/wp-content\/uploads\/2023\/05\/03083350\/heritage_2017-1160x846.webp\" width=\"1920\" height=\"1400\" loading=\"lazy\"\/> <\/picture>\n\t\t<\/div>\n\n\t\t\t\t\t<div class=\"slide__text\">\n\t\t\t\t\t\t\t\t\t<h4 class=\"slide__title\">2017<\/h4>\n\t\t\t\t\t\t\t\t\t\t\t\t\t<p>Fujifilm pr\u00e4sentiert das neueste Fotopapier aus seinem Albumpapiersortiment: Album Paper XS (135 \u03bcm), ein d\u00fcnneres Fotopapier, das mehr Seiten in Fotob\u00fcchern erm\u00f6glicht.<\/p>\n\n\t\t\t\t\t\t\t\t\t\t\t<\/div>\n\t\t\n\t<\/li>\n\t\t\t\t\t\t\t\t\t<\/ul>\n\t\t\t<\/div>\n\t\t\t<div class=\"content-slider__arrows\" data-glide-el=\"controls\">\n\t<button class=\"content-slider__arrow content-slider__arrow--left\" data-glide-dir=\"&lt;\"><svg width=\"48\" height=\"48\" fill=\"none\" xmlns=\"http:\/\/www.w3.org\/2000\/svg\"><rect width=\"48\" height=\"48\" rx=\"24\" fill=\"#fff\" fill-opacity=\".9\"\/><path d=\"M12.94 25.06a1.5 1.5 0 0 1 0-2.12l9.545-9.547a1.5 1.5 0 1 1 2.122 2.122L16.12 24l8.486 8.485a1.5 1.5 0 1 1-2.122 2.122L12.94 25.06zM34 25.5H14v-3h20v3z\" fill=\"#001A15\"\/><\/svg><\/button>\n\t<button class=\"content-slider__arrow content-slider__arrow--right\" data-glide-dir=\"&gt;\"><svg width=\"48\" height=\"48\" fill=\"none\" xmlns=\"http:\/\/www.w3.org\/2000\/svg\"><rect width=\"48\" height=\"48\" rx=\"24\" fill=\"#fff\" fill-opacity=\".9\"\/><path d=\"M35.06 25.06a1.5 1.5 0 0 0 0-2.12l-9.545-9.547a1.5 1.5 0 1 0-2.122 2.122L31.88 24l-8.486 8.485a1.5 1.5 0 1 0 2.122 2.122l9.546-9.546zM14 25.5h20v-3H14v3z\" fill=\"#001A15\"\/><\/svg><\/button>\n<\/div>\n\t\t<\/div>\n\t<\/section>\n","protected":false},"excerpt":{"rendered":"","protected":false},"author":1,"featured_media":0,"parent":0,"menu_order":0,"comment_status":"closed","ping_status":"closed","template":"","meta":{"_acf_changed":false,"footnotes":""},"class_list":["post-10000","page","type-page","status-publish","hentry"],"acf":[],"yoast_head":"<!-- This site is optimized with the Yoast SEO plugin v27.1.1 - https:\/\/yoast.com\/product\/yoast-seo-wordpress\/ -->\n<title>Geschichte - Original Photo Paper by FUJIFILM<\/title>\n<meta name=\"robots\" content=\"index, follow, max-snippet:-1, max-image-preview:large, max-video-preview:-1\" \/>\n<link rel=\"canonical\" href=\"https:\/\/www.originalphotopaper.com\/de\/history\/\" \/>\n<meta property=\"og:locale\" content=\"de_DE\" \/>\n<meta property=\"og:type\" content=\"article\" \/>\n<meta property=\"og:title\" content=\"Geschichte - Original Photo Paper by FUJIFILM\" \/>\n<meta property=\"og:url\" content=\"https:\/\/www.originalphotopaper.com\/de\/history\/\" \/>\n<meta property=\"og:site_name\" content=\"Original Photo Paper by FUJIFILM\" \/>\n<meta property=\"article:modified_time\" content=\"2025-07-14T13:45:03+00:00\" \/>\n<meta name=\"twitter:card\" content=\"summary_large_image\" \/>\n<script type=\"application\/ld+json\" class=\"yoast-schema-graph\">{\"@context\":\"https:\/\/schema.org\",\"@graph\":[{\"@type\":\"WebPage\",\"@id\":\"https:\/\/www.originalphotopaper.com\/de\/history\/\",\"url\":\"https:\/\/www.originalphotopaper.com\/de\/history\/\",\"name\":\"Geschichte - Original Photo Paper by FUJIFILM\",\"isPartOf\":{\"@id\":\"https:\/\/www.originalphotopaper.com\/de\/#website\"},\"datePublished\":\"2023-05-03T08:42:28+00:00\",\"dateModified\":\"2025-07-14T13:45:03+00:00\",\"breadcrumb\":{\"@id\":\"https:\/\/www.originalphotopaper.com\/de\/history\/#breadcrumb\"},\"inLanguage\":\"de-DE\",\"potentialAction\":[{\"@type\":\"ReadAction\",\"target\":[\"https:\/\/www.originalphotopaper.com\/de\/history\/\"]}]},{\"@type\":\"BreadcrumbList\",\"@id\":\"https:\/\/www.originalphotopaper.com\/de\/history\/#breadcrumb\",\"itemListElement\":[{\"@type\":\"ListItem\",\"position\":1,\"name\":\"Heim\",\"item\":\"https:\/\/www.originalphotopaper.com\/de\/\"},{\"@type\":\"ListItem\",\"position\":2,\"name\":\"History\"}]},{\"@type\":\"WebSite\",\"@id\":\"https:\/\/www.originalphotopaper.com\/de\/#website\",\"url\":\"https:\/\/www.originalphotopaper.com\/de\/\",\"name\":\"Original Photo Paper by FUJIFILM\",\"description\":\"DISCOVER FUJIFILM ORIGINAL PHOTOGRAPHIC PAPERS\",\"potentialAction\":[{\"@type\":\"SearchAction\",\"target\":{\"@type\":\"EntryPoint\",\"urlTemplate\":\"https:\/\/www.originalphotopaper.com\/de\/?s={search_term_string}\"},\"query-input\":{\"@type\":\"PropertyValueSpecification\",\"valueRequired\":true,\"valueName\":\"search_term_string\"}}],\"inLanguage\":\"de-DE\"}]}<\/script>\n<!-- \/ Yoast SEO plugin. -->","yoast_head_json":{"title":"Geschichte - Original Photo Paper by FUJIFILM","robots":{"index":"index","follow":"follow","max-snippet":"max-snippet:-1","max-image-preview":"max-image-preview:large","max-video-preview":"max-video-preview:-1"},"canonical":"https:\/\/www.originalphotopaper.com\/de\/history\/","og_locale":"de_DE","og_type":"article","og_title":"Geschichte - Original Photo Paper by FUJIFILM","og_url":"https:\/\/www.originalphotopaper.com\/de\/history\/","og_site_name":"Original Photo Paper by FUJIFILM","article_modified_time":"2025-07-14T13:45:03+00:00","twitter_card":"summary_large_image","schema":{"@context":"https:\/\/schema.org","@graph":[{"@type":"WebPage","@id":"https:\/\/www.originalphotopaper.com\/de\/history\/","url":"https:\/\/www.originalphotopaper.com\/de\/history\/","name":"Geschichte - Original Photo Paper by FUJIFILM","isPartOf":{"@id":"https:\/\/www.originalphotopaper.com\/de\/#website"},"datePublished":"2023-05-03T08:42:28+00:00","dateModified":"2025-07-14T13:45:03+00:00","breadcrumb":{"@id":"https:\/\/www.originalphotopaper.com\/de\/history\/#breadcrumb"},"inLanguage":"de-DE","potentialAction":[{"@type":"ReadAction","target":["https:\/\/www.originalphotopaper.com\/de\/history\/"]}]},{"@type":"BreadcrumbList","@id":"https:\/\/www.originalphotopaper.com\/de\/history\/#breadcrumb","itemListElement":[{"@type":"ListItem","position":1,"name":"Heim","item":"https:\/\/www.originalphotopaper.com\/de\/"},{"@type":"ListItem","position":2,"name":"History"}]},{"@type":"WebSite","@id":"https:\/\/www.originalphotopaper.com\/de\/#website","url":"https:\/\/www.originalphotopaper.com\/de\/","name":"Original Photo Paper by FUJIFILM","description":"DISCOVER FUJIFILM ORIGINAL PHOTOGRAPHIC PAPERS","potentialAction":[{"@type":"SearchAction","target":{"@type":"EntryPoint","urlTemplate":"https:\/\/www.originalphotopaper.com\/de\/?s={search_term_string}"},"query-input":{"@type":"PropertyValueSpecification","valueRequired":true,"valueName":"search_term_string"}}],"inLanguage":"de-DE"}]}},"_links":{"self":[{"href":"https:\/\/www.originalphotopaper.com\/de\/wp-json\/wp\/v2\/pages\/10000","targetHints":{"allow":["GET"]}}],"collection":[{"href":"https:\/\/www.originalphotopaper.com\/de\/wp-json\/wp\/v2\/pages"}],"about":[{"href":"https:\/\/www.originalphotopaper.com\/de\/wp-json\/wp\/v2\/types\/page"}],"author":[{"embeddable":true,"href":"https:\/\/www.originalphotopaper.com\/de\/wp-json\/wp\/v2\/users\/1"}],"replies":[{"embeddable":true,"href":"https:\/\/www.originalphotopaper.com\/de\/wp-json\/wp\/v2\/comments?post=10000"}],"version-history":[{"count":0,"href":"https:\/\/www.originalphotopaper.com\/de\/wp-json\/wp\/v2\/pages\/10000\/revisions"}],"wp:attachment":[{"href":"https:\/\/www.originalphotopaper.com\/de\/wp-json\/wp\/v2\/media?parent=10000"}],"curies":[{"name":"wp","href":"https:\/\/api.w.org\/{rel}","templated":true}]}}