{"id":10033,"date":"2023-04-04T09:28:16","date_gmt":"2023-04-04T09:28:16","guid":{"rendered":"https:\/\/www.originalphotopaper.com\/contact-us\/"},"modified":"2025-07-02T16:33:47","modified_gmt":"2025-07-02T16:33:47","slug":"contact-us","status":"publish","type":"page","link":"https:\/\/www.originalphotopaper.com\/de\/contact-us\/","title":{"rendered":"Kontakt"},"content":{"rendered":"<section class=\"page-title \">\n\t<div class=\"container container--reduced-padding page-title__content\">\n\t\t\t\t\t<h1 class=\"page-title__title\">Nehmen Sie Kontakt auf<\/h1>\n\t\t\t\t\t\t\t<p><p>Fujifilm l\u00e4sst sich immer wieder von den weltweit besten Fotografen inspirieren. Dabei geht es um lebendige Farben, Kontrast, helles Wei\u00df, tiefes Schwarz, Bildsch\u00e4rfe und das Erscheinungsbild unserer Papiere. Wir bringen uns gegenseitig auf ein h\u00f6heres Niveau.<br \/>\nHaben Sie Vorschl\u00e4ge, Anmerkungen oder Fragen zum Fotopapier von Fujifilm? Bitte schicken Sie uns dann eine E-Mail. Wir nehmen Kontakt mit Ihnen auf.<\/p>\n<p>Sind Sie ein Fotolabor? Interessieren Sie sich f\u00fcr unser Fotopapier? Z\u00f6gern Sie nicht und setzen Sie sich einfach mit uns in Verbindung. Gern erl\u00e4utern und zeigen wir Ihnen, wie die Kombination unseres einzigartigen Fotopapiers mit unseren Chemikalien unverwechselbare Produkte gew\u00e4hrleistet. Wir bieten Ihnen ferner Zugriff auf unsere Tools und Marketingressourcen, die Ihnen helfen, die Geschichte von Fotopapier zu erz\u00e4hlen. Gemeinsam entsprechen wir h\u00f6chsten Anforderungen.<\/p>\n<\/p>\n\t\t\t\t\t<\/div>\n\t<\/section>\n\n\n<section class=\"contact-form\">\n\t<div class=\"container\">\n\t\t<div class=\"contact-form__wrapper\">\n\t\t\t\t\t\t\t\t\t\t\t\t<h3 class=\"u-text-center\">Gemeinsam streben wir nach dem Besten<\/h3>\n\t\t\t\t\t\t\t\t\t\t\t\t\t<p class=\"u-text-center\">Unser Team freut sich auf Ihre Kontaktaufnahme<\/p>\n\t\t\t\t\t\t\t\n\t\t\t\t\t\t\t<script type=\"text\/javascript\">\n\/* <![CDATA[ *\/\nvar gform;gform||(document.addEventListener(\"gform_main_scripts_loaded\",function(){gform.scriptsLoaded=!0}),document.addEventListener(\"gform\/theme\/scripts_loaded\",function(){gform.themeScriptsLoaded=!0}),window.addEventListener(\"DOMContentLoaded\",function(){gform.domLoaded=!0}),gform={domLoaded:!1,scriptsLoaded:!1,themeScriptsLoaded:!1,isFormEditor:()=>\"function\"==typeof InitializeEditor,callIfLoaded:function(o){return!(!gform.domLoaded||!gform.scriptsLoaded||!gform.themeScriptsLoaded&&!gform.isFormEditor()||(gform.isFormEditor()&&console.warn(\"The use of gform.initializeOnLoaded() is deprecated in the form editor context and will be removed in Gravity Forms 3.1.\"),o(),0))},initializeOnLoaded:function(o){gform.callIfLoaded(o)||(document.addEventListener(\"gform_main_scripts_loaded\",()=>{gform.scriptsLoaded=!0,gform.callIfLoaded(o)}),document.addEventListener(\"gform\/theme\/scripts_loaded\",()=>{gform.themeScriptsLoaded=!0,gform.callIfLoaded(o)}),window.addEventListener(\"DOMContentLoaded\",()=>{gform.domLoaded=!0,gform.callIfLoaded(o)}))},hooks:{action:{},filter:{}},addAction:function(o,r,e,t){gform.addHook(\"action\",o,r,e,t)},addFilter:function(o,r,e,t){gform.addHook(\"filter\",o,r,e,t)},doAction:function(o){gform.doHook(\"action\",o,arguments)},applyFilters:function(o){return gform.doHook(\"filter\",o,arguments)},removeAction:function(o,r){gform.removeHook(\"action\",o,r)},removeFilter:function(o,r,e){gform.removeHook(\"filter\",o,r,e)},addHook:function(o,r,e,t,n){null==gform.hooks[o][r]&&(gform.hooks[o][r]=[]);var d=gform.hooks[o][r];null==n&&(n=r+\"_\"+d.length),gform.hooks[o][r].push({tag:n,callable:e,priority:t=null==t?10:t})},doHook:function(r,o,e){var t;if(e=Array.prototype.slice.call(e,1),null!=gform.hooks[r][o]&&((o=gform.hooks[r][o]).sort(function(o,r){return o.priority-r.priority}),o.forEach(function(o){\"function\"!=typeof(t=o.callable)&&(t=window[t]),\"action\"==r?t.apply(null,e):e[0]=t.apply(null,e)})),\"filter\"==r)return e[0]},removeHook:function(o,r,t,n){var e;null!=gform.hooks[o][r]&&(e=(e=gform.hooks[o][r]).filter(function(o,r,e){return!!(null!=n&&n!=o.tag||null!=t&&t!=o.priority)}),gform.hooks[o][r]=e)}});\n\/* ]]> *\/\n<\/script>\n\n                <div class='gf_browser_gecko gform_wrapper gravity-theme gform-theme--no-framework' data-form-theme='gravity-theme' data-form-index='0' id='gform_wrapper_2' ><div id='gf_2' class='gform_anchor' tabindex='-1'><\/div><form method='post' enctype='multipart\/form-data' target='gform_ajax_frame_2' id='gform_2'  action='\/de\/wp-json\/wp\/v2\/pages\/10033#gf_2' data-formid='2' novalidate>\n                        <div class='gform-body gform_body'><div id='gform_fields_2' class='gform_fields top_label form_sublabel_below description_below validation_below'><div id=\"field_2_9\" class=\"gfield gfield--type-honeypot gform_validation_container field_sublabel_below gfield--has-description field_description_below field_validation_below gfield_visibility_visible\"  ><label class='gfield_label gform-field-label' for='input_2_9'>Instagram<\/label><div class='ginput_container'><input name='input_9' id='input_2_9' type='text' value='' autocomplete='new-password'\/><\/div><div class='gfield_description' id='gfield_description_2_9'>This field is for validation purposes and should be left unchanged.<\/div><\/div><div id=\"field_2_1\" class=\"gfield gfield--type-text gfield--input-type-text text_wrapper size_large gfield_contains_required field_sublabel_below gfield--no-description field_description_below field_validation_below gfield_visibility_visible\"  ><label class='gfield_label gform-field-label' for='input_2_1'>First name<span class=\"gfield_required\"><span class=\"gfield_required gfield_required_text\">(Required)<\/span><\/span><\/label><div class='ginput_container ginput_container_text'><input name='input_1' id='input_2_1' type='text' value='' class='large'     aria-required=\"true\" aria-invalid=\"false\"   \/><\/div><\/div><div id=\"field_2_3\" class=\"gfield gfield--type-text gfield--input-type-text gfield--width-full text_wrapper size_large gfield_contains_required field_sublabel_below gfield--no-description field_description_below field_validation_below gfield_visibility_visible\"  ><label class='gfield_label gform-field-label' for='input_2_3'>Last name<span class=\"gfield_required\"><span class=\"gfield_required gfield_required_text\">(Required)<\/span><\/span><\/label><div class='ginput_container ginput_container_text'><input name='input_3' id='input_2_3' type='text' value='' class='large'     aria-required=\"true\" aria-invalid=\"false\"   \/><\/div><\/div><div id=\"field_2_4\" class=\"gfield gfield--type-email gfield--input-type-email gfield--width-full email_wrapper size_large gfield_contains_required field_sublabel_below gfield--no-description field_description_below field_validation_below gfield_visibility_visible\"  ><label class='gfield_label gform-field-label' for='input_2_4'>Email<span class=\"gfield_required\"><span class=\"gfield_required gfield_required_text\">(Required)<\/span><\/span><\/label><div class='ginput_container ginput_container_email'>\n                            <input name='input_4' id='input_2_4' type='email' value='' class='large'    aria-required=\"true\" aria-invalid=\"false\"  \/>\n                        <\/div><\/div><div id=\"field_2_5\" class=\"gfield gfield--type-textarea gfield--input-type-textarea gfield--width-full textarea_wrapper size_large gfield_contains_required field_sublabel_below gfield--no-description field_description_below field_validation_below gfield_visibility_visible\"  ><label class='gfield_label gform-field-label' for='input_2_5'>Message<span class=\"gfield_required\"><span class=\"gfield_required gfield_required_text\">(Required)<\/span><\/span><\/label><div class='ginput_container ginput_container_textarea'><textarea name='input_5' id='input_2_5' class='textarea large'   maxlength='250'  aria-required=\"true\" aria-invalid=\"false\"   rows='10' cols='50'><\/textarea><\/div><\/div><div id=\"field_2_6\" class=\"gfield gfield--type-fileupload gfield--input-type-fileupload gfield--width-full fileupload_wrapper size_large field_sublabel_below gfield--no-description field_description_below field_validation_below gfield_visibility_visible\"  ><label class='gfield_label gform-field-label' for='input_2_6'>Attach a file<\/label><div class='ginput_container ginput_container_fileupload'><input type='hidden' name='MAX_FILE_SIZE' value='52428800' \/><input name='input_6' id='input_2_6' type='file' class='large' aria-describedby=\"gfield_upload_rules_2_6\" onchange='javascript:gformValidateFileSize( this, 52428800 );'  \/><span class='gfield_description gform_fileupload_rules' id='gfield_upload_rules_2_6'>Max. file size: 50 MB.<\/span><div class='gfield_description validation_message gfield_validation_message validation_message--hidden-on-empty' id='live_validation_message_2_6'><\/div> <\/div><\/div><fieldset id=\"field_2_7\" class=\"gfield gfield--type-consent gfield--type-choice gfield--input-type-consent gfield--width-full consent_wrapper size_large gfield_contains_required field_sublabel_below gfield--no-description field_description_below hidden_label field_validation_below gfield_visibility_visible\"  ><legend class='gfield_label gform-field-label gfield_label_before_complex' >Consent<span class=\"gfield_required\"><span class=\"gfield_required gfield_required_text\">(Required)<\/span><\/span><\/legend><div class='ginput_container ginput_container_consent'><input name='input_7.1' id='input_2_7_1' type='checkbox' value='1'   aria-required=\"true\" aria-invalid=\"false\"   \/> <label class=\"gform-field-label gform-field-label--type-inline gfield_consent_label\" for='input_2_7_1' >I agree to the privacy policy.<span class=\"gfield_required gfield_required_text\">(Required)<\/span><\/label><input type='hidden' name='input_7.2' value='I agree to the privacy policy.' class='gform_hidden' \/><input type='hidden' name='input_7.3' value='1' class='gform_hidden' \/><\/div><\/fieldset><div id=\"field_2_8\" class=\"gfield gfield--type-captcha gfield--input-type-captcha gfield--width-full captcha_wrapper size_large field_sublabel_below gfield--no-description field_description_below field_validation_below gfield_visibility_visible\"  ><label class='gfield_label gform-field-label screen-reader-text' for='input_2_8'><\/label><div id='input_2_8' class='ginput_container ginput_recaptcha' data-sitekey='6Lebd_QqAAAAAK0-5GFRLHDTkY3S3RJtO0dm-c79'  data-theme='light' data-tabindex='-1' data-size='invisible' data-badge='bottomright'><\/div><\/div><\/div><\/div>\n        <div class='gform-footer gform_footer top_label'> <button type='submit' id='gform_submit_button_2' class='gform_button button' onclick='gform.submission.handleButtonClick(this);' data-submission-type='submit' value='Send message'  >Send message<\/button> <input type='hidden' name='gform_ajax' value='form_id=2&amp;title=&amp;description=&amp;tabindex=0&amp;theme=gravity-theme&amp;styles=[]&amp;hash=6c7de3435ba95f7e2867a17aaf70a219' \/>\n            <input type='hidden' class='gform_hidden' name='gform_submission_method' data-js='gform_submission_method_2' value='iframe' \/>\n            <input type='hidden' class='gform_hidden' name='gform_theme' data-js='gform_theme_2' id='gform_theme_2' value='gravity-theme' \/>\n            <input type='hidden' class='gform_hidden' name='gform_style_settings' data-js='gform_style_settings_2' id='gform_style_settings_2' value='[]' \/>\n            <input type='hidden' class='gform_hidden' name='is_submit_2' value='1' \/>\n            <input type='hidden' class='gform_hidden' name='gform_submit' value='2' \/>\n            \n            <input type='hidden' class='gform_hidden' name='gform_currency' data-currency='GBP' value='1kxutkAHujtrJfGp1YxrUHIOLjdgFFwt0TEvY0tGvSsljXfilS7leZLTJHsPZzVOqoGllDRfjO6SE4RE8LUygaU7hBIcQjR\/JD3MhKH6v17ItR0=' \/>\n            <input type='hidden' class='gform_hidden' name='gform_unique_id' value='' \/>\n            <input type='hidden' class='gform_hidden' name='state_2' value='WyJ7XCI3LjFcIjpcImJhMjBhYjRjZjI0YjMwOGUyZTI4NGU0MTI1ZjM4OWQyXCIsXCI3LjJcIjpcIjk0Mjg4Mjk4YjU3ODVkNDg4ZTgzNDEwYjU4NDA1Y2E1XCIsXCI3LjNcIjpcImJhMjBhYjRjZjI0YjMwOGUyZTI4NGU0MTI1ZjM4OWQyXCJ9IiwiNGZlZjA0YjRkYWY2ZjhlNDYyMWM5ZjU4MjIzNWU1NjciXQ==' \/>\n            <input type='hidden' autocomplete='off' class='gform_hidden' name='gform_target_page_number_2' id='gform_target_page_number_2' value='0' \/>\n            <input type='hidden' autocomplete='off' class='gform_hidden' name='gform_source_page_number_2' id='gform_source_page_number_2' value='1' \/>\n            <input type='hidden' name='gform_field_values' value='' \/>\n            \n        <\/div>\n                        <\/form>\n                        <\/div>\n\t\t                <iframe style='display:none;width:0px;height:0px;' src='about:blank' name='gform_ajax_frame_2' id='gform_ajax_frame_2' title='This iframe contains the logic required to handle Ajax powered Gravity Forms.'><\/iframe>\n\t\t                <script type=\"text\/javascript\">\n\/* <![CDATA[ *\/\n gform.initializeOnLoaded( function() {gformInitSpinner( 2, 'https:\/\/www.originalphotopaper.com\/wp-content\/plugins\/gravityforms\/images\/spinner.svg', true );jQuery('#gform_ajax_frame_2').on('load',function(){var contents = jQuery(this).contents().find('*').html();var is_postback = contents.indexOf('GF_AJAX_POSTBACK') >= 0;if(!is_postback){return;}var form_content = jQuery(this).contents().find('#gform_wrapper_2');var is_confirmation = jQuery(this).contents().find('#gform_confirmation_wrapper_2').length > 0;var is_redirect = contents.indexOf('gformRedirect(){') >= 0;var is_form = form_content.length > 0 && ! is_redirect && ! is_confirmation;var mt = parseInt(jQuery('html').css('margin-top'), 10) + parseInt(jQuery('body').css('margin-top'), 10) + 100;if(is_form){jQuery('#gform_wrapper_2').html(form_content.html());if(form_content.hasClass('gform_validation_error')){jQuery('#gform_wrapper_2').addClass('gform_validation_error');} else {jQuery('#gform_wrapper_2').removeClass('gform_validation_error');}setTimeout( function() { \/* delay the scroll by 50 milliseconds to fix a bug in chrome *\/ jQuery(document).scrollTop(jQuery('#gform_wrapper_2').offset().top - mt); }, 50 );if(window['gformInitDatepicker']) {gformInitDatepicker();}if(window['gformInitPriceFields']) {gformInitPriceFields();}var current_page = jQuery('#gform_source_page_number_2').val();gformInitSpinner( 2, 'https:\/\/www.originalphotopaper.com\/wp-content\/plugins\/gravityforms\/images\/spinner.svg', true );jQuery(document).trigger('gform_page_loaded', [2, current_page]);window['gf_submitting_2'] = false;}else if(!is_redirect){var confirmation_content = jQuery(this).contents().find('.GF_AJAX_POSTBACK').html();if(!confirmation_content){confirmation_content = contents;}jQuery('#gform_wrapper_2').replaceWith(confirmation_content);jQuery(document).scrollTop(jQuery('#gf_2').offset().top - mt);jQuery(document).trigger('gform_confirmation_loaded', [2]);window['gf_submitting_2'] = false;wp.a11y.speak(jQuery('#gform_confirmation_message_2').text());}else{jQuery('#gform_2').append(contents);if(window['gformRedirect']) {gformRedirect();}}jQuery(document).trigger(\"gform_pre_post_render\", [{ formId: \"2\", currentPage: \"current_page\", abort: function() { this.preventDefault(); } }]);        if (event && event.defaultPrevented) {                return;        }        const gformWrapperDiv = document.getElementById( \"gform_wrapper_2\" );        if ( gformWrapperDiv ) {            const visibilitySpan = document.createElement( \"span\" );            visibilitySpan.id = \"gform_visibility_test_2\";            gformWrapperDiv.insertAdjacentElement( \"afterend\", visibilitySpan );        }        const visibilityTestDiv = document.getElementById( \"gform_visibility_test_2\" );        let postRenderFired = false;        function triggerPostRender() {            if ( postRenderFired ) {                return;            }            postRenderFired = true;            gform.core.triggerPostRenderEvents( 2, current_page );            if ( visibilityTestDiv ) {                visibilityTestDiv.parentNode.removeChild( visibilityTestDiv );            }        }        function debounce( func, wait, immediate ) {            var timeout;            return function() {                var context = this, args = arguments;                var later = function() {                    timeout = null;                    if ( !immediate ) func.apply( context, args );                };                var callNow = immediate && !timeout;                clearTimeout( timeout );                timeout = setTimeout( later, wait );                if ( callNow ) func.apply( context, args );            };        }        const debouncedTriggerPostRender = debounce( function() {            triggerPostRender();        }, 200 );        if ( visibilityTestDiv && visibilityTestDiv.offsetParent === null ) {            const observer = new MutationObserver( ( mutations ) => {                mutations.forEach( ( mutation ) => {                    if ( mutation.type === 'attributes' && visibilityTestDiv.offsetParent !== null ) {                        debouncedTriggerPostRender();                        observer.disconnect();                    }                });            });            observer.observe( document.body, {                attributes: true,                childList: false,                subtree: true,                attributeFilter: [ 'style', 'class' ],            });        } else {            triggerPostRender();        }    } );} ); \n\/* ]]> *\/\n<\/script>\n\n\t\t\t\t\t<\/div>\n\t<\/div>\n<\/section>\n\n\n\t\n<section  class=\"image-side-by-side\">\n\t<div class=\"container\">\n\n\t\t\n\t\t\t\t\n\t\t<div class=\"glide image-side-by-side__slider\" data-ref=\"side-by-side-slider\" data-items=\"2\">\n\t\t\t\n\t\t\t<div class=\"glide__track\" data-glide-el=\"track\">\n\t\t\t\t\n\t\t\t\t<ul class=\"glide__slides\">\n\t\t\t\t\n\t\t\t\t\t\t\t\t\t<li class=\"slide\">\n\t\t\t\t\t\t\t\t\t\t\t\t\t\t\t\t\t\t\t\t\t\t\t\t\t<div class=\"image-side-by-side__item\">\n\t\t\t\t\t\t\t<a\n\t\t\t\t\t\t\t\thref=\"\/faqs\" >\n\t\t\t\t\t\t\t\t\t\t\t\t\t\t\t\t\t\t\t\t\t\t\t\t\t\n\n\n<div class=\"text-hero u-bg--earthBlack u-text-center\">\n\t\t<div class=\"text-hero__bg\">\n\t\t\t\t\t<h2 class=\"text-hero__main-title\" style=\"background-image: url('https:\/\/fujihalide-live.s3.eu-west-1.amazonaws.com\/wp-content\/uploads\/2023\/04\/27155417\/texture-Foil.jpg');\">\n\t\t\t\tFAQs\n\t\t\t<\/h2>\n\t\t\t\t\t<\/div>\n\t<\/div>\n\t\t\t\t\t\t\t\t\t\t\t\t\t\t\t\t<div class=\"image-side-by-side__content\">\n\t\t\t\t\t\t\t\t\t\t\t\t\t\t\t\t\t\t\t<h4>H\u00e4ufig gestellte Fragen<\/h4>\n\t\t\t\t\t\t\t\t\t\t\t\t\t\t\t\t\t\t\t\t\t\t\t\t\t\t\t\t\t\t\t\t\t\t\t\t\t\t\t\t\t\t\t\t\t\t\t\t\t\t\t\t\t<\/div>\n\t\t\t\t\t\t\t<\/a>\n\t\t\t\t\t\t<\/div>\n\t\t\t\t\t<\/li>\n\t\t\t\t\t\t\t\t\t<li class=\"slide\">\n\t\t\t\t\t\t\t\t\t\t\t\t\t\t\t\t\t\t\t\t\t\t\t\t\t<div class=\"image-side-by-side__item\">\n\t\t\t\t\t\t\t<a\n\t\t\t\t\t\t\t\thref=\"\/find-a-lab\" >\n\t\t\t\t\t\t\t\t\t\t\t\t\t\t\t\t\t\t\t\t\t\t\t\t\t\n\n\n<div class=\"text-hero u-bg--earthBlack u-text-center\">\n\t\t<div class=\"text-hero__bg\">\n\t\t\t\t\t<h2 class=\"text-hero__main-title\" style=\"background-image: url('https:\/\/fujihalide-live.s3.eu-west-1.amazonaws.com\/wp-content\/uploads\/2023\/04\/27155422\/texture-Green-Leaf.jpg');\">\n\t\t\t\tFinden Sie ein Labor\n\t\t\t<\/h2>\n\t\t\t\t\t<\/div>\n\t<\/div>\n\t\t\t\t\t\t\t\t\t\t\t\t\t\t\t\t<div class=\"image-side-by-side__content\">\n\t\t\t\t\t\t\t\t\t\t\t\t\t\t\t\t\t\t\t<h4>Wir haben Labore auf der ganzen Welt<\/h4>\n\t\t\t\t\t\t\t\t\t\t\t\t\t\t\t\t\t\t\t\t\t\t\t\t\t\t\t\t\t\t\t\t\t\t\t\t\t\t\t\t\t\t\t\t\t\t\t\t\t\t\t\t\t<\/div>\n\t\t\t\t\t\t\t<\/a>\n\t\t\t\t\t\t<\/div>\n\t\t\t\t\t<\/li>\n\t\t\t\t\n\t\t\t\t<\/ul>\n\n\t\t\t<\/div>\n\n\t\t\t<div class=\"slider__arrows slider__arrows--desktop-hidden\" data-glide-el=\"controls\">\n\t\t\t\t<button class=\"slider__arrow slider__arrow--left\" data-glide-dir=\"&lt;\"><svg width=\"48\" height=\"48\" fill=\"none\" xmlns=\"http:\/\/www.w3.org\/2000\/svg\"><rect width=\"48\" height=\"48\" rx=\"24\" fill=\"#fff\" fill-opacity=\".9\"\/><path d=\"M12.94 25.06a1.5 1.5 0 0 1 0-2.12l9.545-9.547a1.5 1.5 0 1 1 2.122 2.122L16.12 24l8.486 8.485a1.5 1.5 0 1 1-2.122 2.122L12.94 25.06zM34 25.5H14v-3h20v3z\" fill=\"#001A15\"\/><\/svg><\/button>\n\t\t\t\t<button class=\"slider__arrow slider__arrow--right\" data-glide-dir=\"&gt;\"><svg width=\"48\" height=\"48\" fill=\"none\" xmlns=\"http:\/\/www.w3.org\/2000\/svg\"><rect width=\"48\" height=\"48\" rx=\"24\" fill=\"#fff\" fill-opacity=\".9\"\/><path d=\"M35.06 25.06a1.5 1.5 0 0 0 0-2.12l-9.545-9.547a1.5 1.5 0 1 0-2.122 2.122L31.88 24l-8.486 8.485a1.5 1.5 0 1 0 2.122 2.122l9.546-9.546zM14 25.5h20v-3H14v3z\" fill=\"#001A15\"\/><\/svg><\/button>\n\t\t\t<\/div>\n\n\t\t<\/div>\n\n\t<\/div>\n<\/section>\n","protected":false},"excerpt":{"rendered":"","protected":false},"author":1,"featured_media":0,"parent":0,"menu_order":0,"comment_status":"closed","ping_status":"closed","template":"","meta":{"_acf_changed":true,"footnotes":""},"class_list":["post-10033","page","type-page","status-publish","hentry"],"acf":[],"yoast_head":"<!-- This site is optimized with the Yoast SEO plugin v27.1.1 - https:\/\/yoast.com\/product\/yoast-seo-wordpress\/ -->\n<title>Kontakt - Original Photo Paper by FUJIFILM<\/title>\n<meta name=\"robots\" content=\"index, follow, max-snippet:-1, max-image-preview:large, max-video-preview:-1\" \/>\n<link rel=\"canonical\" href=\"https:\/\/www.originalphotopaper.com\/de\/contact-us\/\" \/>\n<meta property=\"og:locale\" content=\"de_DE\" \/>\n<meta property=\"og:type\" content=\"article\" \/>\n<meta property=\"og:title\" content=\"Kontakt - Original Photo Paper by FUJIFILM\" \/>\n<meta property=\"og:url\" content=\"https:\/\/www.originalphotopaper.com\/de\/contact-us\/\" \/>\n<meta property=\"og:site_name\" content=\"Original Photo Paper by FUJIFILM\" \/>\n<meta property=\"article:modified_time\" content=\"2025-07-02T16:33:47+00:00\" \/>\n<meta name=\"twitter:card\" content=\"summary_large_image\" \/>\n<script type=\"application\/ld+json\" class=\"yoast-schema-graph\">{\"@context\":\"https:\/\/schema.org\",\"@graph\":[{\"@type\":\"WebPage\",\"@id\":\"https:\/\/www.originalphotopaper.com\/de\/contact-us\/\",\"url\":\"https:\/\/www.originalphotopaper.com\/de\/contact-us\/\",\"name\":\"Kontakt - Original Photo Paper by FUJIFILM\",\"isPartOf\":{\"@id\":\"https:\/\/www.originalphotopaper.com\/de\/#website\"},\"datePublished\":\"2023-04-04T09:28:16+00:00\",\"dateModified\":\"2025-07-02T16:33:47+00:00\",\"breadcrumb\":{\"@id\":\"https:\/\/www.originalphotopaper.com\/de\/contact-us\/#breadcrumb\"},\"inLanguage\":\"de-DE\",\"potentialAction\":[{\"@type\":\"ReadAction\",\"target\":[\"https:\/\/www.originalphotopaper.com\/de\/contact-us\/\"]}]},{\"@type\":\"BreadcrumbList\",\"@id\":\"https:\/\/www.originalphotopaper.com\/de\/contact-us\/#breadcrumb\",\"itemListElement\":[{\"@type\":\"ListItem\",\"position\":1,\"name\":\"Heim\",\"item\":\"https:\/\/www.originalphotopaper.com\/de\/\"},{\"@type\":\"ListItem\",\"position\":2,\"name\":\"Contact Us\"}]},{\"@type\":\"WebSite\",\"@id\":\"https:\/\/www.originalphotopaper.com\/de\/#website\",\"url\":\"https:\/\/www.originalphotopaper.com\/de\/\",\"name\":\"Original Photo Paper by FUJIFILM\",\"description\":\"DISCOVER FUJIFILM ORIGINAL PHOTOGRAPHIC PAPERS\",\"potentialAction\":[{\"@type\":\"SearchAction\",\"target\":{\"@type\":\"EntryPoint\",\"urlTemplate\":\"https:\/\/www.originalphotopaper.com\/de\/?s={search_term_string}\"},\"query-input\":{\"@type\":\"PropertyValueSpecification\",\"valueRequired\":true,\"valueName\":\"search_term_string\"}}],\"inLanguage\":\"de-DE\"}]}<\/script>\n<!-- \/ Yoast SEO plugin. -->","yoast_head_json":{"title":"Kontakt - Original Photo Paper by FUJIFILM","robots":{"index":"index","follow":"follow","max-snippet":"max-snippet:-1","max-image-preview":"max-image-preview:large","max-video-preview":"max-video-preview:-1"},"canonical":"https:\/\/www.originalphotopaper.com\/de\/contact-us\/","og_locale":"de_DE","og_type":"article","og_title":"Kontakt - Original Photo Paper by FUJIFILM","og_url":"https:\/\/www.originalphotopaper.com\/de\/contact-us\/","og_site_name":"Original Photo Paper by FUJIFILM","article_modified_time":"2025-07-02T16:33:47+00:00","twitter_card":"summary_large_image","schema":{"@context":"https:\/\/schema.org","@graph":[{"@type":"WebPage","@id":"https:\/\/www.originalphotopaper.com\/de\/contact-us\/","url":"https:\/\/www.originalphotopaper.com\/de\/contact-us\/","name":"Kontakt - Original Photo Paper by FUJIFILM","isPartOf":{"@id":"https:\/\/www.originalphotopaper.com\/de\/#website"},"datePublished":"2023-04-04T09:28:16+00:00","dateModified":"2025-07-02T16:33:47+00:00","breadcrumb":{"@id":"https:\/\/www.originalphotopaper.com\/de\/contact-us\/#breadcrumb"},"inLanguage":"de-DE","potentialAction":[{"@type":"ReadAction","target":["https:\/\/www.originalphotopaper.com\/de\/contact-us\/"]}]},{"@type":"BreadcrumbList","@id":"https:\/\/www.originalphotopaper.com\/de\/contact-us\/#breadcrumb","itemListElement":[{"@type":"ListItem","position":1,"name":"Heim","item":"https:\/\/www.originalphotopaper.com\/de\/"},{"@type":"ListItem","position":2,"name":"Contact Us"}]},{"@type":"WebSite","@id":"https:\/\/www.originalphotopaper.com\/de\/#website","url":"https:\/\/www.originalphotopaper.com\/de\/","name":"Original Photo Paper by FUJIFILM","description":"DISCOVER FUJIFILM ORIGINAL PHOTOGRAPHIC PAPERS","potentialAction":[{"@type":"SearchAction","target":{"@type":"EntryPoint","urlTemplate":"https:\/\/www.originalphotopaper.com\/de\/?s={search_term_string}"},"query-input":{"@type":"PropertyValueSpecification","valueRequired":true,"valueName":"search_term_string"}}],"inLanguage":"de-DE"}]}},"_links":{"self":[{"href":"https:\/\/www.originalphotopaper.com\/de\/wp-json\/wp\/v2\/pages\/10033","targetHints":{"allow":["GET"]}}],"collection":[{"href":"https:\/\/www.originalphotopaper.com\/de\/wp-json\/wp\/v2\/pages"}],"about":[{"href":"https:\/\/www.originalphotopaper.com\/de\/wp-json\/wp\/v2\/types\/page"}],"author":[{"embeddable":true,"href":"https:\/\/www.originalphotopaper.com\/de\/wp-json\/wp\/v2\/users\/1"}],"replies":[{"embeddable":true,"href":"https:\/\/www.originalphotopaper.com\/de\/wp-json\/wp\/v2\/comments?post=10033"}],"version-history":[{"count":0,"href":"https:\/\/www.originalphotopaper.com\/de\/wp-json\/wp\/v2\/pages\/10033\/revisions"}],"wp:attachment":[{"href":"https:\/\/www.originalphotopaper.com\/de\/wp-json\/wp\/v2\/media?parent=10033"}],"curies":[{"name":"wp","href":"https:\/\/api.w.org\/{rel}","templated":true}]}}