{"id":10049,"date":"2023-03-30T09:01:21","date_gmt":"2023-03-30T09:01:21","guid":{"rendered":"https:\/\/www.originalphotopaper.com\/faqs\/"},"modified":"2025-05-27T12:06:53","modified_gmt":"2025-05-27T12:06:53","slug":"faqs","status":"publish","type":"page","link":"https:\/\/www.originalphotopaper.com\/de\/faqs\/","title":{"rendered":"H\u00e4ufig Gestellte Fragen"},"content":{"rendered":"<section class=\"page-title \">\n\t<div class=\"container container--reduced-padding page-title__content\">\n\t\t\t\t\t<h1 class=\"page-title__title\">Wie k\u00f6nnen wir ihnen heute helfen?<\/h1>\n\t\t\t\t\t\t\t<\/div>\n\t<\/section>\n\n\n<div class=\"container container--small\">\n\t<div class=\"accordion\">\n\t\t\t\t\t<div class=\"accordion__section\">\n\t\t\t\t<h2 class=\"accordion__heading\">Technische Informationen<\/h2>\n\t\t\t\t\t\t\t\t\t<a href=\"#vorbereitung-der-dateien-fur-den-druck-1\" class=\"accordion__toggle u-bold\" aria-expanded=\"false\" data-behaviour=\"accordion\">Vorbereitung der Dateien f\u00fcr den Druck?<\/a>\n\t\t\t\t\t<div class=\"accordion__content\" id=\"vorbereitung-der-dateien-fur-den-druck-1\">\n\t\t\t\t\t\t<div class=\"accordion__content-text\">Es ist wichtig, die Bilddateien vor der Bestellung der Drucke richtig vorzubereiten. Informieren Sie sich zu diesem Zweck auf der Website des Fotolabors \u00fcber die Anforderungen. Dort wird meistens beschrieben, welchen Anforderungen die Dateien entsprechen m\u00fcssen. Das kann in manchen F\u00e4llen von unserer Beschreibung abweichen.\n\nBeachten Sie auf jeden die folgenden allgemeinen Regeln:\n1. Senden Sie stets Originaldateien. Komprimieren Sie sie nicht.\n2. Die Dateien sollten als JPG-Dateien geliefert werden. Manche Labore akzeptieren auch TIF- oder PDF-Dateien.\n3. Achten Sie auf eine Aufl\u00f6sung von 300PPI (Pixels Per Inch) oder DPI (Dots Per Inch).\n4. Speichern Sie die Dateien als RGB-Bilder mit 8 Bit pro Kanal.<\/div>\n\t\t\t\t\t<\/div>\n\t\t\t\t\t\t\t\t\t<a href=\"#was-bedeutet-farbkonvertierung-2\" class=\"accordion__toggle u-bold\" aria-expanded=\"false\" data-behaviour=\"accordion\">Was bedeutet \u201eFarbkonvertierung\u201c?<\/a>\n\t\t\t\t\t<div class=\"accordion__content\" id=\"was-bedeutet-farbkonvertierung-2\">\n\t\t\t\t\t\t<div class=\"accordion__content-text\">Der Quellfarbraum Ihrer RGB-Datei (z. B. SRGB oder Adobe RGB) wird in ein spezifisches Farbdruckprofil konvertiert. Das Ganze nennt sich Farbmanagement und kann zur Optimierung des Druckergebnisses mit pr\u00e4ziseren Farben eingesetzt werden.<\/div>\n\t\t\t\t\t<\/div>\n\t\t\t\t\t\t\t\t\t<a href=\"#was-bedeutet-layflat-3\" class=\"accordion__toggle u-bold\" aria-expanded=\"false\" data-behaviour=\"accordion\">Was bedeutet \u201eLayflat\u201c?<\/a>\n\t\t\t\t\t<div class=\"accordion__content\" id=\"was-bedeutet-layflat-3\">\n\t\t\t\t\t\t<div class=\"accordion__content-text\">Layflat ist ein Begriff, der f\u00fcr Fotob\u00fccher verwendet wird. Ein Layflat-Fotobuch liegt ganz flach auf dem Tisch und hat keinen sichtbaren Mittelknick. Keine einzige visuelle Information des Fotos geht verloren.<b> <\/b>Der gesamte Druck ist sichtbar wie bei einem Panorama. In der Mitte befindet sich lediglich eine subtile Falz.<\/div>\n\t\t\t\t\t<\/div>\n\t\t\t\t\t\t\t\t\t<a href=\"#was-ist-halbton-4\" class=\"accordion__toggle u-bold\" aria-expanded=\"false\" data-behaviour=\"accordion\">Was ist \u201eHalbton\u201c?<\/a>\n\t\t\t\t\t<div class=\"accordion__content\" id=\"was-ist-halbton-4\">\n\t\t\t\t\t\t<div class=\"accordion__content-text\">Halbton bezeichnet den flie\u00dfenden \u00dcbergang von Farben zwischen den einzelnen \u201ePixeln\u201c. Halbtonfotos auf Silberhalogenid sind Fotos ohne Bildpunkte. Sie verf\u00fcgen \u00fcber einen endlosen Farbraum in einem sehr gro\u00dfen Gamut. Sie werden in einem nasschemischen Verfahren hergestellt, bei dem die Substanzen im lichtempfindlichen Papier auf Licht reagieren. Dadurch entstehen unglaublich glatte Bilder.\u00a0Das Ergebnis ist ein im Vergleich zu Inkjet-Drucken (Bildpunkte) oder Rasterdrucken au\u00dfergew\u00f6hnlich realistischer Druck.<\/div>\n\t\t\t\t\t<\/div>\n\t\t\t\t\t\t\t\t\t<a href=\"#was-ist-der-unterschied-zwischen-c-prints-und-giclee-drucken-5\" class=\"accordion__toggle u-bold\" aria-expanded=\"false\" data-behaviour=\"accordion\">Was ist der Unterschied zwischen C-Prints und Gicl\u00e9e-Drucken?<\/a>\n\t\t\t\t\t<div class=\"accordion__content\" id=\"was-ist-der-unterschied-zwischen-c-prints-und-giclee-drucken-5\">\n\t\t\t\t\t\t<div class=\"accordion__content-text\">Beim C-Printing wird Fotopapier f\u00fcr die Abz\u00fcge verwendet. Bei Gicl\u00e9e-Drucken wird Inkjet-Papier verwendet.<\/div>\n\t\t\t\t\t<\/div>\n\t\t\t\t\t\t\t\t\t<a href=\"#was-ist-der-unterschied-zwischen-einem-rgb-und-einem-cmyk-druck-6\" class=\"accordion__toggle u-bold\" aria-expanded=\"false\" data-behaviour=\"accordion\">Was ist der Unterschied zwischen einem RGB- und einem CMYK-Druck?<\/a>\n\t\t\t\t\t<div class=\"accordion__content\" id=\"was-ist-der-unterschied-zwischen-einem-rgb-und-einem-cmyk-druck-6\">\n\t\t\t\t\t\t<div class=\"accordion__content-text\">RGB (Rot, Gr\u00fcn, Blau) ist der Standard f\u00fcr Fotografie und Farbraum aller Farben &#8211; in verschiedenen Proportionen -, mit dem jede Farbe im sichtbaren Spektrum nachgebildet werden kann.\n\nCMYK bezieht sich auf die vier Farbbestandteile des Vierfarbdrucks (Cyan, Magenta, Gelb und Schwarz). Das K in CMYK bezeichnet den Schwarzanteil, die \u201eSchl\u00fcsselplatte\u201c (Key plate), die dem Druck mehr \u201eDetail\u201c zuf\u00fcgt. Das stimmt insofern, als dass Schwarz beim Vierfarbdruck zur Verbesserung des Kontrasts verwendet wird und so mehr \u201eDetail\u201c kreiert.\n\nMachen Sie sich dar\u00fcber jedoch keine Gedanken. Speichern Sie alle Ihre Dateien als RGB-Bilder. RGB ist im Vergleich zu CMYK umfangreicher. Lediglich bei Offsetdrucken m\u00fcssen Sie oder der Drucker Ihre Dateien vor dem Druck in CMYK umwandeln.<\/div>\n\t\t\t\t\t<\/div>\n\t\t\t\t\t\t\t\t\t<a href=\"#welche-auflosung-ist-die-beste-7\" class=\"accordion__toggle u-bold\" aria-expanded=\"false\" data-behaviour=\"accordion\">Welche Aufl\u00f6sung ist die beste?<\/a>\n\t\t\t\t\t<div class=\"accordion__content\" id=\"welche-auflosung-ist-die-beste-7\">\n\t\t\t\t\t\t<div class=\"accordion__content-text\">F\u00fcr optimale Ergebnisse ist eine Aufl\u00f6sung von 300DPI (Dots Per Inch) erforderlich.<\/div>\n\t\t\t\t\t<\/div>\n\t\t\t\t\t\t\t\t\t<a href=\"#welche-lebensdauer-hat-ein-abzug-wie-muss-ich-meine-abzuge-aufbewahren-8\" class=\"accordion__toggle u-bold\" aria-expanded=\"false\" data-behaviour=\"accordion\">Welche Lebensdauer hat ein Abzug?\/Wie muss ich meine Abz\u00fcge aufbewahren?<\/a>\n\t\t\t\t\t<div class=\"accordion__content\" id=\"welche-lebensdauer-hat-ein-abzug-wie-muss-ich-meine-abzuge-aufbewahren-8\">\n\t\t\t\t\t\t<div class=\"accordion__content-text\">Es gibt eine Menge Faktoren, die die Lebensdauer eines Abzugs beeinflussen: Art, Intensit\u00e4t und Dauer des einfallenden Lichts (hochwertiges LED Licht), Aufbewahrungsbedingungen. Ein auf Fotopapier abgezogenes Foto hat eine Lebensdauer von etwa 40 Jahren. Unter den richtigen Bedingungen kann es bei Aufbewahrung an einem dunklen Ort bis zu 80 Jahre halten. Eine Ausnahme ist das MAXIMA Papier. Es h\u00e4lt auch bei Aufbewahrung in Tageslicht bis zu 70 Jahre.<span class=\"Apple-converted-space\">\u00a0<\/span><\/div>\n\t\t\t\t\t<\/div>\n\t\t\t\t\t\t\t\t\t<a href=\"#welcher-papiertyp-entspricht-meinem-bedarf-9\" class=\"accordion__toggle u-bold\" aria-expanded=\"false\" data-behaviour=\"accordion\">Welcher Papiertyp entspricht meinem Bedarf?<\/a>\n\t\t\t\t\t<div class=\"accordion__content\" id=\"welcher-papiertyp-entspricht-meinem-bedarf-9\">\n\t\t\t\t\t\t<div class=\"accordion__content-text\">Jeder Papiertyp kann die gleiche Geschichte auf unterschiedliche Weise erz\u00e4hlen &#8211; je nachdem, was das Foto zeigen soll (z. B. die Geschmeidigkeit von Wasser oder die Schroffheit einer Landschaft), kommen verschiedene Papiere in Frage.\nWichtig: Nicht alle Fotolabore bieten s\u00e4mtliche Fotopapiere aus unserer Produktserie an. Es kann vorkommen, dass das von Ihnen gew\u00fcnschte Papier in Ihrem Fotolabor nicht erh\u00e4ltlich ist.<\/div>\n\t\t\t\t\t<\/div>\n\t\t\t\t\t\t\t\t\t<a href=\"#welches-dateiformat-ist-das-beste-10\" class=\"accordion__toggle u-bold\" aria-expanded=\"false\" data-behaviour=\"accordion\">Welches Dateiformat ist das beste?<\/a>\n\t\t\t\t\t<div class=\"accordion__content\" id=\"welches-dateiformat-ist-das-beste-10\">\n\t\t\t\t\t\t<div class=\"accordion__content-text\"><span lang=\"DE\">Speichern Sie die druckfertigen Fotos als JPEG-Format.<\/span><\/div>\n\t\t\t\t\t<\/div>\n\t\t\t\t\t\t\t\t\t<a href=\"#wie-sollte-ich-meine-abzuge-aufbewahren-11\" class=\"accordion__toggle u-bold\" aria-expanded=\"false\" data-behaviour=\"accordion\">Wie sollte ich meine Abz\u00fcge aufbewahren?<\/a>\n\t\t\t\t\t<div class=\"accordion__content\" id=\"wie-sollte-ich-meine-abzuge-aufbewahren-11\">\n\t\t\t\t\t\t<div class=\"accordion__content-text\">Bitte beachten Sie bei der Aufbewahrung folgende Aspekte.\n&#8211; Bewahren Sie die Abz\u00fcge an einem k\u00fchlen, trockenen Ort auf. Der wichtigste Faktor: Der Raum sollte trocken sein.\n&#8211; Es sollte keine gr\u00f6\u00dfere Temperaturschwankungen geben.\n&#8211; Aufbewahrung an einem dunklen Ort.\n&#8211; Nicht auf dem untersten Regalboden. Wenn der Boden feucht ist\/wird, k\u00f6nnten die<span class=\"Apple-converted-space\">\u00a0<\/span><\/div>\n\t\t\t\t\t<\/div>\n\t\t\t\t\t\t\t<\/div>\n\t\t\t\t\t<div class=\"accordion__section\">\n\t\t\t\t<h2 class=\"accordion__heading\">Nachhaltigkeit<\/h2>\n\t\t\t\t\t\t\t\t\t<a href=\"#ist-fotopapier-vegan-1\" class=\"accordion__toggle u-bold\" aria-expanded=\"false\" data-behaviour=\"accordion\">Ist Fotopapier vegan?<\/a>\n\t\t\t\t\t<div class=\"accordion__content\" id=\"ist-fotopapier-vegan-1\">\n\t\t\t\t\t\t<div class=\"accordion__content-text\">Alle fotografischen Filme und Papiere enthalten eine geringe Menge Gelatine. Die Gelatine, die wir verwenden, ist ein Nebenprodukt der Agrarindustrie. Geringe Mengen an Gelatine sind seit langem ein wichtiger Bestandteil der filmgest\u00fctzten Fotografie und des Fotodrucks. Gelatine wird in zweierlei Hinsicht verwendet. Sie wird verwendet, um die d\u00fcnnen lichtempfindlichen Schichten des Fotofilms zusammenzubinden und um die Silberhalogenidkristalle in der Emulsion zusammenzuhalten, damit das Fotopapier ein Bild aufnehmen kann.\n\n&nbsp;<\/div>\n\t\t\t\t\t<\/div>\n\t\t\t\t\t\t\t\t\t<a href=\"#liegen-detaillierte-informationen-oder-uberhaupt-informationen-zu-den-silber-und-goldmetallen-vor-die-fur-fujifilm-fotopapier-verwendet-werden-wie-wirken-sie-sich-auf-die-umwelt-aus-2\" class=\"accordion__toggle u-bold\" aria-expanded=\"false\" data-behaviour=\"accordion\">Liegen detaillierte Informationen (oder \u00fcberhaupt Informationen) zu den Silber- und Goldmetallen vor, die f\u00fcr Fujifilm Fotopapier verwendet werden? Wie wirken sie sich auf die Umwelt aus?<\/a>\n\t\t\t\t\t<div class=\"accordion__content\" id=\"liegen-detaillierte-informationen-oder-uberhaupt-informationen-zu-den-silber-und-goldmetallen-vor-die-fur-fujifilm-fotopapier-verwendet-werden-wie-wirken-sie-sich-auf-die-umwelt-aus-2\">\n\t\t\t\t\t\t<div class=\"accordion__content-text\"><span lang=\"DE\">Da es in unserem eigenen Interesse liegt und wir uns f\u00fcr h\u00f6chste Produkt- und Liefersicherheit einsetzen, nehmen wir unsere Informationspflichten sehr ernst. Wir halten uns an die EU-Gesetze und arbeiten nicht mit Materialien\/Komponenten, die auf einer schwarzen Liste stehen.\n\nNachstehend finden Sie eine technische Erl\u00e4uterung der Chemikalien, die wir zur Herstellung von Fotopapier verwenden und die Fotolabore f\u00fcr den Abzug\/Druck von Fotos einsetzen.\nZusammenfassend gilt, dass f\u00fcr die Herstellung von Fotopapier Chemikalien ben\u00f6tigt werden. Sie sind jedoch nach der Entwicklung nicht mehr (oder nur in minimaler Menge) im Fotodruck vorhanden. Wir m\u00f6chten darauf hinweisen, dass die Fotolabore zu ordnungsgem\u00e4\u00dfem Recycling des Silbers und der Chemikalien verpflichtet sind.\n\nSilberhalogenidsalz, Silberchlorid, Silberbromid und Silberjodidkristalle sind die wichtigsten Bestandteile von lichtempfindlichem Fotopapier. Diese Salze sind die Empf\u00e4nger der Energie w\u00e4hrend der Belichtung. Dar\u00fcber hinaus sind sie der (tempor\u00e4re) Speicherort der Energie zwischen Belichtung und Entwicklung. Er wird auch als latentes Bild bezeichnet und ist Silbermetallic. W\u00e4hrend der Entwicklung kommt es zwischen dem latenten Bild und der Entwicklerfl\u00fcssigkeit zu einer chemischen Reaktion. Der gesamte Silberhalogenidkristall wird dabei Silbermetallic. Gleichzeitig reagiert das Reaktionsprodukt des Entwicklermittels mit dem so genannten Vorfarbmittel zu einer Farbe. Dieses Vorfarbmittel und die Farbe selbst sind nur in \u00d6l l\u00f6slich, nicht in Wasser.\n\nDas Silbermetallic und die nicht belichteten Silberkristalle werden danach im Bleichfixierbad aufgel\u00f6st. Nach dem Bleichfixierbad und dem Sp\u00fclen bleibt eine kleine Menge Silber auf dem Papier zur\u00fcck. Sie betr\u00e4gt weniger als 5 mg\/m<sup>2<\/sup>.\n\nIm Bleichfixierbad selbst bleibt eine gro\u00dfe Menge an Silber zur\u00fcck. Je nach Papiertyp und Verwendungsh\u00e4ufigkeit k\u00f6nnen es 3-7 g\/l sein. Es lohnt sich nicht nur aus Gr\u00fcnden des Umweltschutzes dieses Silber aufzufangen, sondern auch aufgrund wirtschaftlicher Aspekte.\n\nF\u00fcr eine effiziente Umwandlung von Licht (Belichtung) zum Energiespeicher in den Kristallen sind in den Kristallen begrenzte Mengen an Dotanden (Gold und Rhodium) enthalten. Diese werden ebenfalls im Bleichfixierbad entfernt und sind im gedruckten Bild nicht vorhanden.\n\nDie Vorfarbmittel und die Farbe selbst sind nur in \u00d6l l\u00f6slich, nicht in Wasser. Sie k\u00f6nnen nicht herausgesp\u00fclt werden. Dies ist auch der Hauptgrund f\u00fcr die Wasserbest\u00e4ndigkeit von Bildern, die im Gegensatz zu Tintendrucksystemen auf echten Fotopapieren gedruckt werden.\n\n<\/span><\/div>\n\t\t\t\t\t<\/div>\n\t\t\t\t\t\t\t\t\t<a href=\"#wie-umweltfreundlich-ist-die-herstellung-von-fujifilm-fotopapier-3\" class=\"accordion__toggle u-bold\" aria-expanded=\"false\" data-behaviour=\"accordion\">Wie umweltfreundlich ist die Herstellung von Fujifilm Fotopapier?<\/a>\n\t\t\t\t\t<div class=\"accordion__content\" id=\"wie-umweltfreundlich-ist-die-herstellung-von-fujifilm-fotopapier-3\">\n\t\t\t\t\t\t<div class=\"accordion__content-text\">Wie wir bereits in der Rubrik \u201eWe Care\u201c erw\u00e4hnt haben, suchen wir kontinuierlich nach Wegen zur Verbesserung der Nachhaltigkeit. F\u00fcr die Fujifilm Manufacturing Europe B.V. geht es derzeit um folgende Aspekte:\n\n<strong>Erneuerbare Energien<\/strong>\nDerzeit befinden sich auf dem Gel\u00e4nde der Fujifilm Manufacturing in Tilburg 5 Windr\u00e4der. Sie decken den Strombedarf zu 30 %. Die restliche erforderliche Energie bezieht Fujifilm von einem Windradpark. Somit wird das gesamte Werk 100 % umweltfreundliche betriebe.\n\n<strong>Ziele<\/strong>\nReduzierung der bei der Fujifilm Group anfallenden Abfallmenge bis zum Gesch\u00e4ftsjahr 2030 um 30 % (gegen\u00fcber der Menge im Gesch\u00e4ftsjahr 2013).\nReduzierung der bei der Fujifilm Group anfallenden Wassermenge bis zum Gesch\u00e4ftsjahr 2030 um 30 % (gegen\u00fcber der Menge im Gesch\u00e4ftsjahr 2013).\u00a0Reduzierung des bei der Fujifilm Group anfallenden CO<sub>2<\/sub>-Aussto\u00dfes bis zum Gesch\u00e4ftsjahr 2030 um 45 % (gegen\u00fcber der Menge im Gesch\u00e4ftsjahr 2013).\n\n<strong>Pl\u00e4ne<\/strong>\n<em>1. Abfall<\/em>\na. Verringerung des verfahrensbedingten Abfallaufkommens\nb. und mehr Recycling durch die Verarbeitung von Abfall zu Monostr\u00f6men. Das Recycling in Monostr\u00f6men wird bei der Fujifilm Manufacturing jedoch seit Jahren standardm\u00e4\u00dfig durchgef\u00fchrt.\n\n<em>2. Wasser<\/em>\nLaufende Studie:\na. Reduzierung der Verwendung von Quellwasser\nb. Wiederverwendung von Abfallwasserstr\u00f6men nach Aufbereitung in der \u201eKl\u00e4ranlage\u201c\n\n<em>3. Laufende Studi<\/em>\na. Reduzierung des Energiebedarfs (z. B. durch W\u00e4rmepumpen anstatt Dampf)\nb. Elektrifizierung (von Gas nach Elektrizit\u00e4t)\nc. Verwendung nichtfossiler Brennstoffe (langfristig).\n\n<em>4. Einf\u00fchrung der \u00d6kobilanz gem\u00e4\u00df ISO 14001 (Pr\u00fcfung der Nachhaltigkeit in der gesamten Kette)<\/em><\/div>\n\t\t\t\t\t<\/div>\n\t\t\t\t\t\t\t\t\t<a href=\"#wird-fujifilm-papier-mit-chlorid-gebleicht-4\" class=\"accordion__toggle u-bold\" aria-expanded=\"false\" data-behaviour=\"accordion\">Wird Fujifilm Papier mit Chlorid gebleicht?<\/a>\n\t\t\t\t\t<div class=\"accordion__content\" id=\"wird-fujifilm-papier-mit-chlorid-gebleicht-4\">\n\t\t\t\t\t\t<div class=\"accordion__content-text\"><span lang=\"DE\">Fujifilm Papier ist elementar-chlor-frei (ECF).<\/span><\/div>\n\t\t\t\t\t<\/div>\n\t\t\t\t\t\t\t<\/div>\n\t\t\t\t\t<div class=\"accordion__section\">\n\t\t\t\t<h2 class=\"accordion__heading\">Fotopapier<\/h2>\n\t\t\t\t\t\t\t\t\t<a href=\"#was-ist-ein-c-print-1\" class=\"accordion__toggle u-bold\" aria-expanded=\"false\" data-behaviour=\"accordion\">Was ist ein C-Print?<\/a>\n\t\t\t\t\t<div class=\"accordion__content\" id=\"was-ist-ein-c-print-1\">\n\t\t\t\t\t\t<div class=\"accordion__content-text\"><span lang=\"DE\">Es ist eine andere Bezeichnung f\u00fcr Fotopapier. Es handelt sich um einen Chromogendruck.<\/div>\n\t\t\t\t\t<\/div>\n\t\t\t\t\t\t\t\t\t<a href=\"#was-ist-eine-silberhalogenid-emulsion-2\" class=\"accordion__toggle u-bold\" aria-expanded=\"false\" data-behaviour=\"accordion\">Was ist eine Silberhalogenid-Emulsion?<\/a>\n\t\t\t\t\t<div class=\"accordion__content\" id=\"was-ist-eine-silberhalogenid-emulsion-2\">\n\t\t\t\t\t\t<div class=\"accordion__content-text\"><span lang=\"DE\">Erinnern Sie sich an die guten alten Zeiten, als Fotos in der Dunkelkammer von einem Negativ abgezogen wurden? Alles drehte sich ums Licht. Der Negativfilm musste belichtet werden und wurde anschlie\u00dfend als Positiv auf Papier abgezogen. Am Anfang gab es ausschlie\u00dflich Schwarz-Wei\u00df-Abz\u00fcge. Farbe kam erst sp\u00e4ter.\u00a0Unsere Silberhalogenid-Emulsion schlie\u00dft an diese Historie an. Aufgrund ihrer Lichtempfindlichkeit kann sich ein Bild auf dem Papier entwickeln. Heutzutage entstehen Fotos als Digitaldruck. Allerdings ist es immer noch m\u00f6glich, Negative abzuziehen. In jedem Fall hat sich das Verfahren im Wesentlichen nicht ver\u00e4ndert.<\/span><\/div>\n\t\t\t\t\t<\/div>\n\t\t\t\t\t\t\t\t\t<a href=\"#was-ist-fotopapier-3\" class=\"accordion__toggle u-bold\" aria-expanded=\"false\" data-behaviour=\"accordion\">Was ist Fotopapier?<\/a>\n\t\t\t\t\t<div class=\"accordion__content\" id=\"was-ist-fotopapier-3\">\n\t\t\t\t\t\t<div class=\"accordion__content-text\"><span lang=\"DE\">Fotopapier <\/span><span lang=\"DE\">ist lichtempfindliches Papier. Es enth\u00e4lt eine spezielle Silberhalogenid-Emulsionsschicht, die das Licht \u201efangen\u201c kann. Im Chemiebad kann sich so ein Bild entwickelt werden.<\/span><\/div>\n\t\t\t\t\t<\/div>\n\t\t\t\t\t\t\t\t\t<a href=\"#welche-andere-namen-gibt-es-fur-das-fotopapier-4\" class=\"accordion__toggle u-bold\" aria-expanded=\"false\" data-behaviour=\"accordion\">Welche andere Namen gibt es f\u00fcr das Fotopapier?<\/a>\n\t\t\t\t\t<div class=\"accordion__content\" id=\"welche-andere-namen-gibt-es-fur-das-fotopapier-4\">\n\t\t\t\t\t\t<div class=\"accordion__content-text\"><span lang=\"DE\">Fotopapier wird mit folgenden Namen angedeutet: Silberhalogenid-Print, C-Print, Farbpapier, Lambda oder Lightjet-Druck (der Name bezieht sich auf die Technik, nicht auf das Papier). Sie beschreiben alle das gleiche Fotopapier.<\/span><\/div>\n\t\t\t\t\t<\/div>\n\t\t\t\t\t\t\t\t\t<a href=\"#wie-wird-ein-bild-auf-fotopapier-abgezogen-5\" class=\"accordion__toggle u-bold\" aria-expanded=\"false\" data-behaviour=\"accordion\">Wie wird ein Bild auf Fotopapier abgezogen?<\/a>\n\t\t\t\t\t<div class=\"accordion__content\" id=\"wie-wird-ein-bild-auf-fotopapier-abgezogen-5\">\n\t\t\t\t\t\t<div class=\"accordion__content-text\"><span lang=\"DE\">Fotopapier ist Papier mit einer lichtempfindlichen Schicht. Diese Schicht im Papier wird als Emulsion bezeichnet. Bei der RGB-Belichtung der Silberhalogenidkristalle, die sich die Reaktion der Substanzen im lichtempfindlichen Papier zu Nutze macht, wird ein latentes Bild erzeugt. Danach wird das Fotopapier in einem chemischen Verfahren entwickelt und ins Fixierbad gelegt. In einem weiteren Schritt wird die Emulsion aus dem Papier herausgesp\u00fclt.<\/span><\/div>\n\t\t\t\t\t<\/div>\n\t\t\t\t\t\t\t\t\t<a href=\"#woraus-besteht-fotopapier-6\" class=\"accordion__toggle u-bold\" aria-expanded=\"false\" data-behaviour=\"accordion\">Woraus besteht Fotopapier?<\/a>\n\t\t\t\t\t<div class=\"accordion__content\" id=\"woraus-besteht-fotopapier-6\">\n\t\t\t\t\t\t<div class=\"accordion__content-text\"><span lang=\"DE\">Fotopapier besteht aus sieben Schichten. Die Grundlage ist wasserfestes Papier. Darauf befinden sich drei lichtempfindliche Schichten und interne Schichten: Erst eine f\u00fcr Blau empfindliche Gelbschicht, dann die erste Zwischenschicht. Dann die f\u00fcr Gr\u00fcn empfindliche Magentaschicht samt Zwischenschicht. Gefolgt von der f\u00fcr Rot empfindlichen Cyanschicht und der letzten Zwischenschicht sowie der oberen Schutzschicht.<\/span><\/div>\n\t\t\t\t\t<\/div>\n\t\t\t\t\t\t\t<\/div>\n\t\t\t<\/div>\n<\/div>\n","protected":false},"excerpt":{"rendered":"","protected":false},"author":1,"featured_media":0,"parent":0,"menu_order":0,"comment_status":"closed","ping_status":"closed","template":"","meta":{"_acf_changed":true,"footnotes":""},"class_list":["post-10049","page","type-page","status-publish","hentry"],"acf":[],"yoast_head":"<!-- This site is optimized with the Yoast SEO plugin v27.1.1 - https:\/\/yoast.com\/product\/yoast-seo-wordpress\/ -->\n<title>H\u00e4ufig Gestellte Fragen - Original Photo Paper by FUJIFILM<\/title>\n<meta name=\"robots\" content=\"index, follow, max-snippet:-1, max-image-preview:large, max-video-preview:-1\" \/>\n<link rel=\"canonical\" href=\"https:\/\/www.originalphotopaper.com\/de\/faqs\/\" \/>\n<meta property=\"og:locale\" content=\"de_DE\" \/>\n<meta property=\"og:type\" content=\"article\" \/>\n<meta property=\"og:title\" content=\"H\u00e4ufig Gestellte Fragen - Original Photo Paper by FUJIFILM\" \/>\n<meta property=\"og:url\" content=\"https:\/\/www.originalphotopaper.com\/de\/faqs\/\" \/>\n<meta property=\"og:site_name\" content=\"Original Photo Paper by FUJIFILM\" \/>\n<meta property=\"article:modified_time\" content=\"2025-05-27T12:06:53+00:00\" \/>\n<meta name=\"twitter:card\" content=\"summary_large_image\" \/>\n<script type=\"application\/ld+json\" class=\"yoast-schema-graph\">{\"@context\":\"https:\/\/schema.org\",\"@graph\":[{\"@type\":\"WebPage\",\"@id\":\"https:\/\/www.originalphotopaper.com\/de\/faqs\/\",\"url\":\"https:\/\/www.originalphotopaper.com\/de\/faqs\/\",\"name\":\"H\u00e4ufig Gestellte Fragen - Original Photo Paper by FUJIFILM\",\"isPartOf\":{\"@id\":\"https:\/\/www.originalphotopaper.com\/de\/#website\"},\"datePublished\":\"2023-03-30T09:01:21+00:00\",\"dateModified\":\"2025-05-27T12:06:53+00:00\",\"breadcrumb\":{\"@id\":\"https:\/\/www.originalphotopaper.com\/de\/faqs\/#breadcrumb\"},\"inLanguage\":\"de-DE\",\"potentialAction\":[{\"@type\":\"ReadAction\",\"target\":[\"https:\/\/www.originalphotopaper.com\/de\/faqs\/\"]}]},{\"@type\":\"BreadcrumbList\",\"@id\":\"https:\/\/www.originalphotopaper.com\/de\/faqs\/#breadcrumb\",\"itemListElement\":[{\"@type\":\"ListItem\",\"position\":1,\"name\":\"Heim\",\"item\":\"https:\/\/www.originalphotopaper.com\/de\/\"},{\"@type\":\"ListItem\",\"position\":2,\"name\":\"H\u00e4ufig Gestellte Fragen\"}]},{\"@type\":\"WebSite\",\"@id\":\"https:\/\/www.originalphotopaper.com\/de\/#website\",\"url\":\"https:\/\/www.originalphotopaper.com\/de\/\",\"name\":\"Original Photo Paper by FUJIFILM\",\"description\":\"DISCOVER FUJIFILM ORIGINAL PHOTOGRAPHIC PAPERS\",\"potentialAction\":[{\"@type\":\"SearchAction\",\"target\":{\"@type\":\"EntryPoint\",\"urlTemplate\":\"https:\/\/www.originalphotopaper.com\/de\/?s={search_term_string}\"},\"query-input\":{\"@type\":\"PropertyValueSpecification\",\"valueRequired\":true,\"valueName\":\"search_term_string\"}}],\"inLanguage\":\"de-DE\"}]}<\/script>\n<!-- \/ Yoast SEO plugin. -->","yoast_head_json":{"title":"H\u00e4ufig Gestellte Fragen - Original Photo Paper by FUJIFILM","robots":{"index":"index","follow":"follow","max-snippet":"max-snippet:-1","max-image-preview":"max-image-preview:large","max-video-preview":"max-video-preview:-1"},"canonical":"https:\/\/www.originalphotopaper.com\/de\/faqs\/","og_locale":"de_DE","og_type":"article","og_title":"H\u00e4ufig Gestellte Fragen - Original Photo Paper by FUJIFILM","og_url":"https:\/\/www.originalphotopaper.com\/de\/faqs\/","og_site_name":"Original Photo Paper by FUJIFILM","article_modified_time":"2025-05-27T12:06:53+00:00","twitter_card":"summary_large_image","schema":{"@context":"https:\/\/schema.org","@graph":[{"@type":"WebPage","@id":"https:\/\/www.originalphotopaper.com\/de\/faqs\/","url":"https:\/\/www.originalphotopaper.com\/de\/faqs\/","name":"H\u00e4ufig Gestellte Fragen - Original Photo Paper by FUJIFILM","isPartOf":{"@id":"https:\/\/www.originalphotopaper.com\/de\/#website"},"datePublished":"2023-03-30T09:01:21+00:00","dateModified":"2025-05-27T12:06:53+00:00","breadcrumb":{"@id":"https:\/\/www.originalphotopaper.com\/de\/faqs\/#breadcrumb"},"inLanguage":"de-DE","potentialAction":[{"@type":"ReadAction","target":["https:\/\/www.originalphotopaper.com\/de\/faqs\/"]}]},{"@type":"BreadcrumbList","@id":"https:\/\/www.originalphotopaper.com\/de\/faqs\/#breadcrumb","itemListElement":[{"@type":"ListItem","position":1,"name":"Heim","item":"https:\/\/www.originalphotopaper.com\/de\/"},{"@type":"ListItem","position":2,"name":"H\u00e4ufig Gestellte Fragen"}]},{"@type":"WebSite","@id":"https:\/\/www.originalphotopaper.com\/de\/#website","url":"https:\/\/www.originalphotopaper.com\/de\/","name":"Original Photo Paper by FUJIFILM","description":"DISCOVER FUJIFILM ORIGINAL PHOTOGRAPHIC PAPERS","potentialAction":[{"@type":"SearchAction","target":{"@type":"EntryPoint","urlTemplate":"https:\/\/www.originalphotopaper.com\/de\/?s={search_term_string}"},"query-input":{"@type":"PropertyValueSpecification","valueRequired":true,"valueName":"search_term_string"}}],"inLanguage":"de-DE"}]}},"_links":{"self":[{"href":"https:\/\/www.originalphotopaper.com\/de\/wp-json\/wp\/v2\/pages\/10049","targetHints":{"allow":["GET"]}}],"collection":[{"href":"https:\/\/www.originalphotopaper.com\/de\/wp-json\/wp\/v2\/pages"}],"about":[{"href":"https:\/\/www.originalphotopaper.com\/de\/wp-json\/wp\/v2\/types\/page"}],"author":[{"embeddable":true,"href":"https:\/\/www.originalphotopaper.com\/de\/wp-json\/wp\/v2\/users\/1"}],"replies":[{"embeddable":true,"href":"https:\/\/www.originalphotopaper.com\/de\/wp-json\/wp\/v2\/comments?post=10049"}],"version-history":[{"count":0,"href":"https:\/\/www.originalphotopaper.com\/de\/wp-json\/wp\/v2\/pages\/10049\/revisions"}],"wp:attachment":[{"href":"https:\/\/www.originalphotopaper.com\/de\/wp-json\/wp\/v2\/media?parent=10049"}],"curies":[{"name":"wp","href":"https:\/\/api.w.org\/{rel}","templated":true}]}}