{"id":9968,"date":"2025-02-03T11:15:37","date_gmt":"2025-02-03T11:15:37","guid":{"rendered":"https:\/\/www.originalphotopaper.com\/find-a-lab-usa\/"},"modified":"2025-05-21T15:37:11","modified_gmt":"2025-05-21T15:37:11","slug":"find-a-lab-usa","status":"publish","type":"page","link":"https:\/\/www.originalphotopaper.com\/de\/find-a-lab-usa\/","title":{"rendered":"Labor-Finder USA"},"content":{"rendered":"<section class=\"page-title \">\n\t<div class=\"container container--reduced-padding page-title__content\">\n\t\t\t\t\t<h1 class=\"page-title__title\">Labor-Finder USA<\/h1>\n\t\t\t\t\t\t\t<p><p>Professionelle Drucklabore sind immer Klassenbeste. Mit diesem Unterscheidungsmerkmal heben sie sich von der Masse auf dem Markt ab. Fotopapier vom Fujifilm bietet hervorragende Farbwiedergabe, Langlebigkeit der Bilder und eine gro\u00dfe Auswahl an Oberfl\u00e4chen. Nachstehend sind Fotolabore aufgelistet, die eine Vielzahl an Dienstleistungen und Oberfl\u00e4chenoptionen anbieten. Nicht alle Labore bedienen sich der umfangreichen Fotopapierpalette, die Fujifilm anbietet. Dennoch werden Ihnen auch diese professionellen Labore gern weiterhelfen.<\/p>\n<\/p>\n\t\t\t\t\t\t\t<a class=\"btn\" href=\"https:\/\/www.originalphotopaper.com\/de\/find-a-lab\/\">Europa<\/a>\n\t\t\t<\/div>\n\t<\/section>\n\n\n<div class=\"container container--medium\">\n\t<div class=\"accordion\">\n\t\t\t\t\t<a href=\"#lablist1\" class=\"accordion__toggle u-bold\" aria-expanded=\"false\" data-behaviour=\"accordion\">Alabama<\/a>\n\t\t\t<div class=\"accordion__content\" id=\"lablist1\">\n\t\t\t\t<div class=\"u-grid u-grid--sm-4\">\n\t\t\t\t\t\t\t\t\t<\/div>\n\t\t\t<\/div>\n\t\t\t\t\t<a href=\"#lablist2\" class=\"accordion__toggle u-bold\" aria-expanded=\"false\" data-behaviour=\"accordion\">Alaska<\/a>\n\t\t\t<div class=\"accordion__content\" id=\"lablist2\">\n\t\t\t\t<div class=\"u-grid u-grid--sm-4\">\n\t\t\t\t\t\t\t\t\t<\/div>\n\t\t\t<\/div>\n\t\t\t\t\t<a href=\"#lablist3\" class=\"accordion__toggle u-bold\" aria-expanded=\"false\" data-behaviour=\"accordion\">Arizona<\/a>\n\t\t\t<div class=\"accordion__content\" id=\"lablist3\">\n\t\t\t\t<div class=\"u-grid u-grid--sm-4\">\n\t\t\t\t\t\t\t\t\t<\/div>\n\t\t\t<\/div>\n\t\t\t\t\t<a href=\"#lablist4\" class=\"accordion__toggle u-bold\" aria-expanded=\"false\" data-behaviour=\"accordion\">California<\/a>\n\t\t\t<div class=\"accordion__content\" id=\"lablist4\">\n\t\t\t\t<div class=\"u-grid u-grid--sm-4\">\n\t\t\t\t\t\t\t\t\t<\/div>\n\t\t\t<\/div>\n\t\t\t\t\t<a href=\"#lablist5\" class=\"accordion__toggle u-bold\" aria-expanded=\"false\" data-behaviour=\"accordion\">Colorado<\/a>\n\t\t\t<div class=\"accordion__content\" id=\"lablist5\">\n\t\t\t\t<div class=\"u-grid u-grid--sm-4\">\n\t\t\t\t\t\t\t\t\t<\/div>\n\t\t\t<\/div>\n\t\t\t\t\t<a href=\"#lablist6\" class=\"accordion__toggle u-bold\" aria-expanded=\"false\" data-behaviour=\"accordion\">Connecticut<\/a>\n\t\t\t<div class=\"accordion__content\" id=\"lablist6\">\n\t\t\t\t<div class=\"u-grid u-grid--sm-4\">\n\t\t\t\t\t\t\t\t\t<\/div>\n\t\t\t<\/div>\n\t\t\t\t\t<a href=\"#lablist7\" class=\"accordion__toggle u-bold\" aria-expanded=\"false\" data-behaviour=\"accordion\">DC<\/a>\n\t\t\t<div class=\"accordion__content\" id=\"lablist7\">\n\t\t\t\t<div class=\"u-grid u-grid--sm-4\">\n\t\t\t\t\t\t\t\t\t<\/div>\n\t\t\t<\/div>\n\t\t\t\t\t<a href=\"#lablist8\" class=\"accordion__toggle u-bold\" aria-expanded=\"false\" data-behaviour=\"accordion\">Delaware<\/a>\n\t\t\t<div class=\"accordion__content\" id=\"lablist8\">\n\t\t\t\t<div class=\"u-grid u-grid--sm-4\">\n\t\t\t\t\t\t\t\t\t<\/div>\n\t\t\t<\/div>\n\t\t\t\t\t<a href=\"#lablist9\" class=\"accordion__toggle u-bold\" aria-expanded=\"false\" data-behaviour=\"accordion\">Florida<\/a>\n\t\t\t<div class=\"accordion__content\" id=\"lablist9\">\n\t\t\t\t<div class=\"u-grid u-grid--sm-4\">\n\t\t\t\t\t\t\t\t\t<\/div>\n\t\t\t<\/div>\n\t\t\t\t\t<a href=\"#lablist10\" class=\"accordion__toggle u-bold\" aria-expanded=\"false\" data-behaviour=\"accordion\">Georgia<\/a>\n\t\t\t<div class=\"accordion__content\" id=\"lablist10\">\n\t\t\t\t<div class=\"u-grid u-grid--sm-4\">\n\t\t\t\t\t\t\t\t\t<\/div>\n\t\t\t<\/div>\n\t\t\t\t\t<a href=\"#lablist11\" class=\"accordion__toggle u-bold\" aria-expanded=\"false\" data-behaviour=\"accordion\">Idaho<\/a>\n\t\t\t<div class=\"accordion__content\" id=\"lablist11\">\n\t\t\t\t<div class=\"u-grid u-grid--sm-4\">\n\t\t\t\t\t\t\t\t\t<\/div>\n\t\t\t<\/div>\n\t\t\t\t\t<a href=\"#lablist12\" class=\"accordion__toggle u-bold\" aria-expanded=\"false\" data-behaviour=\"accordion\">Illinois<\/a>\n\t\t\t<div class=\"accordion__content\" id=\"lablist12\">\n\t\t\t\t<div class=\"u-grid u-grid--sm-4\">\n\t\t\t\t\t\t\t\t\t<\/div>\n\t\t\t<\/div>\n\t\t\t\t\t<a href=\"#lablist13\" class=\"accordion__toggle u-bold\" aria-expanded=\"false\" data-behaviour=\"accordion\">Indiana<\/a>\n\t\t\t<div class=\"accordion__content\" id=\"lablist13\">\n\t\t\t\t<div class=\"u-grid u-grid--sm-4\">\n\t\t\t\t\t\t\t\t\t<\/div>\n\t\t\t<\/div>\n\t\t\t\t\t<a href=\"#lablist14\" class=\"accordion__toggle u-bold\" aria-expanded=\"false\" data-behaviour=\"accordion\">Iowa<\/a>\n\t\t\t<div class=\"accordion__content\" id=\"lablist14\">\n\t\t\t\t<div class=\"u-grid u-grid--sm-4\">\n\t\t\t\t\t\t\t\t\t<\/div>\n\t\t\t<\/div>\n\t\t\t\t\t<a href=\"#lablist15\" class=\"accordion__toggle u-bold\" aria-expanded=\"false\" data-behaviour=\"accordion\">Kentucky<\/a>\n\t\t\t<div class=\"accordion__content\" id=\"lablist15\">\n\t\t\t\t<div class=\"u-grid u-grid--sm-4\">\n\t\t\t\t\t\t\t\t\t<\/div>\n\t\t\t<\/div>\n\t\t\t\t\t<a href=\"#lablist16\" class=\"accordion__toggle u-bold\" aria-expanded=\"false\" data-behaviour=\"accordion\">Nevada<\/a>\n\t\t\t<div class=\"accordion__content\" id=\"lablist16\">\n\t\t\t\t<div class=\"u-grid u-grid--sm-4\">\n\t\t\t\t\t\t\t\t\t<\/div>\n\t\t\t<\/div>\n\t\t\t\t\t<a href=\"#lablist17\" class=\"accordion__toggle u-bold\" aria-expanded=\"false\" data-behaviour=\"accordion\">Ohio<\/a>\n\t\t\t<div class=\"accordion__content\" id=\"lablist17\">\n\t\t\t\t<div class=\"u-grid u-grid--sm-4\">\n\t\t\t\t\t\t\t\t\t<\/div>\n\t\t\t<\/div>\n\t\t\t\t\t<a href=\"#lablist18\" class=\"accordion__toggle u-bold\" aria-expanded=\"false\" data-behaviour=\"accordion\">Oregon<\/a>\n\t\t\t<div class=\"accordion__content\" id=\"lablist18\">\n\t\t\t\t<div class=\"u-grid u-grid--sm-4\">\n\t\t\t\t\t\t\t\t\t<\/div>\n\t\t\t<\/div>\n\t\t\t\t\t<a href=\"#lablist19\" class=\"accordion__toggle u-bold\" aria-expanded=\"false\" data-behaviour=\"accordion\">Maryland<\/a>\n\t\t\t<div class=\"accordion__content\" id=\"lablist19\">\n\t\t\t\t<div class=\"u-grid u-grid--sm-4\">\n\t\t\t\t\t\t\t\t\t<\/div>\n\t\t\t<\/div>\n\t\t\t\t\t<a href=\"#lablist20\" class=\"accordion__toggle u-bold\" aria-expanded=\"false\" data-behaviour=\"accordion\">Massachusetts<\/a>\n\t\t\t<div class=\"accordion__content\" id=\"lablist20\">\n\t\t\t\t<div class=\"u-grid u-grid--sm-4\">\n\t\t\t\t\t\t\t\t\t<\/div>\n\t\t\t<\/div>\n\t\t\t\t\t<a href=\"#lablist21\" class=\"accordion__toggle u-bold\" aria-expanded=\"false\" data-behaviour=\"accordion\">Missouri<\/a>\n\t\t\t<div class=\"accordion__content\" id=\"lablist21\">\n\t\t\t\t<div class=\"u-grid u-grid--sm-4\">\n\t\t\t\t\t\t\t\t\t<\/div>\n\t\t\t<\/div>\n\t\t\t\t\t<a href=\"#lablist22\" class=\"accordion__toggle u-bold\" aria-expanded=\"false\" data-behaviour=\"accordion\">M\u00edchigan<\/a>\n\t\t\t<div class=\"accordion__content\" id=\"lablist22\">\n\t\t\t\t<div class=\"u-grid u-grid--sm-4\">\n\t\t\t\t\t\t\t\t\t<\/div>\n\t\t\t<\/div>\n\t\t\t\t\t<a href=\"#lablist23\" class=\"accordion__toggle u-bold\" aria-expanded=\"false\" data-behaviour=\"accordion\">Minnesota<\/a>\n\t\t\t<div class=\"accordion__content\" id=\"lablist23\">\n\t\t\t\t<div class=\"u-grid u-grid--sm-4\">\n\t\t\t\t\t\t\t\t\t<\/div>\n\t\t\t<\/div>\n\t\t\t\t\t<a href=\"#lablist24\" class=\"accordion__toggle u-bold\" aria-expanded=\"false\" data-behaviour=\"accordion\">New Jersey<\/a>\n\t\t\t<div class=\"accordion__content\" id=\"lablist24\">\n\t\t\t\t<div class=\"u-grid u-grid--sm-4\">\n\t\t\t\t\t\t\t\t\t<\/div>\n\t\t\t<\/div>\n\t\t\t\t\t<a href=\"#lablist25\" class=\"accordion__toggle u-bold\" aria-expanded=\"false\" data-behaviour=\"accordion\">New Mexico<\/a>\n\t\t\t<div class=\"accordion__content\" id=\"lablist25\">\n\t\t\t\t<div class=\"u-grid u-grid--sm-4\">\n\t\t\t\t\t\t\t\t\t<\/div>\n\t\t\t<\/div>\n\t\t\t\t\t<a href=\"#lablist26\" class=\"accordion__toggle u-bold\" aria-expanded=\"false\" data-behaviour=\"accordion\">New York<\/a>\n\t\t\t<div class=\"accordion__content\" id=\"lablist26\">\n\t\t\t\t<div class=\"u-grid u-grid--sm-4\">\n\t\t\t\t\t\t\t\t\t<\/div>\n\t\t\t<\/div>\n\t\t\t\t\t<a href=\"#lablist27\" class=\"accordion__toggle u-bold\" aria-expanded=\"false\" data-behaviour=\"accordion\">North Carolina<\/a>\n\t\t\t<div class=\"accordion__content\" id=\"lablist27\">\n\t\t\t\t<div class=\"u-grid u-grid--sm-4\">\n\t\t\t\t\t\t\t\t\t<\/div>\n\t\t\t<\/div>\n\t\t\t\t\t<a href=\"#lablist28\" class=\"accordion__toggle u-bold\" aria-expanded=\"false\" data-behaviour=\"accordion\">Pennsylvania<\/a>\n\t\t\t<div class=\"accordion__content\" id=\"lablist28\">\n\t\t\t\t<div class=\"u-grid u-grid--sm-4\">\n\t\t\t\t\t\t\t\t\t<\/div>\n\t\t\t<\/div>\n\t\t\t\t\t<a href=\"#lablist29\" class=\"accordion__toggle u-bold\" aria-expanded=\"false\" data-behaviour=\"accordion\">South Carolina<\/a>\n\t\t\t<div class=\"accordion__content\" id=\"lablist29\">\n\t\t\t\t<div class=\"u-grid u-grid--sm-4\">\n\t\t\t\t\t\t\t\t\t<\/div>\n\t\t\t<\/div>\n\t\t\t\t\t<a href=\"#lablist30\" class=\"accordion__toggle u-bold\" aria-expanded=\"false\" data-behaviour=\"accordion\">South Dakota<\/a>\n\t\t\t<div class=\"accordion__content\" id=\"lablist30\">\n\t\t\t\t<div class=\"u-grid u-grid--sm-4\">\n\t\t\t\t\t\t\t\t\t<\/div>\n\t\t\t<\/div>\n\t\t\t\t\t<a href=\"#lablist31\" class=\"accordion__toggle u-bold\" aria-expanded=\"false\" data-behaviour=\"accordion\">Tennessee<\/a>\n\t\t\t<div class=\"accordion__content\" id=\"lablist31\">\n\t\t\t\t<div class=\"u-grid u-grid--sm-4\">\n\t\t\t\t\t\t\t\t\t<\/div>\n\t\t\t<\/div>\n\t\t\t\t\t<a href=\"#lablist32\" class=\"accordion__toggle u-bold\" aria-expanded=\"false\" data-behaviour=\"accordion\">Texas<\/a>\n\t\t\t<div class=\"accordion__content\" id=\"lablist32\">\n\t\t\t\t<div class=\"u-grid u-grid--sm-4\">\n\t\t\t\t\t\t\t\t\t<\/div>\n\t\t\t<\/div>\n\t\t\t\t\t<a href=\"#lablist33\" class=\"accordion__toggle u-bold\" aria-expanded=\"false\" data-behaviour=\"accordion\">Utah<\/a>\n\t\t\t<div class=\"accordion__content\" id=\"lablist33\">\n\t\t\t\t<div class=\"u-grid u-grid--sm-4\">\n\t\t\t\t\t\t\t\t\t<\/div>\n\t\t\t<\/div>\n\t\t\t\t\t<a href=\"#lablist34\" class=\"accordion__toggle u-bold\" aria-expanded=\"false\" data-behaviour=\"accordion\">Virginia<\/a>\n\t\t\t<div class=\"accordion__content\" id=\"lablist34\">\n\t\t\t\t<div class=\"u-grid u-grid--sm-4\">\n\t\t\t\t\t\t\t\t\t<\/div>\n\t\t\t<\/div>\n\t\t\t\t\t<a href=\"#lablist35\" class=\"accordion__toggle u-bold\" aria-expanded=\"false\" data-behaviour=\"accordion\">Washington<\/a>\n\t\t\t<div class=\"accordion__content\" id=\"lablist35\">\n\t\t\t\t<div class=\"u-grid u-grid--sm-4\">\n\t\t\t\t\t\t\t\t\t<\/div>\n\t\t\t<\/div>\n\t\t\t<\/div>\n<\/div>\n","protected":false},"excerpt":{"rendered":"","protected":false},"author":6,"featured_media":0,"parent":0,"menu_order":0,"comment_status":"closed","ping_status":"closed","template":"","meta":{"_acf_changed":true,"footnotes":""},"class_list":["post-9968","page","type-page","status-publish","hentry"],"acf":[],"yoast_head":"<!-- This site is optimized with the Yoast SEO plugin v27.1.1 - https:\/\/yoast.com\/product\/yoast-seo-wordpress\/ -->\n<title>Labor-Finder USA - Original Photo Paper by FUJIFILM<\/title>\n<meta name=\"robots\" content=\"index, follow, max-snippet:-1, max-image-preview:large, max-video-preview:-1\" \/>\n<link rel=\"canonical\" href=\"https:\/\/www.originalphotopaper.com\/de\/find-a-lab-usa\/\" \/>\n<meta property=\"og:locale\" content=\"de_DE\" \/>\n<meta property=\"og:type\" content=\"article\" \/>\n<meta property=\"og:title\" content=\"Labor-Finder USA - Original Photo Paper by FUJIFILM\" \/>\n<meta property=\"og:url\" content=\"https:\/\/www.originalphotopaper.com\/de\/find-a-lab-usa\/\" \/>\n<meta property=\"og:site_name\" content=\"Original Photo Paper by FUJIFILM\" \/>\n<meta property=\"article:modified_time\" content=\"2025-05-21T15:37:11+00:00\" \/>\n<meta name=\"twitter:card\" content=\"summary_large_image\" \/>\n<script type=\"application\/ld+json\" class=\"yoast-schema-graph\">{\"@context\":\"https:\/\/schema.org\",\"@graph\":[{\"@type\":\"WebPage\",\"@id\":\"https:\/\/www.originalphotopaper.com\/de\/find-a-lab-usa\/\",\"url\":\"https:\/\/www.originalphotopaper.com\/de\/find-a-lab-usa\/\",\"name\":\"Labor-Finder USA - Original Photo Paper by FUJIFILM\",\"isPartOf\":{\"@id\":\"https:\/\/www.originalphotopaper.com\/de\/#website\"},\"datePublished\":\"2025-02-03T11:15:37+00:00\",\"dateModified\":\"2025-05-21T15:37:11+00:00\",\"breadcrumb\":{\"@id\":\"https:\/\/www.originalphotopaper.com\/de\/find-a-lab-usa\/#breadcrumb\"},\"inLanguage\":\"de-DE\",\"potentialAction\":[{\"@type\":\"ReadAction\",\"target\":[\"https:\/\/www.originalphotopaper.com\/de\/find-a-lab-usa\/\"]}]},{\"@type\":\"BreadcrumbList\",\"@id\":\"https:\/\/www.originalphotopaper.com\/de\/find-a-lab-usa\/#breadcrumb\",\"itemListElement\":[{\"@type\":\"ListItem\",\"position\":1,\"name\":\"Heim\",\"item\":\"https:\/\/www.originalphotopaper.com\/de\/\"},{\"@type\":\"ListItem\",\"position\":2,\"name\":\"Find a Lab USA\"}]},{\"@type\":\"WebSite\",\"@id\":\"https:\/\/www.originalphotopaper.com\/de\/#website\",\"url\":\"https:\/\/www.originalphotopaper.com\/de\/\",\"name\":\"Original Photo Paper by FUJIFILM\",\"description\":\"DISCOVER FUJIFILM ORIGINAL PHOTOGRAPHIC PAPERS\",\"potentialAction\":[{\"@type\":\"SearchAction\",\"target\":{\"@type\":\"EntryPoint\",\"urlTemplate\":\"https:\/\/www.originalphotopaper.com\/de\/?s={search_term_string}\"},\"query-input\":{\"@type\":\"PropertyValueSpecification\",\"valueRequired\":true,\"valueName\":\"search_term_string\"}}],\"inLanguage\":\"de-DE\"}]}<\/script>\n<!-- \/ Yoast SEO plugin. -->","yoast_head_json":{"title":"Labor-Finder USA - Original Photo Paper by FUJIFILM","robots":{"index":"index","follow":"follow","max-snippet":"max-snippet:-1","max-image-preview":"max-image-preview:large","max-video-preview":"max-video-preview:-1"},"canonical":"https:\/\/www.originalphotopaper.com\/de\/find-a-lab-usa\/","og_locale":"de_DE","og_type":"article","og_title":"Labor-Finder USA - Original Photo Paper by FUJIFILM","og_url":"https:\/\/www.originalphotopaper.com\/de\/find-a-lab-usa\/","og_site_name":"Original Photo Paper by FUJIFILM","article_modified_time":"2025-05-21T15:37:11+00:00","twitter_card":"summary_large_image","schema":{"@context":"https:\/\/schema.org","@graph":[{"@type":"WebPage","@id":"https:\/\/www.originalphotopaper.com\/de\/find-a-lab-usa\/","url":"https:\/\/www.originalphotopaper.com\/de\/find-a-lab-usa\/","name":"Labor-Finder USA - Original Photo Paper by FUJIFILM","isPartOf":{"@id":"https:\/\/www.originalphotopaper.com\/de\/#website"},"datePublished":"2025-02-03T11:15:37+00:00","dateModified":"2025-05-21T15:37:11+00:00","breadcrumb":{"@id":"https:\/\/www.originalphotopaper.com\/de\/find-a-lab-usa\/#breadcrumb"},"inLanguage":"de-DE","potentialAction":[{"@type":"ReadAction","target":["https:\/\/www.originalphotopaper.com\/de\/find-a-lab-usa\/"]}]},{"@type":"BreadcrumbList","@id":"https:\/\/www.originalphotopaper.com\/de\/find-a-lab-usa\/#breadcrumb","itemListElement":[{"@type":"ListItem","position":1,"name":"Heim","item":"https:\/\/www.originalphotopaper.com\/de\/"},{"@type":"ListItem","position":2,"name":"Find a Lab USA"}]},{"@type":"WebSite","@id":"https:\/\/www.originalphotopaper.com\/de\/#website","url":"https:\/\/www.originalphotopaper.com\/de\/","name":"Original Photo Paper by FUJIFILM","description":"DISCOVER FUJIFILM ORIGINAL PHOTOGRAPHIC PAPERS","potentialAction":[{"@type":"SearchAction","target":{"@type":"EntryPoint","urlTemplate":"https:\/\/www.originalphotopaper.com\/de\/?s={search_term_string}"},"query-input":{"@type":"PropertyValueSpecification","valueRequired":true,"valueName":"search_term_string"}}],"inLanguage":"de-DE"}]}},"_links":{"self":[{"href":"https:\/\/www.originalphotopaper.com\/de\/wp-json\/wp\/v2\/pages\/9968","targetHints":{"allow":["GET"]}}],"collection":[{"href":"https:\/\/www.originalphotopaper.com\/de\/wp-json\/wp\/v2\/pages"}],"about":[{"href":"https:\/\/www.originalphotopaper.com\/de\/wp-json\/wp\/v2\/types\/page"}],"author":[{"embeddable":true,"href":"https:\/\/www.originalphotopaper.com\/de\/wp-json\/wp\/v2\/users\/6"}],"replies":[{"embeddable":true,"href":"https:\/\/www.originalphotopaper.com\/de\/wp-json\/wp\/v2\/comments?post=9968"}],"version-history":[{"count":0,"href":"https:\/\/www.originalphotopaper.com\/de\/wp-json\/wp\/v2\/pages\/9968\/revisions"}],"wp:attachment":[{"href":"https:\/\/www.originalphotopaper.com\/de\/wp-json\/wp\/v2\/media?parent=9968"}],"curies":[{"name":"wp","href":"https:\/\/api.w.org\/{rel}","templated":true}]}}