{"id":10006,"date":"2023-05-03T08:42:28","date_gmt":"2023-05-03T08:42:28","guid":{"rendered":"https:\/\/www.originalphotopaper.com\/history\/"},"modified":"2025-07-14T13:45:36","modified_gmt":"2025-07-14T13:45:36","slug":"history","status":"publish","type":"page","link":"https:\/\/www.originalphotopaper.com\/es\/history\/","title":{"rendered":"Trayectoria"},"content":{"rendered":"<section class=\"page-title page-title--bokeh \">\n\t<div class=\"container container--reduced-padding page-title__content page-title__content--left container--large\">\n\t\t\t\t\t<h1 class=\"page-title__title\">Un original con una larga tradici\u00f3n<\/h1>\n\t\t\t\t\t\t\t<\/div>\n\t\t\t<div class=\"page-title__bg page-title__bg--1482585770\"><\/div>\n\t\t<style>\n    @media (min-width: 1440px) {\n        .page-title__bg--1482585770 {\n            background-image: url(https:\/\/fujihalide-live.s3.eu-west-1.amazonaws.com\/wp-content\/uploads\/2024\/11\/07105037\/bokeh-e1734007400897.png);\n            background-size: cover;\n            background-repeat: no-repeat;\n        }\n    }\n    @media (max-width: 1440px) {\n        .page-title__bg--1482585770 {\n            background-image: url(https:\/\/fujihalide-live.s3.eu-west-1.amazonaws.com\/wp-content\/uploads\/2024\/11\/07105037\/bokeh-e1734007400897.png);\n            background-size: cover;\n            background-repeat: no-repeat;\n        }\n    }\n    @media (max-width: 768px) {\n        .page-title__bg--1482585770 {\n            background-image: url(https:\/\/fujihalide-live.s3.eu-west-1.amazonaws.com\/wp-content\/uploads\/2024\/11\/07105037\/bokeh-e1734007400897-720x80.png);\n            background-size: cover;\n            background-repeat: no-repeat;\n        }\n    }\n    @media (max-width: 360px) {\n        .page-title__bg--1482585770 {\n            background-image: url(https:\/\/fujihalide-live.s3.eu-west-1.amazonaws.com\/wp-content\/uploads\/2024\/11\/07105037\/bokeh-e1734007400897-360x40.png);\n            background-size: cover;\n            background-repeat: no-repeat;\n        }\n    }\n<\/style>\t<\/section>\n\n\n\n<section class=\"content-slider\">\n\t\t\t<div class=\"content-slider__head\">\n\t\t\t<div class=\"container container--medium\">\n\t\t\t\t\t\t\t\t\t\t\t\t\t<p class=\"content-slider__intro\">Desde nuestra fundaci\u00f3n en 1934 como fabricante de pel\u00edculas fotogr\u00e1ficas, Fujifilm ha ido abri\u00e9ndose paso a nuevos mercados para establecer una fuerte presencia en todo el mundo. Nunca hemos cesado en la b\u00fasqueda de soluciones innovadoras, gracias a lo cual nuestros productos de papel de haluro de plata siguen liderando el mercado con la calidad original Fujicolor.\r\n\r\nHaz clic en los distintos cap\u00edtulos para obtener m\u00e1s informaci\u00f3n sobre la trayectoria y los logros de nuestra empresa.<\/p>\n\t\t\t\t\t\t\t<\/div>\n\t\t<\/div>\n\t\t\t\t<div class=\"glide\" data-ref=\"content-slider\"   data-center=\"true\" >\n\t\t\t<div class=\"glide__track\" data-glide-el=\"track\">\n\t\t\t\t<ul class=\"glide__slides\">\n\t\t\t\t\t\t\t\t\t\t\t\t<li class=\"slide\">\n\n\t\t<div class=\"slide__image\">\n\t\t\t\t\t\t\t\t\t<picture>\n    <img decoding=\"async\"   alt=\"\"\n    \n    src=\"https:\/\/fujihalide-live.s3.eu-west-1.amazonaws.com\/wp-content\/uploads\/2023\/05\/03083551\/heritage_1934-1160x850.webp\" width=\"1600\" height=\"1172\" loading=\"lazy\"\/> <\/picture>\n\t\t<\/div>\n\n\t\t\t\t\t<div class=\"slide__text\">\n\t\t\t\t\t\t\t\t\t<h4 class=\"slide__title\">1934<\/h4>\n\t\t\t\t\t\t\t\t\t\t\t\t\t<p>Creaci\u00f3n de Fuji Photo Film Co., Ltd., que hereda las operaciones de pel\u00edculas fotogr\u00e1ficas de Dainippon Celluloid Limited. La f\u00e1brica de Ashigara (actualmente llamada Kanagawa Factory) comienza a fabricar pel\u00edculas fotogr\u00e1ficas, papel de impresi\u00f3n, planchas secas y otros materiales fotosensibles.<\/p>\n\n\t\t\t\t\t\t\t\t\t\t\t<\/div>\n\t\t\n\t<\/li>\n\t\t\t\t\t\t\t\t\t\t\t\t<li class=\"slide\">\n\n\t\t<div class=\"slide__image\">\n\t\t\t\t\t\t\t\t\t<picture>\n    <img decoding=\"async\"   alt=\"\"\n    \n    src=\"https:\/\/fujihalide-live.s3.eu-west-1.amazonaws.com\/wp-content\/uploads\/2023\/05\/03083541\/heritage_1948-1160x846.webp\" width=\"1920\" height=\"1400\" loading=\"lazy\"\/> <\/picture>\n\t\t<\/div>\n\n\t\t\t\t\t<div class=\"slide__text\">\n\t\t\t\t\t\t\t\t\t<h4 class=\"slide__title\">1948<\/h4>\n\t\t\t\t\t\t\t\t\t\t\t\t\t<p>Nacimiento de la pel\u00edcula reversible en color, que graba una imagen positiva en una pel\u00edcula transparente. Las im\u00e1genes se montan en un marco que puede usarse en un proyector de diapositivas.<\/p>\n\n\t\t\t\t\t\t\t\t\t\t\t<\/div>\n\t\t\n\t<\/li>\n\t\t\t\t\t\t\t\t\t\t\t\t<li class=\"slide\">\n\n\t\t<div class=\"slide__image\">\n\t\t\t\t\t\t\t\t\t<picture>\n    <img decoding=\"async\"   alt=\"\"\n    \n    src=\"https:\/\/fujihalide-live.s3.eu-west-1.amazonaws.com\/wp-content\/uploads\/2023\/05\/03083531\/heritage_1958-1160x846.webp\" width=\"1920\" height=\"1400\" loading=\"lazy\"\/> <\/picture>\n\t\t<\/div>\n\n\t\t\t\t\t<div class=\"slide__text\">\n\t\t\t\t\t\t\t\t\t<h4 class=\"slide__title\">1958<\/h4>\n\t\t\t\t\t\t\t\t\t\t\t\t\t<p>Nacimiento de la pel\u00edcula negativa en color, que graba una imagen negativa en una pel\u00edcula transparente. La f\u00e1brica de Ashigara comienza a producir papel Fujicolor, el primer papel fotogr\u00e1fico para aficionados que se usa en combinaci\u00f3n con pel\u00edculas negativas en color.<\/p>\n\n\t\t\t\t\t\t\t\t\t\t\t<\/div>\n\t\t\n\t<\/li>\n\t\t\t\t\t\t\t\t\t\t\t\t<li class=\"slide\">\n\n\t\t<div class=\"slide__image\">\n\t\t\t\t\t\t\t\t\t<picture>\n    <img decoding=\"async\"   alt=\"\"\n    \n    src=\"https:\/\/fujihalide-live.s3.eu-west-1.amazonaws.com\/wp-content\/uploads\/2023\/05\/03083521\/heritage_1966-1160x846.webp\" width=\"1920\" height=\"1400\" loading=\"lazy\"\/> <\/picture>\n\t\t<\/div>\n\n\t\t\t\t\t<div class=\"slide__text\">\n\t\t\t\t\t\t\t\t\t<h4 class=\"slide__title\">1966<\/h4>\n\t\t\t\t\t\t\t\t\t\t\t\t\t<p>La f\u00e1brica de Ashigara presenta el primer papel Fujicolor profesional.<\/p>\n\n\t\t\t\t\t\t\t\t\t\t\t<\/div>\n\t\t\n\t<\/li>\n\t\t\t\t\t\t\t\t\t\t\t\t<li class=\"slide\">\n\n\t\t<div class=\"slide__image\">\n\t\t\t\t\t\t\t\t\t<picture>\n    <img decoding=\"async\"   alt=\"\"\n    \n    src=\"https:\/\/fujihalide-live.s3.eu-west-1.amazonaws.com\/wp-content\/uploads\/2023\/05\/03083512\/heritage_1982-1160x846.webp\" width=\"1920\" height=\"1400\" loading=\"lazy\"\/> <\/picture>\n\t\t<\/div>\n\n\t\t\t\t\t<div class=\"slide__text\">\n\t\t\t\t\t\t\t\t\t<h4 class=\"slide__title\">1982<\/h4>\n\t\t\t\t\t\t\t\t\t\t\t\t\t<p>FUJIFILM Manufacturing Europe comienza a producir la pel\u00edcula negativa en color y el papel fotogr\u00e1fico de la generaci\u00f3n anal\u00f3gica EP2. En los a\u00f1os siguientes, Fujifilm va mejorando progresivamente el tiempo de revelado, desde los tres minutos hasta los 19 segundos del papel FA02 actual.<\/p>\n\n\t\t\t\t\t\t\t\t\t\t\t<\/div>\n\t\t\n\t<\/li>\n\t\t\t\t\t\t\t\t\t\t\t\t<li class=\"slide\">\n\n\t\t<div class=\"slide__image\">\n\t\t\t\t\t\t\t\t\t<picture>\n    <img decoding=\"async\"   alt=\"\"\n    \n    src=\"https:\/\/fujihalide-live.s3.eu-west-1.amazonaws.com\/wp-content\/uploads\/2023\/05\/03083500\/heritage_2008-1160x846.webp\" width=\"1920\" height=\"1400\" loading=\"lazy\"\/> <\/picture>\n\t\t<\/div>\n\n\t\t\t\t\t<div class=\"slide__text\">\n\t\t\t\t\t\t\t\t\t<h4 class=\"slide__title\">2008<\/h4>\n\t\t\t\t\t\t\t\t\t\t\t\t\t<p>FUJIFILM Manufacturing Europe presenta nuevos tipos de papel fotogr\u00e1fico: para \u00e1lbum, para aficionados y DP II, Pearl y Supreme HD, para la l\u00ednea profesional.<\/p>\n\n\t\t\t\t\t\t\t\t\t\t\t<\/div>\n\t\t\n\t<\/li>\n\t\t\t\t\t\t\t\t\t\t\t\t<li class=\"slide\">\n\n\t\t<div class=\"slide__image\">\n\t\t\t\t\t\t\t\t\t<picture>\n    <img decoding=\"async\"   alt=\"\"\n    \n    src=\"https:\/\/fujihalide-live.s3.eu-west-1.amazonaws.com\/wp-content\/uploads\/2023\/05\/03083450\/heritage_2009-1160x846.webp\" width=\"1920\" height=\"1400\" loading=\"lazy\"\/> <\/picture>\n\t\t<\/div>\n\n\t\t\t\t\t<div class=\"slide__text\">\n\t\t\t\t\t\t\t\t\t<h4 class=\"slide__title\">2009<\/h4>\n\t\t\t\t\t\t\t\t\t\t\t\t\t<p>FUJIFILM Manufacturing Europe presenta el primer papel fotogr\u00e1fico sobre el que se puede escribir con bol\u00edgrafo y que puede usarse para calendarios y postales.<\/p>\n\n\t\t\t\t\t\t\t\t\t\t\t<\/div>\n\t\t\n\t<\/li>\n\t\t\t\t\t\t\t\t\t\t\t\t<li class=\"slide\">\n\n\t\t<div class=\"slide__image\">\n\t\t\t\t\t\t\t\t\t<picture>\n    <img decoding=\"async\"   alt=\"\"\n    \n    src=\"https:\/\/fujihalide-live.s3.eu-west-1.amazonaws.com\/wp-content\/uploads\/2023\/05\/03083441\/heritage_2010-1160x846.webp\" width=\"1920\" height=\"1400\" loading=\"lazy\"\/> <\/picture>\n\t\t<\/div>\n\n\t\t\t\t\t<div class=\"slide__text\">\n\t\t\t\t\t\t\t\t\t<h4 class=\"slide__title\">2010<\/h4>\n\t\t\t\t\t\t\t\t\t\t\t\t\t<p>Debido al gran \u00e9xito del Album Paper, FUJIFILM Manufacturing presenta el Album HD Paper, dise\u00f1ado para la producci\u00f3n de \u00e1lbumes de fotos por sus colores m\u00e1s n\u00edtidos.<\/p>\n\n\t\t\t\t\t\t\t\t\t\t\t<\/div>\n\t\t\n\t<\/li>\n\t\t\t\t\t\t\t\t\t\t\t\t<li class=\"slide\">\n\n\t\t<div class=\"slide__image\">\n\t\t\t\t\t\t\t\t\t<picture>\n    <img decoding=\"async\"   alt=\"\"\n    \n    src=\"https:\/\/fujihalide-live.s3.eu-west-1.amazonaws.com\/wp-content\/uploads\/2023\/05\/03083431\/heritage_2013-1160x846.webp\" width=\"1920\" height=\"1400\" loading=\"lazy\"\/> <\/picture>\n\t\t<\/div>\n\n\t\t\t\t\t<div class=\"slide__text\">\n\t\t\t\t\t\t\t\t\t<h4 class=\"slide__title\">2013<\/h4>\n\t\t\t\t\t\t\t\t\t\t\t\t\t<p>Tras cuatro a\u00f1os de creciente \u00e9xito y desarrollo del papel para \u00e1lbum en toda Europa, se crean dos nuevos tipos de papel para su uso en todo el mundo.<\/p>\n\n\t\t\t\t\t\t\t\t\t\t\t<\/div>\n\t\t\n\t<\/li>\n\t\t\t\t\t\t\t\t\t\t\t\t<li class=\"slide\">\n\n\t\t<div class=\"slide__image\">\n\t\t\t\t\t\t\t\t\t<picture>\n    <img decoding=\"async\"   alt=\"\"\n    \n    src=\"https:\/\/fujihalide-live.s3.eu-west-1.amazonaws.com\/wp-content\/uploads\/2023\/05\/03083420\/heritage_2015-1160x846.webp\" width=\"1920\" height=\"1400\" loading=\"lazy\"\/> <\/picture>\n\t\t<\/div>\n\n\t\t\t\t\t<div class=\"slide__text\">\n\t\t\t\t\t\t\t\t\t<h4 class=\"slide__title\">2015<\/h4>\n\t\t\t\t\t\t\t\t\t\t\t\t\t<p>Fujifilm presenta el Premium HDX Paper, un papel resistente y grueso (215 \u03bcm) para \u00e1lbumes de fotos de gama alta.<\/p>\n\n\t\t\t\t\t\t\t\t\t\t\t<\/div>\n\t\t\n\t<\/li>\n\t\t\t\t\t\t\t\t\t\t\t\t<li class=\"slide\">\n\n\t\t<div class=\"slide__image\">\n\t\t\t\t\t\t\t\t\t<picture>\n    <img decoding=\"async\"   alt=\"\"\n    \n    src=\"https:\/\/fujihalide-live.s3.eu-west-1.amazonaws.com\/wp-content\/uploads\/2023\/05\/03083409\/heritage_2015b-1160x846.webp\" width=\"1920\" height=\"1400\" loading=\"lazy\"\/> <\/picture>\n\t\t<\/div>\n\n\t\t\t\t\t<div class=\"slide__text\">\n\t\t\t\t\t\t\t\t\t<h4 class=\"slide__title\">2015<\/h4>\n\t\t\t\t\t\t\t\t\t\t\t\t\t<p>FUJIFILM Europe crea y presenta dos papeles fotogr\u00e1ficos exclusivos, llamados Creative Papers: Velvet y Textured Canvas.<\/p>\n\n\t\t\t\t\t\t\t\t\t\t\t<\/div>\n\t\t\n\t<\/li>\n\t\t\t\t\t\t\t\t\t\t\t\t<li class=\"slide\">\n\n\t\t<div class=\"slide__image\">\n\t\t\t\t\t\t\t\t\t<picture>\n    <img decoding=\"async\"   alt=\"\"\n    \n    src=\"https:\/\/fujihalide-live.s3.eu-west-1.amazonaws.com\/wp-content\/uploads\/2023\/05\/03083359\/heritage_2016-1160x846.webp\" width=\"1920\" height=\"1400\" loading=\"lazy\"\/> <\/picture>\n\t\t<\/div>\n\n\t\t\t\t\t<div class=\"slide__text\">\n\t\t\t\t\t\t\t\t\t<h4 class=\"slide__title\">2016<\/h4>\n\t\t\t\t\t\t\t\t\t\t\t\t\t<p>Al \u00e9xito inicial de la l\u00ednea Creative Paper sigue la presentaci\u00f3n de los papeles fotogr\u00e1ficos Textured Linen, Textured Leather y Velvet Type S, que son versiones m\u00e1s finas para \u00e1lbumes de fotos.<\/p>\n\n\t\t\t\t\t\t\t\t\t\t\t<\/div>\n\t\t\n\t<\/li>\n\t\t\t\t\t\t\t\t\t\t\t\t<li class=\"slide\">\n\n\t\t<div class=\"slide__image\">\n\t\t\t\t\t\t\t\t\t<picture>\n    <img decoding=\"async\"   alt=\"\"\n    \n    src=\"https:\/\/fujihalide-live.s3.eu-west-1.amazonaws.com\/wp-content\/uploads\/2023\/05\/03083350\/heritage_2017-1160x846.webp\" width=\"1920\" height=\"1400\" loading=\"lazy\"\/> <\/picture>\n\t\t<\/div>\n\n\t\t\t\t\t<div class=\"slide__text\">\n\t\t\t\t\t\t\t\t\t<h4 class=\"slide__title\">2017<\/h4>\n\t\t\t\t\t\t\t\t\t\t\t\t\t<p>Fujifilm presenta la \u00faltima novedad en la gama de papel para \u00e1lbum: Album Paper XS (135 \u03bcm), un papel fotogr\u00e1fico m\u00e1s fino que permite incluir m\u00e1s p\u00e1ginas en los \u00e1lbumes de fotos.<\/p>\n\n\t\t\t\t\t\t\t\t\t\t\t<\/div>\n\t\t\n\t<\/li>\n\t\t\t\t\t\t\t\t\t<\/ul>\n\t\t\t<\/div>\n\t\t\t<div class=\"content-slider__arrows\" data-glide-el=\"controls\">\n\t<button class=\"content-slider__arrow content-slider__arrow--left\" data-glide-dir=\"&lt;\"><svg width=\"48\" height=\"48\" fill=\"none\" xmlns=\"http:\/\/www.w3.org\/2000\/svg\"><rect width=\"48\" height=\"48\" rx=\"24\" fill=\"#fff\" fill-opacity=\".9\"\/><path d=\"M12.94 25.06a1.5 1.5 0 0 1 0-2.12l9.545-9.547a1.5 1.5 0 1 1 2.122 2.122L16.12 24l8.486 8.485a1.5 1.5 0 1 1-2.122 2.122L12.94 25.06zM34 25.5H14v-3h20v3z\" fill=\"#001A15\"\/><\/svg><\/button>\n\t<button class=\"content-slider__arrow content-slider__arrow--right\" data-glide-dir=\"&gt;\"><svg width=\"48\" height=\"48\" fill=\"none\" xmlns=\"http:\/\/www.w3.org\/2000\/svg\"><rect width=\"48\" height=\"48\" rx=\"24\" fill=\"#fff\" fill-opacity=\".9\"\/><path d=\"M35.06 25.06a1.5 1.5 0 0 0 0-2.12l-9.545-9.547a1.5 1.5 0 1 0-2.122 2.122L31.88 24l-8.486 8.485a1.5 1.5 0 1 0 2.122 2.122l9.546-9.546zM14 25.5h20v-3H14v3z\" fill=\"#001A15\"\/><\/svg><\/button>\n<\/div>\n\t\t<\/div>\n\t<\/section>\n","protected":false},"excerpt":{"rendered":"","protected":false},"author":1,"featured_media":0,"parent":0,"menu_order":0,"comment_status":"closed","ping_status":"closed","template":"","meta":{"_acf_changed":true,"footnotes":""},"class_list":["post-10006","page","type-page","status-publish","hentry"],"acf":[],"yoast_head":"<!-- This site is optimized with the Yoast SEO plugin v27.1.1 - https:\/\/yoast.com\/product\/yoast-seo-wordpress\/ -->\n<title>Trayectoria - Original Photo Paper by FUJIFILM<\/title>\n<meta name=\"robots\" content=\"index, follow, max-snippet:-1, max-image-preview:large, max-video-preview:-1\" \/>\n<link rel=\"canonical\" href=\"https:\/\/www.originalphotopaper.com\/es\/history\/\" \/>\n<meta property=\"og:locale\" content=\"es_ES\" \/>\n<meta property=\"og:type\" content=\"article\" \/>\n<meta property=\"og:title\" content=\"Trayectoria - Original Photo Paper by FUJIFILM\" \/>\n<meta property=\"og:url\" content=\"https:\/\/www.originalphotopaper.com\/es\/history\/\" \/>\n<meta property=\"og:site_name\" content=\"Original Photo Paper by FUJIFILM\" \/>\n<meta property=\"article:modified_time\" content=\"2025-07-14T13:45:36+00:00\" \/>\n<meta name=\"twitter:card\" content=\"summary_large_image\" \/>\n<script type=\"application\/ld+json\" class=\"yoast-schema-graph\">{\"@context\":\"https:\/\/schema.org\",\"@graph\":[{\"@type\":\"WebPage\",\"@id\":\"https:\/\/www.originalphotopaper.com\/es\/history\/\",\"url\":\"https:\/\/www.originalphotopaper.com\/es\/history\/\",\"name\":\"Trayectoria - Original Photo Paper by FUJIFILM\",\"isPartOf\":{\"@id\":\"https:\/\/www.originalphotopaper.com\/es\/#website\"},\"datePublished\":\"2023-05-03T08:42:28+00:00\",\"dateModified\":\"2025-07-14T13:45:36+00:00\",\"breadcrumb\":{\"@id\":\"https:\/\/www.originalphotopaper.com\/es\/history\/#breadcrumb\"},\"inLanguage\":\"es-ES\",\"potentialAction\":[{\"@type\":\"ReadAction\",\"target\":[\"https:\/\/www.originalphotopaper.com\/es\/history\/\"]}]},{\"@type\":\"BreadcrumbList\",\"@id\":\"https:\/\/www.originalphotopaper.com\/es\/history\/#breadcrumb\",\"itemListElement\":[{\"@type\":\"ListItem\",\"position\":1,\"name\":\"Hogar\",\"item\":\"https:\/\/www.originalphotopaper.com\/es\/\"},{\"@type\":\"ListItem\",\"position\":2,\"name\":\"History\"}]},{\"@type\":\"WebSite\",\"@id\":\"https:\/\/www.originalphotopaper.com\/es\/#website\",\"url\":\"https:\/\/www.originalphotopaper.com\/es\/\",\"name\":\"Original Photo Paper by FUJIFILM\",\"description\":\"DISCOVER FUJIFILM ORIGINAL PHOTOGRAPHIC PAPERS\",\"potentialAction\":[{\"@type\":\"SearchAction\",\"target\":{\"@type\":\"EntryPoint\",\"urlTemplate\":\"https:\/\/www.originalphotopaper.com\/es\/?s={search_term_string}\"},\"query-input\":{\"@type\":\"PropertyValueSpecification\",\"valueRequired\":true,\"valueName\":\"search_term_string\"}}],\"inLanguage\":\"es-ES\"}]}<\/script>\n<!-- \/ Yoast SEO plugin. -->","yoast_head_json":{"title":"Trayectoria - Original Photo Paper by FUJIFILM","robots":{"index":"index","follow":"follow","max-snippet":"max-snippet:-1","max-image-preview":"max-image-preview:large","max-video-preview":"max-video-preview:-1"},"canonical":"https:\/\/www.originalphotopaper.com\/es\/history\/","og_locale":"es_ES","og_type":"article","og_title":"Trayectoria - Original Photo Paper by FUJIFILM","og_url":"https:\/\/www.originalphotopaper.com\/es\/history\/","og_site_name":"Original Photo Paper by FUJIFILM","article_modified_time":"2025-07-14T13:45:36+00:00","twitter_card":"summary_large_image","schema":{"@context":"https:\/\/schema.org","@graph":[{"@type":"WebPage","@id":"https:\/\/www.originalphotopaper.com\/es\/history\/","url":"https:\/\/www.originalphotopaper.com\/es\/history\/","name":"Trayectoria - Original Photo Paper by FUJIFILM","isPartOf":{"@id":"https:\/\/www.originalphotopaper.com\/es\/#website"},"datePublished":"2023-05-03T08:42:28+00:00","dateModified":"2025-07-14T13:45:36+00:00","breadcrumb":{"@id":"https:\/\/www.originalphotopaper.com\/es\/history\/#breadcrumb"},"inLanguage":"es-ES","potentialAction":[{"@type":"ReadAction","target":["https:\/\/www.originalphotopaper.com\/es\/history\/"]}]},{"@type":"BreadcrumbList","@id":"https:\/\/www.originalphotopaper.com\/es\/history\/#breadcrumb","itemListElement":[{"@type":"ListItem","position":1,"name":"Hogar","item":"https:\/\/www.originalphotopaper.com\/es\/"},{"@type":"ListItem","position":2,"name":"History"}]},{"@type":"WebSite","@id":"https:\/\/www.originalphotopaper.com\/es\/#website","url":"https:\/\/www.originalphotopaper.com\/es\/","name":"Original Photo Paper by FUJIFILM","description":"DISCOVER FUJIFILM ORIGINAL PHOTOGRAPHIC PAPERS","potentialAction":[{"@type":"SearchAction","target":{"@type":"EntryPoint","urlTemplate":"https:\/\/www.originalphotopaper.com\/es\/?s={search_term_string}"},"query-input":{"@type":"PropertyValueSpecification","valueRequired":true,"valueName":"search_term_string"}}],"inLanguage":"es-ES"}]}},"_links":{"self":[{"href":"https:\/\/www.originalphotopaper.com\/es\/wp-json\/wp\/v2\/pages\/10006","targetHints":{"allow":["GET"]}}],"collection":[{"href":"https:\/\/www.originalphotopaper.com\/es\/wp-json\/wp\/v2\/pages"}],"about":[{"href":"https:\/\/www.originalphotopaper.com\/es\/wp-json\/wp\/v2\/types\/page"}],"author":[{"embeddable":true,"href":"https:\/\/www.originalphotopaper.com\/es\/wp-json\/wp\/v2\/users\/1"}],"replies":[{"embeddable":true,"href":"https:\/\/www.originalphotopaper.com\/es\/wp-json\/wp\/v2\/comments?post=10006"}],"version-history":[{"count":0,"href":"https:\/\/www.originalphotopaper.com\/es\/wp-json\/wp\/v2\/pages\/10006\/revisions"}],"wp:attachment":[{"href":"https:\/\/www.originalphotopaper.com\/es\/wp-json\/wp\/v2\/media?parent=10006"}],"curies":[{"name":"wp","href":"https:\/\/api.w.org\/{rel}","templated":true}]}}