{"id":10054,"date":"2023-03-30T09:01:21","date_gmt":"2023-03-30T09:01:21","guid":{"rendered":"https:\/\/www.originalphotopaper.com\/faqs\/"},"modified":"2025-05-27T10:55:48","modified_gmt":"2025-05-27T10:55:48","slug":"faqs","status":"publish","type":"page","link":"https:\/\/www.originalphotopaper.com\/es\/faqs\/","title":{"rendered":"Preguntas frecuentes"},"content":{"rendered":"<section class=\"page-title \">\n\t<div class=\"container container--reduced-padding page-title__content\">\n\t\t\t\t\t<h1 class=\"page-title__title\">\u00bfC\u00f3mo podemos ayudarle hoy?<\/h1>\n\t\t\t\t\t\t\t<\/div>\n\t<\/section>\n\n\n<div class=\"container container--small\">\n\t<div class=\"accordion\">\n\t\t\t\t\t<div class=\"accordion__section\">\n\t\t\t\t<h2 class=\"accordion__heading\">Sostenibilidad<\/h2>\n\t\t\t\t\t\t\t\t\t<a href=\"#disponen-de-informacion-detallada-o-en-su-defecto-cualquier-tipo-de-informacion-acerca-de-la-plata-y-el-resto-de-metales-utilizados-para-el-papel-fotografico-fujifilm-y-sus-efectos-sobre-el-1\" class=\"accordion__toggle u-bold\" aria-expanded=\"false\" data-behaviour=\"accordion\">\u00bfDisponen de informaci\u00f3n detallada (o, en su defecto, cualquier tipo de informaci\u00f3n) acerca de la plata y el resto de metales utilizados para el papel fotogr\u00e1fico Fujifilm y sus efectos sobre el medio ambiente?<\/a>\n\t\t\t\t\t<div class=\"accordion__content\" id=\"disponen-de-informacion-detallada-o-en-su-defecto-cualquier-tipo-de-informacion-acerca-de-la-plata-y-el-resto-de-metales-utilizados-para-el-papel-fotografico-fujifilm-y-sus-efectos-sobre-el-1\">\n\t\t\t\t\t\t<div class=\"accordion__content-text\"><span lang=\"ES-TRAD\">En la actualidad, solo podemos ofrecer una estimaci\u00f3n del c\u00e1lculo de la huella de carbono para el Supreme. El componente predominante para realizar el c\u00e1lculo del CO<sub>2<\/sub> es el papel de base (4.000\u00a0g\/kg). Pensamos que se trata de un valor superior al del papel normal (aproximadamente 2.000\u00a0g\/kg), debido a la mayor densidad de nuestro papel. Hemos recibido esta informaci\u00f3n de nuestro proveedor de papel, no hemos conseguido su c\u00e1lculo completo. Principalmente por este motivo, indicamos que se trata de una estimaci\u00f3n aproximada. El resto del CO<sub>2<\/sub> tiene su origen en la emulsi\u00f3n, el recubrimiento y el acabado, incluyendo el envasado, que se desarrolla en nuestras instalaciones de Tilburg. Estimaci\u00f3n de la huella del carbono del Supreme: 6.500\u00a0g\/kg de producto.<\/span><\/div>\n\t\t\t\t\t<\/div>\n\t\t\t\t\t\t\t\t\t<a href=\"#el-papel-de-fujifilm-se-blanquea-con-cloruros-2\" class=\"accordion__toggle u-bold\" aria-expanded=\"false\" data-behaviour=\"accordion\">\u00bfEl papel de Fujifilm se blanquea con cloruros?<\/a>\n\t\t\t\t\t<div class=\"accordion__content\" id=\"el-papel-de-fujifilm-se-blanquea-con-cloruros-2\">\n\t\t\t\t\t\t<div class=\"accordion__content-text\"><span lang=\"ES-TRAD\">EL papel de Fujifilm est\u00e1 exento de cloro elemental (ECF, por sus siglas en ingl\u00e9s).\n<\/span><\/div>\n\t\t\t\t\t<\/div>\n\t\t\t\t\t\t\t\t\t<a href=\"#el-papel-fotografico-es-un-producto-vegano-3\" class=\"accordion__toggle u-bold\" aria-expanded=\"false\" data-behaviour=\"accordion\">\u00bfEl papel fotogr\u00e1fico es un producto vegano?<\/a>\n\t\t\t\t\t<div class=\"accordion__content\" id=\"el-papel-fotografico-es-un-producto-vegano-3\">\n\t\t\t\t\t\t<div class=\"accordion__content-text\">Todas las pel\u00edculas y papeles fotogr\u00e1ficos contienen una peque\u00f1a cantidad de gelatina. La gelatina que utilizamos es un subproducto de la industria agr\u00edcola. Peque\u00f1as cantidades de gelatina han sido durante mucho tiempo una parte importante de la fotograf\u00eda basada en pel\u00edcula y de la impresi\u00f3n fotogr\u00e1fica. La gelatina se utiliza de dos maneras. Se utiliza para unir las finas capas sensibles a la luz de la pel\u00edcula fotogr\u00e1fica y tambi\u00e9n para mantener unidos los cristales de haluro de plata de una emulsi\u00f3n, lo que permite que el papel fotogr\u00e1fico mantenga una imagen.<\/div>\n\t\t\t\t\t<\/div>\n\t\t\t\t\t\t\t\t\t<a href=\"#en-que-medida-es-ecologica-la-fabrica-de-papel-de-fujifilm-4\" class=\"accordion__toggle u-bold\" aria-expanded=\"false\" data-behaviour=\"accordion\">\u00bfEn qu\u00e9 medida es ecol\u00f3gica la f\u00e1brica de papel de Fujifilm?<\/a>\n\t\t\t\t\t<div class=\"accordion__content\" id=\"en-que-medida-es-ecologica-la-fabrica-de-papel-de-fujifilm-4\">\n\t\t\t\t\t\t<div class=\"accordion__content-text\">Como ya indicamos en \u00abNos preocupamos\u00bb, estudiamos continuamente la forma de mejorar en el campo de la sostenibilidad. Actualmente, podemos afirmar lo siguiente respecto a Fujifilm Manufacturing Europe\u00a0B.V.:\n\n<strong>Energ\u00edas renovables<\/strong>\nEn la actualidad, disponemos de 5\u00a0aerogeneradores en las instalaciones de producci\u00f3n de Fujifilm en Tilburg. Aportan el 30\u00a0% de la electricidad. El resto de la electricidad procede de un parque e\u00f3lico que genera el 100\u00a0% de energ\u00eda verde.\n\n<strong>Objetivos<\/strong>\nReducir en un 30\u00a0% la cantidad de residuos generados por el Grupo Fujifilm para 2030 (respecto al nivel de 2013).\nReducir en un 30\u00a0% la cantidad de agua consumida por el Grupo Fujifilm en las actividades de producci\u00f3n para 2030 (respecto al nivel de 2013).\nReducir en un 45\u00a0% las emisiones de CO<sub>2<\/sub> del Grupo Fujifilm para 2030 (respecto al nivel de 2013).\n\n<strong>Planes<\/strong>\n<em>1. Residuos:<\/em>\na. Reducci\u00f3n de residuos en el proceso\nb. Hacia un mayor nivel de reciclaje por la generaci\u00f3n de flujos individuales de residuos. De todos modos, el reciclaje mediante flujos individuales se aplica como est\u00e1ndar en Fujifilm Manufacturing desde hace a\u00f1os.\n\n<em>2. Agua:<\/em>\nEstudio en desarrollo para:\na. Reducir el uso de aguas subterr\u00e1neas\nb. Reutilizar los caudales de aguas residuales a su salida de una \u00abplanta de tratamiento de aguas residuales\u00bb\n\n<em>3. Estudio en desarrollo:<\/em>\na. Reducci\u00f3n del consumo de energ\u00eda (por ejemplo, mediante uso de bombas de calor en lugar de vapor)\nb. Electrificaci\u00f3n (de gas a electricidad)\nc. Uso de combustibles no f\u00f3siles (a m\u00e1s largo plazo)\n\n<em>4. Con la ISO14001 se ha introducido la perspectiva de ciclo de vida \u00fatil (= cuidar la sostenibilidad a trav\u00e9s de toda la cadena).<\/em><\/div>\n\t\t\t\t\t<\/div>\n\t\t\t\t\t\t\t<\/div>\n\t\t\t\t\t<div class=\"accordion__section\">\n\t\t\t\t<h2 class=\"accordion__heading\">Informaci\u00f3n t\u00e9cnica<\/h2>\n\t\t\t\t\t\t\t\t\t<a href=\"#como-debo-guardar-mis-copias-1\" class=\"accordion__toggle u-bold\" aria-expanded=\"false\" data-behaviour=\"accordion\">\u00bfC\u00f3mo debo guardar mis copias?<\/a>\n\t\t\t\t\t<div class=\"accordion__content\" id=\"como-debo-guardar-mis-copias-1\">\n\t\t\t\t\t\t<div class=\"accordion__content-text\">Para mantener las copias en las mejores condiciones durante el m\u00e1ximo de tiempo posible, pueden ser de ayuda unas cuantas indicaciones.\n&#8211; Gu\u00e1rdelas en un lugar fresco y seco. No obstante, lo m\u00e1s importante es que el ambiente sea seco.\n&#8211; No deben producirse fluctuaciones importantes de temperatura.\n&#8211; Gu\u00e1rdelas en un lugar oscuro.\n&#8211; No las deje en el estante inferior. Si hubiera agua en el suelo, las copias podr\u00edan sufrir da\u00f1os.<\/div>\n\t\t\t\t\t<\/div>\n\t\t\t\t\t\t\t\t\t<a href=\"#como-elijo-el-tipo-de-papel-adecuado-para-mis-necesidades-2\" class=\"accordion__toggle u-bold\" aria-expanded=\"false\" data-behaviour=\"accordion\">\u00bfC\u00f3mo elijo el tipo de papel adecuado para mis necesidades?<\/a>\n\t\t\t\t\t<div class=\"accordion__content\" id=\"como-elijo-el-tipo-de-papel-adecuado-para-mis-necesidades-2\">\n\t\t\t\t\t\t<div class=\"accordion__content-text\">Cada tipo de papel puede narrar la misma historia de manera diferente. Dependiendo de lo que quiera destacar en la imagen (la suavidad del agua o la crudeza del paisaje), pueden resultar adecuados diferentes papeles.\nEs importante recordar que no todos los laboratorios fotogr\u00e1ficos ofrecen todos los papeles de nuestro cat\u00e1logo. Puede ocurrir que el papel que busca no se encuentre disponible en un laboratorio fotogr\u00e1fico cercano.<\/div>\n\t\t\t\t\t<\/div>\n\t\t\t\t\t\t\t\t\t<a href=\"#como-se-preparan-los-archivos-para-la-impresion-3\" class=\"accordion__toggle u-bold\" aria-expanded=\"false\" data-behaviour=\"accordion\">\u00bfC\u00f3mo se preparan los archivos para la impresi\u00f3n?<\/a>\n\t\t\t\t\t<div class=\"accordion__content\" id=\"como-se-preparan-los-archivos-para-la-impresion-3\">\n\t\t\t\t\t\t<div class=\"accordion__content-text\">Es importante preparar adecuadamente la imagen antes de hacer el pedido de las copias. Para asegurarse de que todo est\u00e1 en orden, compruebe los requisitos directamente en la web del laboratorio fotogr\u00e1fico. A menudo, indican los requisitos para enviar los archivos y es posible que difieran un poco de lo que indicamos aqu\u00ed.\n\nHay unas cuantas reglas que es preciso tener presente:\n1. Env\u00ede siempre los archivos originales. No los comprima.\n2. Los archivos deben estar guardados en formato JPEG (algunos laboratorios fotogr\u00e1ficos tambi\u00e9n aceptan TIF o PDF).\n3. La resoluci\u00f3n debe ser de 300\u00a0ppp (p\u00edxeles por pulgada o puntos por pulgada).\n4. Los archivos deben estar guardados en RGB de 8\u00a0bits.<\/div>\n\t\t\t\t\t<\/div>\n\t\t\t\t\t\t\t\t\t<a href=\"#cual-es-la-diferencia-entre-las-impresiones-de-tipo-c-y-giclee-4\" class=\"accordion__toggle u-bold\" aria-expanded=\"false\" data-behaviour=\"accordion\">\u00bfCu\u00e1l es la diferencia entre las impresiones de tipo C y Gicl\u00e9e?<\/a>\n\t\t\t\t\t<div class=\"accordion__content\" id=\"cual-es-la-diferencia-entre-las-impresiones-de-tipo-c-y-giclee-4\">\n\t\t\t\t\t\t<div class=\"accordion__content-text\">En pocas palabras, la impresi\u00f3n de tipo\u00a0C emplea papel fotogr\u00e1fico para generar una imagen. Por el contrario, la impresi\u00f3n Gicl\u00e9e utiliza papel para impresora de chorro de tinta.<\/div>\n\t\t\t\t\t<\/div>\n\t\t\t\t\t\t\t\t\t<a href=\"#cual-es-la-diferencia-entre-los-sistemas-de-impresion-rgb-y-cmyk-5\" class=\"accordion__toggle u-bold\" aria-expanded=\"false\" data-behaviour=\"accordion\">\u00bfCu\u00e1l es la diferencia entre los sistemas de impresi\u00f3n RGB y CMYK?<\/a>\n\t\t\t\t\t<div class=\"accordion__content\" id=\"cual-es-la-diferencia-entre-los-sistemas-de-impresion-rgb-y-cmyk-5\">\n\t\t\t\t\t\t<div class=\"accordion__content-text\">RGB (rojo, verde, azul, por sus siglas en ingl\u00e9s) es el sistema est\u00e1ndar para fotograf\u00eda, que permite especificar todos los colores, aplicando diversas proporciones, para obtener cualquier color del espectro visible.\n\nCMYK hace referencia a las cuatro tintas utilizadas en un proceso est\u00e1ndar de impresi\u00f3n por \u00abcuatricom\u00eda\u00bb (cian, magenta, amarillo y negro). La K de CMYK es la inicial de \u00abKey\u00bb. La \u00abkey plate\u00bb era una placa maestra que a\u00f1ad\u00eda el detalle art\u00edstico a una imagen impresa. Este planteamiento es cierto puesto que la placa negra en la impresi\u00f3n mediante un proceso de cuatricom\u00eda potencia el contraste y genera \u00abdetalle\u00bb.\n\nPero no es preciso preocuparse por esto. Simplemente, guarde todos sus archivos en RGB (ya que es un sistema m\u00e1s extendido que el CMYK), y, en caso de impresi\u00f3n offset, la empresa de reprograf\u00eda individualizar\u00e1 el archivo antes de procesarlo en la prensa.<\/div>\n\t\t\t\t\t<\/div>\n\t\t\t\t\t\t\t\t\t<a href=\"#cuanto-dura-una-impresion-como-debo-guardar-mis-copias-6\" class=\"accordion__toggle u-bold\" aria-expanded=\"false\" data-behaviour=\"accordion\">\u00bfCu\u00e1nto dura una impresi\u00f3n?\/\u00bfC\u00f3mo debo guardar mis copias?<\/a>\n\t\t\t\t\t<div class=\"accordion__content\" id=\"cuanto-dura-una-impresion-como-debo-guardar-mis-copias-6\">\n\t\t\t\t\t\t<div class=\"accordion__content-text\">Hay muchos<b> <\/b>factores que influyen en la duraci\u00f3n de una impresi\u00f3n, como el tipo de luz y su intensidad, el tiempo de exposici\u00f3n (luz LED de alta calidad), las condiciones de almacenamiento, etc. Una fotograf\u00eda impresa en papel fotogr\u00e1fico durar\u00e1 alrededor de 40\u00a0a\u00f1os expuesta a la luz natural. Si se conserva en la oscuridad y en las condiciones adecuadas, puede durar hasta 80\u00a0a\u00f1os. Una excepci\u00f3n a lo indicado es el papel MAXIMA: su longevidad alcanza los 70\u00a0a\u00f1os bajo la luz natural.<span class=\"Apple-converted-space\">\u00a0<\/span><\/div>\n\t\t\t\t\t<\/div>\n\t\t\t\t\t\t\t\t\t<a href=\"#que-formato-de-archivo-se-debe-utilizar-7\" class=\"accordion__toggle u-bold\" aria-expanded=\"false\" data-behaviour=\"accordion\">\u00bfQu\u00e9 formato de archivo se debe utilizar?<\/a>\n\t\t\t\t\t<div class=\"accordion__content\" id=\"que-formato-de-archivo-se-debe-utilizar-7\">\n\t\t\t\t\t\t<div class=\"accordion__content-text\"><span lang=\"ES-TRAD\">Al preparar las im\u00e1genes para la impresi\u00f3n, gu\u00e1rdelas como archivo RGB en formato JPEG.<\/span><\/div>\n\t\t\t\t\t<\/div>\n\t\t\t\t\t\t\t\t\t<a href=\"#que-significa-conversion-de-color-8\" class=\"accordion__toggle u-bold\" aria-expanded=\"false\" data-behaviour=\"accordion\">\u00bfQu\u00e9 significa \u00abconversi\u00f3n de color\u00bb?<\/a>\n\t\t\t\t\t<div class=\"accordion__content\" id=\"que-significa-conversion-de-color-8\">\n\t\t\t\t\t\t<div class=\"accordion__content-text\">Significa que el archivo RGB se ha convertido desde su espacio de color original (es decir, sRGB o Adobe RGB) a un perfil espec\u00edfico de Printer Colour. Este proceso recibe el nombre de gesti\u00f3n del color y se puede utilizar para optimizar el resultado de la impresi\u00f3n con el fin de obtener colores m\u00e1s precisos.<\/div>\n\t\t\t\t\t<\/div>\n\t\t\t\t\t\t\t\t\t<a href=\"#que-significa-encuadernacion-plana-9\" class=\"accordion__toggle u-bold\" aria-expanded=\"false\" data-behaviour=\"accordion\">\u00bfQu\u00e9 significa \u00abencuadernaci\u00f3n plana\u00bb?<\/a>\n\t\t\t\t\t<div class=\"accordion__content\" id=\"que-significa-encuadernacion-plana-9\">\n\t\t\t\t\t\t<div class=\"accordion__content-text\">\u00abEncuadernaci\u00f3n plana\u00bb es un t\u00e9rmino que se emplea para \u00e1lbumes de fotograf\u00edas. Un \u00e1lbum con encuadernaci\u00f3n plana permanece completamente plano cuando se abre, sin que aparezca de modo visible ninguna acanaladura central. De este modo, no se pierde ninguna informaci\u00f3n visual de la imagen.<b> <\/b>Se puede ver la impresi\u00f3n completa (como en una panor\u00e1mica). Solo se observar\u00e1 un peque\u00f1o pliegue en el medio.<\/div>\n\t\t\t\t\t<\/div>\n\t\t\t\t\t\t\t\t\t<a href=\"#que-significa-tono-continuo-10\" class=\"accordion__toggle u-bold\" aria-expanded=\"false\" data-behaviour=\"accordion\">\u00bfQu\u00e9 significa \u00abtono continuo\u00bb?<\/a>\n\t\t\t\t\t<div class=\"accordion__content\" id=\"que-significa-tono-continuo-10\">\n\t\t\t\t\t\t<div class=\"accordion__content-text\">\u00abTono continuo\u00bb significa que la impresi\u00f3n se ha generado mediante un suave discurrir de los colores entre los \u00abp\u00edxeles\u00bb individuales impresos. Las im\u00e1genes fotogr\u00e1ficas en tono continuo basadas en haluros de plata contienen un abanico infinito de colores con una gama muy amplia y sin estructura de puntos. Se generan a trav\u00e9s de un proceso qu\u00edmico en medio h\u00famedo que aprovecha la reacci\u00f3n de la luz sobre los compuestos del papel fotosensible para conseguir im\u00e1genes incre\u00edblemente suaves.\u00a0Este proceso conduce a una impresi\u00f3n m\u00e1s realista, en comparaci\u00f3n con la impresi\u00f3n por chorro de tinta (puntos) o la impresi\u00f3n por prensa (trama).<\/div>\n\t\t\t\t\t<\/div>\n\t\t\t\t\t\t\t\t\t<a href=\"#que-valor-de-ppp-se-debe-usar-11\" class=\"accordion__toggle u-bold\" aria-expanded=\"false\" data-behaviour=\"accordion\">\u00bfQu\u00e9 valor de ppp se debe usar?<\/a>\n\t\t\t\t\t<div class=\"accordion__content\" id=\"que-valor-de-ppp-se-debe-usar-11\">\n\t\t\t\t\t\t<div class=\"accordion__content-text\">Para garantizar los mejores resultados, la resoluci\u00f3n del archivo debe ser de 300\u00a0ppp (puntos por pulgada).<\/div>\n\t\t\t\t\t<\/div>\n\t\t\t\t\t\t\t<\/div>\n\t\t\t\t\t<div class=\"accordion__section\">\n\t\t\t\t<h2 class=\"accordion__heading\">Papeles Fotogr\u00e1ficos<\/h2>\n\t\t\t\t\t\t\t\t\t<a href=\"#como-se-imprime-una-imagen-en-papel-fotografico-1\" class=\"accordion__toggle u-bold\" aria-expanded=\"false\" data-behaviour=\"accordion\">\u00bfC\u00f3mo se imprime una imagen en papel fotogr\u00e1fico?<\/a>\n\t\t\t\t\t<div class=\"accordion__content\" id=\"como-se-imprime-una-imagen-en-papel-fotografico-1\">\n\t\t\t\t\t\t<div class=\"accordion__content-text\"><span lang=\"ES-TRAD\">El papel fotogr\u00e1fico es un papel recubierto con un producto qu\u00edmico sensible a la luz. Esta capa de papel recibe el nombre de \u00abemulsi\u00f3n\u00bb. Cuando los cristales de haluro de plata de la emulsi\u00f3n quedan expuestos a la luz mediante un sistema RGB, que utiliza la reacci\u00f3n de la luz sobre las sustancias contenidas en este papel fotosensible, se genera una imagen latente. A continuaci\u00f3n, el papel fotogr\u00e1fico se somete a un proceso qu\u00edmico en el que, mediante el empleo de un revelador fotogr\u00e1fico, la imagen generada se fija en el papel y la emulsi\u00f3n se elimina de \u00e9ste.<\/span><\/div>\n\t\t\t\t\t<\/div>\n\t\t\t\t\t\t\t\t\t<a href=\"#de-que-esta-compuesto-el-papel-fotografico-2\" class=\"accordion__toggle u-bold\" aria-expanded=\"false\" data-behaviour=\"accordion\">\u00bfDe qu\u00e9 est\u00e1 compuesto el papel fotogr\u00e1fico?<\/a>\n\t\t\t\t\t<div class=\"accordion__content\" id=\"de-que-esta-compuesto-el-papel-fotografico-2\">\n\t\t\t\t\t\t<div class=\"accordion__content-text\"><span lang=\"ES-TRAD\">El papel fotogr\u00e1fico consta de siete capas. El fondo es una base de papel resistente al agua. Esta base va seguida de tres capas sensibles a la luz y sus capas intermedias. La primera es una capa sensible al azul que proporciona el amarillo, y, a continuaci\u00f3n, la primera capa intermedia. Despu\u00e9s se dispone una capa sensible al verde, que ofrece el magenta y, acto seguido, su capa intermedia. La \u00faltima parte es la capa sensible al rojo, que aporta el cian. Va seguida de la \u00faltima capa intermedia y de una capa de protecci\u00f3n en la parte superior.<\/span><\/div>\n\t\t\t\t\t<\/div>\n\t\t\t\t\t\t\t\t\t<a href=\"#que-es-el-papel-fotografico-3\" class=\"accordion__toggle u-bold\" aria-expanded=\"false\" data-behaviour=\"accordion\">\u00bfQu\u00e9 es el papel fotogr\u00e1fico?<\/a>\n\t\t\t\t\t<div class=\"accordion__content\" id=\"que-es-el-papel-fotografico-3\">\n\t\t\t\t\t\t<div class=\"accordion__content-text\"><span lang=\"ES-TRAD\">El papel fotogr\u00e1fico <\/span><span lang=\"ES-TRAD\">es un papel sensible a la luz. Contiene una capa de emulsi\u00f3n especial de haluro de plata que tiene la capacidad de \u00abcaptar\u00bb la luz, pudiendo as\u00ed, mediante un proceso qu\u00edmico, revelar una imagen.<\/span><\/div>\n\t\t\t\t\t<\/div>\n\t\t\t\t\t\t\t\t\t<a href=\"#que-es-la-emulsion-de-haluro-de-plata-4\" class=\"accordion__toggle u-bold\" aria-expanded=\"false\" data-behaviour=\"accordion\">\u00bfQu\u00e9 es la emulsi\u00f3n de haluro de plata?<\/a>\n\t\t\t\t\t<div class=\"accordion__content\" id=\"que-es-la-emulsion-de-haluro-de-plata-4\">\n\t\t\t\t\t\t<div class=\"accordion__content-text\"><span lang=\"ES-TRAD\">\u00bfRecuerda aquellos tiempos cuando se imprim\u00eda la imagen en un cuarto oscuro a partir de peque\u00f1os rollos de pel\u00edcula? Todo ten\u00eda que ver con la luz. La pel\u00edcula en negativo quedaba expuesta a la luz e \u00abimprim\u00eda\u00bb una imagen en papel que pasaba a ser de nuevo positiva. Al principio solo era en blanco y negro, m\u00e1s tarde llegaron los colores.\u00a0Nuestra emulsi\u00f3n de haluro de plata tiene su origen en esta historia. Es sensible a la luz y permite revelar una imagen en papel. En la actualidad, imprimimos a partir de imagen digital (a\u00fan es posible hacerlo a partir de rollos de pel\u00edcula en negativo). Sin embargo, el proceso no ha cambiado mucho.<\/span><\/div>\n\t\t\t\t\t<\/div>\n\t\t\t\t\t\t\t\t\t<a href=\"#que-es-una-impresion-de-tipo-c-5\" class=\"accordion__toggle u-bold\" aria-expanded=\"false\" data-behaviour=\"accordion\">\u00bfQu\u00e9 es una impresi\u00f3n de tipo C?<\/a>\n\t\t\t\t\t<div class=\"accordion__content\" id=\"que-es-una-impresion-de-tipo-c-5\">\n\t\t\t\t\t\t<div class=\"accordion__content-text\"><span lang=\"ES-TRAD\">Se trata de otro nombre que recibe el papel fotogr\u00e1fico. Significa \u00abimpresi\u00f3n cromog\u00e9nica\u00bb.<\/div>\n\t\t\t\t\t<\/div>\n\t\t\t\t\t\t\t\t\t<a href=\"#que-otros-nombres-recibe-el-papel-fotografico-6\" class=\"accordion__toggle u-bold\" aria-expanded=\"false\" data-behaviour=\"accordion\">\u00bfQu\u00e9 otros nombres recibe el papel fotogr\u00e1fico?<\/a>\n\t\t\t\t\t<div class=\"accordion__content\" id=\"que-otros-nombres-recibe-el-papel-fotografico-6\">\n\t\t\t\t\t\t<div class=\"accordion__content-text\"><span lang=\"ES-TRAD\">Para referirse al papel fotogr\u00e1fico se usan muchos nombres: Impresi\u00f3n de haluro de plata, impresi\u00f3n de tipo\u00a0C, papel de color, impresiones Lightjet o Lambda (el nombre hace referencia a la m\u00e1quina, no al papel). Todos ellos describen el mismo papel fotogr\u00e1fico.<\/span>\n\n&nbsp;<\/div>\n\t\t\t\t\t<\/div>\n\t\t\t\t\t\t\t<\/div>\n\t\t\t<\/div>\n<\/div>\n","protected":false},"excerpt":{"rendered":"","protected":false},"author":1,"featured_media":0,"parent":0,"menu_order":0,"comment_status":"closed","ping_status":"closed","template":"","meta":{"_acf_changed":true,"footnotes":""},"class_list":["post-10054","page","type-page","status-publish","hentry"],"acf":[],"yoast_head":"<!-- This site is optimized with the Yoast SEO plugin v27.1.1 - https:\/\/yoast.com\/product\/yoast-seo-wordpress\/ -->\n<title>Preguntas frecuentes - Original Photo Paper by FUJIFILM<\/title>\n<meta name=\"robots\" content=\"index, follow, max-snippet:-1, max-image-preview:large, max-video-preview:-1\" \/>\n<link rel=\"canonical\" href=\"https:\/\/www.originalphotopaper.com\/es\/faqs\/\" \/>\n<meta property=\"og:locale\" content=\"es_ES\" \/>\n<meta property=\"og:type\" content=\"article\" \/>\n<meta property=\"og:title\" content=\"Preguntas frecuentes - Original Photo Paper by FUJIFILM\" \/>\n<meta property=\"og:url\" content=\"https:\/\/www.originalphotopaper.com\/es\/faqs\/\" \/>\n<meta property=\"og:site_name\" content=\"Original Photo Paper by FUJIFILM\" \/>\n<meta property=\"article:modified_time\" content=\"2025-05-27T10:55:48+00:00\" \/>\n<meta name=\"twitter:card\" content=\"summary_large_image\" \/>\n<script type=\"application\/ld+json\" class=\"yoast-schema-graph\">{\"@context\":\"https:\/\/schema.org\",\"@graph\":[{\"@type\":\"WebPage\",\"@id\":\"https:\/\/www.originalphotopaper.com\/es\/faqs\/\",\"url\":\"https:\/\/www.originalphotopaper.com\/es\/faqs\/\",\"name\":\"Preguntas frecuentes - Original Photo Paper by FUJIFILM\",\"isPartOf\":{\"@id\":\"https:\/\/www.originalphotopaper.com\/es\/#website\"},\"datePublished\":\"2023-03-30T09:01:21+00:00\",\"dateModified\":\"2025-05-27T10:55:48+00:00\",\"breadcrumb\":{\"@id\":\"https:\/\/www.originalphotopaper.com\/es\/faqs\/#breadcrumb\"},\"inLanguage\":\"es-ES\",\"potentialAction\":[{\"@type\":\"ReadAction\",\"target\":[\"https:\/\/www.originalphotopaper.com\/es\/faqs\/\"]}]},{\"@type\":\"BreadcrumbList\",\"@id\":\"https:\/\/www.originalphotopaper.com\/es\/faqs\/#breadcrumb\",\"itemListElement\":[{\"@type\":\"ListItem\",\"position\":1,\"name\":\"Hogar\",\"item\":\"https:\/\/www.originalphotopaper.com\/es\/\"},{\"@type\":\"ListItem\",\"position\":2,\"name\":\"FAQs\"}]},{\"@type\":\"WebSite\",\"@id\":\"https:\/\/www.originalphotopaper.com\/es\/#website\",\"url\":\"https:\/\/www.originalphotopaper.com\/es\/\",\"name\":\"Original Photo Paper by FUJIFILM\",\"description\":\"DISCOVER FUJIFILM ORIGINAL PHOTOGRAPHIC PAPERS\",\"potentialAction\":[{\"@type\":\"SearchAction\",\"target\":{\"@type\":\"EntryPoint\",\"urlTemplate\":\"https:\/\/www.originalphotopaper.com\/es\/?s={search_term_string}\"},\"query-input\":{\"@type\":\"PropertyValueSpecification\",\"valueRequired\":true,\"valueName\":\"search_term_string\"}}],\"inLanguage\":\"es-ES\"}]}<\/script>\n<!-- \/ Yoast SEO plugin. -->","yoast_head_json":{"title":"Preguntas frecuentes - Original Photo Paper by FUJIFILM","robots":{"index":"index","follow":"follow","max-snippet":"max-snippet:-1","max-image-preview":"max-image-preview:large","max-video-preview":"max-video-preview:-1"},"canonical":"https:\/\/www.originalphotopaper.com\/es\/faqs\/","og_locale":"es_ES","og_type":"article","og_title":"Preguntas frecuentes - Original Photo Paper by FUJIFILM","og_url":"https:\/\/www.originalphotopaper.com\/es\/faqs\/","og_site_name":"Original Photo Paper by FUJIFILM","article_modified_time":"2025-05-27T10:55:48+00:00","twitter_card":"summary_large_image","schema":{"@context":"https:\/\/schema.org","@graph":[{"@type":"WebPage","@id":"https:\/\/www.originalphotopaper.com\/es\/faqs\/","url":"https:\/\/www.originalphotopaper.com\/es\/faqs\/","name":"Preguntas frecuentes - Original Photo Paper by FUJIFILM","isPartOf":{"@id":"https:\/\/www.originalphotopaper.com\/es\/#website"},"datePublished":"2023-03-30T09:01:21+00:00","dateModified":"2025-05-27T10:55:48+00:00","breadcrumb":{"@id":"https:\/\/www.originalphotopaper.com\/es\/faqs\/#breadcrumb"},"inLanguage":"es-ES","potentialAction":[{"@type":"ReadAction","target":["https:\/\/www.originalphotopaper.com\/es\/faqs\/"]}]},{"@type":"BreadcrumbList","@id":"https:\/\/www.originalphotopaper.com\/es\/faqs\/#breadcrumb","itemListElement":[{"@type":"ListItem","position":1,"name":"Hogar","item":"https:\/\/www.originalphotopaper.com\/es\/"},{"@type":"ListItem","position":2,"name":"FAQs"}]},{"@type":"WebSite","@id":"https:\/\/www.originalphotopaper.com\/es\/#website","url":"https:\/\/www.originalphotopaper.com\/es\/","name":"Original Photo Paper by FUJIFILM","description":"DISCOVER FUJIFILM ORIGINAL PHOTOGRAPHIC PAPERS","potentialAction":[{"@type":"SearchAction","target":{"@type":"EntryPoint","urlTemplate":"https:\/\/www.originalphotopaper.com\/es\/?s={search_term_string}"},"query-input":{"@type":"PropertyValueSpecification","valueRequired":true,"valueName":"search_term_string"}}],"inLanguage":"es-ES"}]}},"_links":{"self":[{"href":"https:\/\/www.originalphotopaper.com\/es\/wp-json\/wp\/v2\/pages\/10054","targetHints":{"allow":["GET"]}}],"collection":[{"href":"https:\/\/www.originalphotopaper.com\/es\/wp-json\/wp\/v2\/pages"}],"about":[{"href":"https:\/\/www.originalphotopaper.com\/es\/wp-json\/wp\/v2\/types\/page"}],"author":[{"embeddable":true,"href":"https:\/\/www.originalphotopaper.com\/es\/wp-json\/wp\/v2\/users\/1"}],"replies":[{"embeddable":true,"href":"https:\/\/www.originalphotopaper.com\/es\/wp-json\/wp\/v2\/comments?post=10054"}],"version-history":[{"count":0,"href":"https:\/\/www.originalphotopaper.com\/es\/wp-json\/wp\/v2\/pages\/10054\/revisions"}],"wp:attachment":[{"href":"https:\/\/www.originalphotopaper.com\/es\/wp-json\/wp\/v2\/media?parent=10054"}],"curies":[{"name":"wp","href":"https:\/\/api.w.org\/{rel}","templated":true}]}}