{"id":9999,"date":"2023-05-03T08:42:28","date_gmt":"2023-05-03T08:42:28","guid":{"rendered":"https:\/\/www.originalphotopaper.com\/history\/"},"modified":"2025-07-14T13:44:53","modified_gmt":"2025-07-14T13:44:53","slug":"history","status":"publish","type":"page","link":"https:\/\/www.originalphotopaper.com\/fr\/history\/","title":{"rendered":"H\u00e8ritage"},"content":{"rendered":"<section class=\"page-title page-title--bokeh \">\n\t<div class=\"container container--reduced-padding page-title__content page-title__content--left container--large\">\n\t\t\t\t\t<h1 class=\"page-title__title\">Un original dot\u00e9 d\u2019une longue tradition<\/h1>\n\t\t\t\t\t\t\t<\/div>\n\t\t\t<div class=\"page-title__bg page-title__bg--1863672205\"><\/div>\n\t\t<style>\n    @media (min-width: 1440px) {\n        .page-title__bg--1863672205 {\n            background-image: url(https:\/\/fujihalide-live.s3.eu-west-1.amazonaws.com\/wp-content\/uploads\/2024\/11\/07105037\/bokeh-e1734007400897.png);\n            background-size: cover;\n            background-repeat: no-repeat;\n        }\n    }\n    @media (max-width: 1440px) {\n        .page-title__bg--1863672205 {\n            background-image: url(https:\/\/fujihalide-live.s3.eu-west-1.amazonaws.com\/wp-content\/uploads\/2024\/11\/07105037\/bokeh-e1734007400897.png);\n            background-size: cover;\n            background-repeat: no-repeat;\n        }\n    }\n    @media (max-width: 768px) {\n        .page-title__bg--1863672205 {\n            background-image: url(https:\/\/fujihalide-live.s3.eu-west-1.amazonaws.com\/wp-content\/uploads\/2024\/11\/07105037\/bokeh-e1734007400897-720x80.png);\n            background-size: cover;\n            background-repeat: no-repeat;\n        }\n    }\n    @media (max-width: 360px) {\n        .page-title__bg--1863672205 {\n            background-image: url(https:\/\/fujihalide-live.s3.eu-west-1.amazonaws.com\/wp-content\/uploads\/2024\/11\/07105037\/bokeh-e1734007400897-360x40.png);\n            background-size: cover;\n            background-repeat: no-repeat;\n        }\n    }\n<\/style>\t<\/section>\n\n\n\n<section class=\"content-slider\">\n\t\t\t<div class=\"content-slider__head\">\n\t\t\t<div class=\"container container--medium\">\n\t\t\t\t\t\t\t\t\t\t\t\t\t<p class=\"content-slider__intro\">Depuis la cr\u00e9ation de notre entreprise en 1934, Fujifilm a diversifi\u00e9 ses activit\u00e9s et a su s\u2019implanter dans le monde entier. Fabricant \u00e0 l\u2019origine de films photographiques, la soci\u00e9t\u00e9 n\u2019a de cesse de d\u00e9velopper des solutions innovantes. Une ambition qui porte ses fruits notamment avec la ligne des papiers aux halog\u00e9nures d\u2019argent Fujifilm, leader sur le march\u00e9, tout en garantissant la qualit\u00e9 originale Fujicolor.\r\n\r\nParcourez les diff\u00e9rents chapitres pour en savoir plus sur l\u2019h\u00e9ritage de notre entreprise et ses succ\u00e8s.<\/p>\n\t\t\t\t\t\t\t<\/div>\n\t\t<\/div>\n\t\t\t\t<div class=\"glide\" data-ref=\"content-slider\"   data-center=\"true\" >\n\t\t\t<div class=\"glide__track\" data-glide-el=\"track\">\n\t\t\t\t<ul class=\"glide__slides\">\n\t\t\t\t\t\t\t\t\t\t\t\t<li class=\"slide\">\n\n\t\t<div class=\"slide__image\">\n\t\t\t\t\t\t\t\t\t<picture>\n    <img decoding=\"async\"   alt=\"\"\n    \n    src=\"https:\/\/fujihalide-live.s3.eu-west-1.amazonaws.com\/wp-content\/uploads\/2023\/05\/03083551\/heritage_1934-1160x850.webp\" width=\"1600\" height=\"1172\" loading=\"lazy\"\/> <\/picture>\n\t\t<\/div>\n\n\t\t\t\t\t<div class=\"slide__text\">\n\t\t\t\t\t\t\t\t\t<h4 class=\"slide__title\">1934<\/h4>\n\t\t\t\t\t\t\t\t\t\t\t\t\t<p>Cr\u00e9ation de Fuji Photo Film Co., Ltd. Cette nouvelle soci\u00e9t\u00e9 h\u00e9rite du secteur des films photographiques, qui est c\u00e9d\u00e9 par Dainippon Celluloid Limited. L\u2019usine d\u2019Ashigara (aujourd\u2019hui Kanagawa Factory d\u2019Ashigara) d\u00e9bute ses activit\u00e9s op\u00e9rationnelles et produit des films photographiques, papiers photo, plaques s\u00e8ches et autres composants photosensibles<\/p>\n\n\t\t\t\t\t\t\t\t\t\t\t<\/div>\n\t\t\n\t<\/li>\n\t\t\t\t\t\t\t\t\t\t\t\t<li class=\"slide\">\n\n\t\t<div class=\"slide__image\">\n\t\t\t\t\t\t\t\t\t<picture>\n    <img decoding=\"async\"   alt=\"\"\n    \n    src=\"https:\/\/fujihalide-live.s3.eu-west-1.amazonaws.com\/wp-content\/uploads\/2023\/05\/03083541\/heritage_1948-1160x846.webp\" width=\"1920\" height=\"1400\" loading=\"lazy\"\/> <\/picture>\n\t\t<\/div>\n\n\t\t\t\t\t<div class=\"slide__text\">\n\t\t\t\t\t\t\t\t\t<h4 class=\"slide__title\">1948<\/h4>\n\t\t\t\t\t\t\t\t\t\t\t\t\t<p>D\u00e9but de la diapositive, un film inversible couleur permettant d\u2019obtenir une image positive sur un film transparent. Mont\u00e9es sur un cadre, ces images peuvent \u00eatre visionn\u00e9es avec un projecteur de diapositives.<\/p>\n\n\t\t\t\t\t\t\t\t\t\t\t<\/div>\n\t\t\n\t<\/li>\n\t\t\t\t\t\t\t\t\t\t\t\t<li class=\"slide\">\n\n\t\t<div class=\"slide__image\">\n\t\t\t\t\t\t\t\t\t<picture>\n    <img decoding=\"async\"   alt=\"\"\n    \n    src=\"https:\/\/fujihalide-live.s3.eu-west-1.amazonaws.com\/wp-content\/uploads\/2023\/05\/03083531\/heritage_1958-1160x846.webp\" width=\"1920\" height=\"1400\" loading=\"lazy\"\/> <\/picture>\n\t\t<\/div>\n\n\t\t\t\t\t<div class=\"slide__text\">\n\t\t\t\t\t\t\t\t\t<h4 class=\"slide__title\">1958<\/h4>\n\t\t\t\t\t\t\t\t\t\t\t\t\t<p>D\u00e9but du film n\u00e9gatif couleur permettant d\u2019obtenir une image n\u00e9gative sur un film transparent. L\u2019usine d\u2019Ashigara lance la production du premier papier Fujicolor. C\u2019est le premier papier photo pour amateurs associ\u00e9 \u00e0 un film n\u00e9gatif couleur.<\/p>\n\n\t\t\t\t\t\t\t\t\t\t\t<\/div>\n\t\t\n\t<\/li>\n\t\t\t\t\t\t\t\t\t\t\t\t<li class=\"slide\">\n\n\t\t<div class=\"slide__image\">\n\t\t\t\t\t\t\t\t\t<picture>\n    <img decoding=\"async\"   alt=\"\"\n    \n    src=\"https:\/\/fujihalide-live.s3.eu-west-1.amazonaws.com\/wp-content\/uploads\/2023\/05\/03083521\/heritage_1966-1160x846.webp\" width=\"1920\" height=\"1400\" loading=\"lazy\"\/> <\/picture>\n\t\t<\/div>\n\n\t\t\t\t\t<div class=\"slide__text\">\n\t\t\t\t\t\t\t\t\t<h4 class=\"slide__title\">1966<\/h4>\n\t\t\t\t\t\t\t\t\t\t\t\t\t<p>L\u2019usine Ashigara lance le premier papier Fujicolor pour professionnels.<\/p>\n\n\t\t\t\t\t\t\t\t\t\t\t<\/div>\n\t\t\n\t<\/li>\n\t\t\t\t\t\t\t\t\t\t\t\t<li class=\"slide\">\n\n\t\t<div class=\"slide__image\">\n\t\t\t\t\t\t\t\t\t<picture>\n    <img decoding=\"async\"   alt=\"\"\n    \n    src=\"https:\/\/fujihalide-live.s3.eu-west-1.amazonaws.com\/wp-content\/uploads\/2023\/05\/03083512\/heritage_1982-1160x846.webp\" width=\"1920\" height=\"1400\" loading=\"lazy\"\/> <\/picture>\n\t\t<\/div>\n\n\t\t\t\t\t<div class=\"slide__text\">\n\t\t\t\t\t\t\t\t\t<h4 class=\"slide__title\">1982<\/h4>\n\t\t\t\t\t\t\t\t\t\t\t\t\t<p>FUJIFILM Manufacturing Europe d\u00e9bute la production du film n\u00e9gatif couleur et du papier photo de la g\u00e9n\u00e9ration analogique EP2. Les ann\u00e9es suivantes, Fujifilm ne cesse d\u2019am\u00e9liorer les papiers, et permet de raccourcir les temps de d\u00e9veloppement qui passent de 3 min. \u00e0 actuellement 19 sec. pour le papier FA02.<\/p>\n\n\t\t\t\t\t\t\t\t\t\t\t<\/div>\n\t\t\n\t<\/li>\n\t\t\t\t\t\t\t\t\t\t\t\t<li class=\"slide\">\n\n\t\t<div class=\"slide__image\">\n\t\t\t\t\t\t\t\t\t<picture>\n    <img decoding=\"async\"   alt=\"\"\n    \n    src=\"https:\/\/fujihalide-live.s3.eu-west-1.amazonaws.com\/wp-content\/uploads\/2023\/05\/03083500\/heritage_2008-1160x846.webp\" width=\"1920\" height=\"1400\" loading=\"lazy\"\/> <\/picture>\n\t\t<\/div>\n\n\t\t\t\t\t<div class=\"slide__text\">\n\t\t\t\t\t\t\t\t\t<h4 class=\"slide__title\">2008<\/h4>\n\t\t\t\t\t\t\t\t\t\t\t\t\t<p>FUJIFILM Manufacturing Europe est fi\u00e8re de lancer de nouveaux types de papiers photo : papier photo pour album, papier amateur et DPII haute d\u00e9finition, Pearl et Supreme, pour la ligne professionnelle.<\/p>\n\n\t\t\t\t\t\t\t\t\t\t\t<\/div>\n\t\t\n\t<\/li>\n\t\t\t\t\t\t\t\t\t\t\t\t<li class=\"slide\">\n\n\t\t<div class=\"slide__image\">\n\t\t\t\t\t\t\t\t\t<picture>\n    <img decoding=\"async\"   alt=\"\"\n    \n    src=\"https:\/\/fujihalide-live.s3.eu-west-1.amazonaws.com\/wp-content\/uploads\/2023\/05\/03083450\/heritage_2009-1160x846.webp\" width=\"1920\" height=\"1400\" loading=\"lazy\"\/> <\/picture>\n\t\t<\/div>\n\n\t\t\t\t\t<div class=\"slide__text\">\n\t\t\t\t\t\t\t\t\t<h4 class=\"slide__title\">2009<\/h4>\n\t\t\t\t\t\t\t\t\t\t\t\t\t<div class=\"content-panel\">\n<p>FUJIFILM Manufacturing Europe pr\u00e9sente le premier papier photo sur lequel il est possible d\u2019\u00e9crire. Ce papier unique en son genre qui permet d\u2019\u00e9crire du texte au stylo peut \u00eatre utilis\u00e9 pour les calendriers et cartes postales.<\/p>\n<\/div>\n<div class=\"bubbles\">\n<div class=\"bubble\" data-order-ref=\"1\"><\/div>\n<div class=\"bubble\" data-order-ref=\"2\"><\/div>\n<div class=\"bubble\" data-order-ref=\"3\"><\/div>\n<div class=\"bubble\" data-order-ref=\"4\"><\/div>\n<div class=\"bubble\" data-order-ref=\"5\"><\/div>\n<div class=\"bubble\" data-order-ref=\"6\"><\/div>\n<div class=\"bubble bubble-active\" data-order-ref=\"7\"><\/div>\n<div class=\"bubble\" data-order-ref=\"8\"><\/div>\n<div class=\"bubble\" data-order-ref=\"9\"><\/div>\n<div class=\"bubble\" data-order-ref=\"10\"><\/div>\n<\/div>\n\n\t\t\t\t\t\t\t\t\t\t\t<\/div>\n\t\t\n\t<\/li>\n\t\t\t\t\t\t\t\t\t\t\t\t<li class=\"slide\">\n\n\t\t<div class=\"slide__image\">\n\t\t\t\t\t\t\t\t\t<picture>\n    <img decoding=\"async\"   alt=\"\"\n    \n    src=\"https:\/\/fujihalide-live.s3.eu-west-1.amazonaws.com\/wp-content\/uploads\/2023\/05\/03083441\/heritage_2010-1160x846.webp\" width=\"1920\" height=\"1400\" loading=\"lazy\"\/> <\/picture>\n\t\t<\/div>\n\n\t\t\t\t\t<div class=\"slide__text\">\n\t\t\t\t\t\t\t\t\t<h4 class=\"slide__title\">2010<\/h4>\n\t\t\t\t\t\t\t\t\t\t\t\t\t<p>En raison du gros succ\u00e8s rencontr\u00e9 par le papier album, FUJIFILM Manufacturing propose un papier \u00e0 haute r\u00e9solution et aux couleurs plus vives, utilis\u00e9 pour la r\u00e9alisation d\u2019albums photos<\/p>\n\n\t\t\t\t\t\t\t\t\t\t\t<\/div>\n\t\t\n\t<\/li>\n\t\t\t\t\t\t\t\t\t\t\t\t<li class=\"slide\">\n\n\t\t<div class=\"slide__image\">\n\t\t\t\t\t\t\t\t\t<picture>\n    <img decoding=\"async\"   alt=\"\"\n    \n    src=\"https:\/\/fujihalide-live.s3.eu-west-1.amazonaws.com\/wp-content\/uploads\/2023\/05\/03083431\/heritage_2013-1160x846.webp\" width=\"1920\" height=\"1400\" loading=\"lazy\"\/> <\/picture>\n\t\t<\/div>\n\n\t\t\t\t\t<div class=\"slide__text\">\n\t\t\t\t\t\t\t\t\t<h4 class=\"slide__title\">2013<\/h4>\n\t\t\t\t\t\t\t\t\t\t\t\t\t<p>Apr\u00e8s quatre ans d\u2019un succ\u00e8s toujours grandissant et du d\u00e9veloppement des papiers album en Europe, deux nouveaux papiers album voient le jour, qui seront utilis\u00e9s dans le monde entier.<\/p>\n\n\t\t\t\t\t\t\t\t\t\t\t<\/div>\n\t\t\n\t<\/li>\n\t\t\t\t\t\t\t\t\t\t\t\t<li class=\"slide\">\n\n\t\t<div class=\"slide__image\">\n\t\t\t\t\t\t\t\t\t<picture>\n    <img decoding=\"async\"   alt=\"\"\n    \n    src=\"https:\/\/fujihalide-live.s3.eu-west-1.amazonaws.com\/wp-content\/uploads\/2023\/05\/03083420\/heritage_2015-1160x846.webp\" width=\"1920\" height=\"1400\" loading=\"lazy\"\/> <\/picture>\n\t\t<\/div>\n\n\t\t\t\t\t<div class=\"slide__text\">\n\t\t\t\t\t\t\t\t\t<h4 class=\"slide__title\">2015<\/h4>\n\t\t\t\t\t\t\t\t\t\t\t\t\t<p>Fujifilm lance le papier Premium HDX, un papier album r\u00e9sistant et plus \u00e9pais (215 \u03bcm) permettant la r\u00e9alisation de livres photos haut de gamme.<\/p>\n\n\t\t\t\t\t\t\t\t\t\t\t<\/div>\n\t\t\n\t<\/li>\n\t\t\t\t\t\t\t\t\t\t\t\t<li class=\"slide\">\n\n\t\t<div class=\"slide__image\">\n\t\t\t\t\t\t\t\t\t<picture>\n    <img decoding=\"async\"   alt=\"\"\n    \n    src=\"https:\/\/fujihalide-live.s3.eu-west-1.amazonaws.com\/wp-content\/uploads\/2023\/05\/03083409\/heritage_2015b-1160x846.webp\" width=\"1920\" height=\"1400\" loading=\"lazy\"\/> <\/picture>\n\t\t<\/div>\n\n\t\t\t\t\t<div class=\"slide__text\">\n\t\t\t\t\t\t\t\t\t<h4 class=\"slide__title\">2015<\/h4>\n\t\t\t\t\t\t\t\t\t\t\t\t\t<p>FUJIFILM Europe cr\u00e9e et lance deux papiers photo uniques en leur genre baptis\u00e9s Creative Papers : Velvet et texture Canvas.<\/p>\n\n\t\t\t\t\t\t\t\t\t\t\t<\/div>\n\t\t\n\t<\/li>\n\t\t\t\t\t\t\t\t\t\t\t\t<li class=\"slide\">\n\n\t\t<div class=\"slide__image\">\n\t\t\t\t\t\t\t\t\t<picture>\n    <img decoding=\"async\"   alt=\"\"\n    \n    src=\"https:\/\/fujihalide-live.s3.eu-west-1.amazonaws.com\/wp-content\/uploads\/2023\/05\/03083359\/heritage_2016-1160x846.webp\" width=\"1920\" height=\"1400\" loading=\"lazy\"\/> <\/picture>\n\t\t<\/div>\n\n\t\t\t\t\t<div class=\"slide__text\">\n\t\t\t\t\t\t\t\t\t<h4 class=\"slide__title\">2016<\/h4>\n\t\t\t\t\t\t\t\t\t\t\t\t\t<p>Suite au premier succ\u00e8s de cette ligne baptis\u00e9e Creative Paper sont lanc\u00e9s les papiers photo Textured Linen, Textured Leather et Velvet de type S (un mod\u00e8le plus fin pour la production de livres de photos).<\/p>\n\n\t\t\t\t\t\t\t\t\t\t\t<\/div>\n\t\t\n\t<\/li>\n\t\t\t\t\t\t\t\t\t\t\t\t<li class=\"slide\">\n\n\t\t<div class=\"slide__image\">\n\t\t\t\t\t\t\t\t\t<picture>\n    <img decoding=\"async\"   alt=\"\"\n    \n    src=\"https:\/\/fujihalide-live.s3.eu-west-1.amazonaws.com\/wp-content\/uploads\/2023\/05\/03083350\/heritage_2017-1160x846.webp\" width=\"1920\" height=\"1400\" loading=\"lazy\"\/> <\/picture>\n\t\t<\/div>\n\n\t\t\t\t\t<div class=\"slide__text\">\n\t\t\t\t\t\t\t\t\t<h4 class=\"slide__title\">2017<\/h4>\n\t\t\t\t\t\t\t\t\t\t\t\t\t<p>Fujifilm pr\u00e9sente le tout dernier papier photo de sa gamme en papiers album : le papier album XS (135 \u03bcm), un papier plus fin permettant d\u2019augmenter le nombre de page des livres photos.<\/p>\n\n\t\t\t\t\t\t\t\t\t\t\t<\/div>\n\t\t\n\t<\/li>\n\t\t\t\t\t\t\t\t\t<\/ul>\n\t\t\t<\/div>\n\t\t\t<div class=\"content-slider__arrows\" data-glide-el=\"controls\">\n\t<button class=\"content-slider__arrow content-slider__arrow--left\" data-glide-dir=\"&lt;\"><svg width=\"48\" height=\"48\" fill=\"none\" xmlns=\"http:\/\/www.w3.org\/2000\/svg\"><rect width=\"48\" height=\"48\" rx=\"24\" fill=\"#fff\" fill-opacity=\".9\"\/><path d=\"M12.94 25.06a1.5 1.5 0 0 1 0-2.12l9.545-9.547a1.5 1.5 0 1 1 2.122 2.122L16.12 24l8.486 8.485a1.5 1.5 0 1 1-2.122 2.122L12.94 25.06zM34 25.5H14v-3h20v3z\" fill=\"#001A15\"\/><\/svg><\/button>\n\t<button class=\"content-slider__arrow content-slider__arrow--right\" data-glide-dir=\"&gt;\"><svg width=\"48\" height=\"48\" fill=\"none\" xmlns=\"http:\/\/www.w3.org\/2000\/svg\"><rect width=\"48\" height=\"48\" rx=\"24\" fill=\"#fff\" fill-opacity=\".9\"\/><path d=\"M35.06 25.06a1.5 1.5 0 0 0 0-2.12l-9.545-9.547a1.5 1.5 0 1 0-2.122 2.122L31.88 24l-8.486 8.485a1.5 1.5 0 1 0 2.122 2.122l9.546-9.546zM14 25.5h20v-3H14v3z\" fill=\"#001A15\"\/><\/svg><\/button>\n<\/div>\n\t\t<\/div>\n\t<\/section>\n","protected":false},"excerpt":{"rendered":"","protected":false},"author":1,"featured_media":0,"parent":0,"menu_order":0,"comment_status":"closed","ping_status":"closed","template":"","meta":{"_acf_changed":true,"footnotes":""},"class_list":["post-9999","page","type-page","status-publish","hentry"],"acf":[],"yoast_head":"<!-- This site is optimized with the Yoast SEO plugin v27.1.1 - https:\/\/yoast.com\/product\/yoast-seo-wordpress\/ -->\n<title>H\u00e8ritage - Original Photo Paper by FUJIFILM<\/title>\n<meta name=\"robots\" content=\"index, follow, max-snippet:-1, max-image-preview:large, max-video-preview:-1\" \/>\n<link rel=\"canonical\" href=\"https:\/\/www.originalphotopaper.com\/fr\/history\/\" \/>\n<meta property=\"og:locale\" content=\"fr_FR\" \/>\n<meta property=\"og:type\" content=\"article\" \/>\n<meta property=\"og:title\" content=\"H\u00e8ritage - Original Photo Paper by FUJIFILM\" \/>\n<meta property=\"og:url\" content=\"https:\/\/www.originalphotopaper.com\/fr\/history\/\" \/>\n<meta property=\"og:site_name\" content=\"Original Photo Paper by FUJIFILM\" \/>\n<meta property=\"article:modified_time\" content=\"2025-07-14T13:44:53+00:00\" \/>\n<meta name=\"twitter:card\" content=\"summary_large_image\" \/>\n<script type=\"application\/ld+json\" class=\"yoast-schema-graph\">{\"@context\":\"https:\/\/schema.org\",\"@graph\":[{\"@type\":\"WebPage\",\"@id\":\"https:\/\/www.originalphotopaper.com\/fr\/history\/\",\"url\":\"https:\/\/www.originalphotopaper.com\/fr\/history\/\",\"name\":\"H\u00e8ritage - Original Photo Paper by FUJIFILM\",\"isPartOf\":{\"@id\":\"https:\/\/www.originalphotopaper.com\/fr\/#website\"},\"datePublished\":\"2023-05-03T08:42:28+00:00\",\"dateModified\":\"2025-07-14T13:44:53+00:00\",\"breadcrumb\":{\"@id\":\"https:\/\/www.originalphotopaper.com\/fr\/history\/#breadcrumb\"},\"inLanguage\":\"fr-FR\",\"potentialAction\":[{\"@type\":\"ReadAction\",\"target\":[\"https:\/\/www.originalphotopaper.com\/fr\/history\/\"]}]},{\"@type\":\"BreadcrumbList\",\"@id\":\"https:\/\/www.originalphotopaper.com\/fr\/history\/#breadcrumb\",\"itemListElement\":[{\"@type\":\"ListItem\",\"position\":1,\"name\":\"Maison\",\"item\":\"https:\/\/www.originalphotopaper.com\/fr\/\"},{\"@type\":\"ListItem\",\"position\":2,\"name\":\"History\"}]},{\"@type\":\"WebSite\",\"@id\":\"https:\/\/www.originalphotopaper.com\/fr\/#website\",\"url\":\"https:\/\/www.originalphotopaper.com\/fr\/\",\"name\":\"Original Photo Paper by FUJIFILM\",\"description\":\"DISCOVER FUJIFILM ORIGINAL PHOTOGRAPHIC PAPERS\",\"potentialAction\":[{\"@type\":\"SearchAction\",\"target\":{\"@type\":\"EntryPoint\",\"urlTemplate\":\"https:\/\/www.originalphotopaper.com\/fr\/?s={search_term_string}\"},\"query-input\":{\"@type\":\"PropertyValueSpecification\",\"valueRequired\":true,\"valueName\":\"search_term_string\"}}],\"inLanguage\":\"fr-FR\"}]}<\/script>\n<!-- \/ Yoast SEO plugin. -->","yoast_head_json":{"title":"H\u00e8ritage - Original Photo Paper by FUJIFILM","robots":{"index":"index","follow":"follow","max-snippet":"max-snippet:-1","max-image-preview":"max-image-preview:large","max-video-preview":"max-video-preview:-1"},"canonical":"https:\/\/www.originalphotopaper.com\/fr\/history\/","og_locale":"fr_FR","og_type":"article","og_title":"H\u00e8ritage - Original Photo Paper by FUJIFILM","og_url":"https:\/\/www.originalphotopaper.com\/fr\/history\/","og_site_name":"Original Photo Paper by FUJIFILM","article_modified_time":"2025-07-14T13:44:53+00:00","twitter_card":"summary_large_image","schema":{"@context":"https:\/\/schema.org","@graph":[{"@type":"WebPage","@id":"https:\/\/www.originalphotopaper.com\/fr\/history\/","url":"https:\/\/www.originalphotopaper.com\/fr\/history\/","name":"H\u00e8ritage - Original Photo Paper by FUJIFILM","isPartOf":{"@id":"https:\/\/www.originalphotopaper.com\/fr\/#website"},"datePublished":"2023-05-03T08:42:28+00:00","dateModified":"2025-07-14T13:44:53+00:00","breadcrumb":{"@id":"https:\/\/www.originalphotopaper.com\/fr\/history\/#breadcrumb"},"inLanguage":"fr-FR","potentialAction":[{"@type":"ReadAction","target":["https:\/\/www.originalphotopaper.com\/fr\/history\/"]}]},{"@type":"BreadcrumbList","@id":"https:\/\/www.originalphotopaper.com\/fr\/history\/#breadcrumb","itemListElement":[{"@type":"ListItem","position":1,"name":"Maison","item":"https:\/\/www.originalphotopaper.com\/fr\/"},{"@type":"ListItem","position":2,"name":"History"}]},{"@type":"WebSite","@id":"https:\/\/www.originalphotopaper.com\/fr\/#website","url":"https:\/\/www.originalphotopaper.com\/fr\/","name":"Original Photo Paper by FUJIFILM","description":"DISCOVER FUJIFILM ORIGINAL PHOTOGRAPHIC PAPERS","potentialAction":[{"@type":"SearchAction","target":{"@type":"EntryPoint","urlTemplate":"https:\/\/www.originalphotopaper.com\/fr\/?s={search_term_string}"},"query-input":{"@type":"PropertyValueSpecification","valueRequired":true,"valueName":"search_term_string"}}],"inLanguage":"fr-FR"}]}},"_links":{"self":[{"href":"https:\/\/www.originalphotopaper.com\/fr\/wp-json\/wp\/v2\/pages\/9999","targetHints":{"allow":["GET"]}}],"collection":[{"href":"https:\/\/www.originalphotopaper.com\/fr\/wp-json\/wp\/v2\/pages"}],"about":[{"href":"https:\/\/www.originalphotopaper.com\/fr\/wp-json\/wp\/v2\/types\/page"}],"author":[{"embeddable":true,"href":"https:\/\/www.originalphotopaper.com\/fr\/wp-json\/wp\/v2\/users\/1"}],"replies":[{"embeddable":true,"href":"https:\/\/www.originalphotopaper.com\/fr\/wp-json\/wp\/v2\/comments?post=9999"}],"version-history":[{"count":0,"href":"https:\/\/www.originalphotopaper.com\/fr\/wp-json\/wp\/v2\/pages\/9999\/revisions"}],"wp:attachment":[{"href":"https:\/\/www.originalphotopaper.com\/fr\/wp-json\/wp\/v2\/media?parent=9999"}],"curies":[{"name":"wp","href":"https:\/\/api.w.org\/{rel}","templated":true}]}}