{"id":10050,"date":"2023-03-30T09:01:21","date_gmt":"2023-03-30T09:01:21","guid":{"rendered":"https:\/\/www.originalphotopaper.com\/faqs\/"},"modified":"2025-05-21T16:11:11","modified_gmt":"2025-05-21T16:11:11","slug":"faqs","status":"publish","type":"page","link":"https:\/\/www.originalphotopaper.com\/it\/faqs\/","title":{"rendered":"Domande Frequenti"},"content":{"rendered":"<section class=\"page-title \">\n\t<div class=\"container container--reduced-padding page-title__content\">\n\t\t\t\t\t<h1 class=\"page-title__title\">COME POSSIAMO AIUTARLA OGGI?<\/h1>\n\t\t\t\t\t\t\t<\/div>\n\t<\/section>\n\n\n<div class=\"container container--small\">\n\t<div class=\"accordion\">\n\t\t\t\t\t<div class=\"accordion__section\">\n\t\t\t\t<h2 class=\"accordion__heading\">Informazioni tecniche<\/h2>\n\t\t\t\t\t\t\t\t\t<a href=\"#come-dovrei-conservare-le-mie-stampe-1\" class=\"accordion__toggle u-bold\" aria-expanded=\"false\" data-behaviour=\"accordion\">Come dovrei conservare le mie stampe?<\/a>\n\t\t\t\t\t<div class=\"accordion__content\" id=\"come-dovrei-conservare-le-mie-stampe-1\">\n\t\t\t\t\t\t<div class=\"accordion__content-text\">Per mantenere le proprie stampe nelle condizioni migliori il pi\u00f9 a lungo possibile, ci sono alcune cose che possono essere d\u2019aiuto.\n&#8211; Conservale in un luogo fresco e asciutto. Anche se la cosa pi\u00f9 importante \u00e8 l\u2019asciuttezza.\n&#8211; Assenza di sbalzi di temperatura importanti.\n&#8211; Conservazione al buio.\n&#8211; Non nella parte bassa di uno scaffale. In presenza di acqua sul pavimento, le stampe potrebbero danneggiarsi.<\/div>\n\t\t\t\t\t<\/div>\n\t\t\t\t\t\t\t\t\t<a href=\"#come-preparare-i-propri-file-per-la-stampa-2\" class=\"accordion__toggle u-bold\" aria-expanded=\"false\" data-behaviour=\"accordion\">Come preparare i propri file per la stampa?<\/a>\n\t\t\t\t\t<div class=\"accordion__content\" id=\"come-preparare-i-propri-file-per-la-stampa-2\">\n\t\t\t\t\t\t<div class=\"accordion__content-text\">\u00c8 importante preparare correttamente la propria immagine prima di ordinare le stampe. Per accertarsi che tutto sia corretto, verificare direttamente i requisiti sul sito web di un laboratorio fotografico. Spesso questi forniscono i requisiti per i file caricati, che potrebbero essere leggermente differenti da quelli che scriviamo qui.\n\nAlcune regole di carattere generale da tenere in considerazione:\n1. Inviare sempre i file originali. Non comprimerli.\n2. I file si dovrebbero salvare come JPEG (alcuni laboratori fotografici accettano anche TIF o PDF).\n3. La risoluzione dovr\u00e0 essere 300PPI (Pixels Per Inch) o DPI (Dots Per Inch).\n4. I file dovranno essere salvati in 8bit RGB.<\/div>\n\t\t\t\t\t<\/div>\n\t\t\t\t\t\t\t\t\t<a href=\"#come-scegliere-il-tipo-di-carta-che-si-addice-ai-miei-fabbisogni-3\" class=\"accordion__toggle u-bold\" aria-expanded=\"false\" data-behaviour=\"accordion\">Come scegliere il tipo di carta che si addice ai miei fabbisogni?<\/a>\n\t\t\t\t\t<div class=\"accordion__content\" id=\"come-scegliere-il-tipo-di-carta-che-si-addice-ai-miei-fabbisogni-3\">\n\t\t\t\t\t\t<div class=\"accordion__content-text\">Ogni tipo di carta pu\u00f2 raccontare la stessa storia in modo differente. A seconda da cosa l\u2019immagine deve rappresentare &#8211; la levigatezza dell\u2019acqua o la severit\u00e0 del paesaggio &#8211; vi sono differenti tipi di carta pi\u00f9 adatti.\n\u00c8 importante ricordare che non tutti i laboratori fotografici offrono tutte le carte presenti nella nostra gamma. Potrebbe verificarsi che la carta che hai scelto non sia disponibile nel laboratorio fotografico pi\u00f9 vicino.<\/div>\n\t\t\t\t\t<\/div>\n\t\t\t\t\t\t\t\t\t<a href=\"#cosa-significa-colour-converting-conversione-di-colore-4\" class=\"accordion__toggle u-bold\" aria-expanded=\"false\" data-behaviour=\"accordion\">Cosa significa \u201ccolour converting\u201d [conversione di colore]?<\/a>\n\t\t\t\t\t<div class=\"accordion__content\" id=\"cosa-significa-colour-converting-conversione-di-colore-4\">\n\t\t\t\t\t\t<div class=\"accordion__content-text\">Questo significa che il tuo file RGB viene convertito dallo spazio di colore originale (ad es. sRGB o Adobe RGB) a un profilo di colore per stampante specifico. Questo viene chiamato Gestione del colore e pu\u00f2 essere usato per ottimizzare il risultato di stampa per ottenere dei colori pi\u00f9 accurati.<\/div>\n\t\t\t\t\t<\/div>\n\t\t\t\t\t\t\t\t\t<a href=\"#cosa-significa-lay-flat-5\" class=\"accordion__toggle u-bold\" aria-expanded=\"false\" data-behaviour=\"accordion\">Cosa significa \u201cLay-Flat\u201d?<\/a>\n\t\t\t\t\t<div class=\"accordion__content\" id=\"cosa-significa-lay-flat-5\">\n\t\t\t\t\t\t<div class=\"accordion__content-text\">Lay-Flat [rilegatura piatta] \u00e8 un termine usato per gli album fotografici. Un album fotografico lay flat rimane completamente piatto quando viene aperto e non c\u2019\u00e8 nessuna scanalatura centrale visibile. Non viene persa nessuna informazione visiva di un\u2019immagine.<b> <\/b>Puoi vedere la tua stampa completa (come un panorama). Si vedr\u00e0 solo una piccola piega al centro.<\/div>\n\t\t\t\t\t<\/div>\n\t\t\t\t\t\t\t\t\t<a href=\"#cosa-significa-tono-continuo-6\" class=\"accordion__toggle u-bold\" aria-expanded=\"false\" data-behaviour=\"accordion\">Cosa significa \u201ctono continuo\u201d?<\/a>\n\t\t\t\t\t<div class=\"accordion__content\" id=\"cosa-significa-tono-continuo-6\">\n\t\t\t\t\t\t<div class=\"accordion__content-text\">Tono continuo significa che la stampa \u00e8 prodotta da un flusso costante di colori fra i \u201cpixel\u201d stampati separati. Le immagini fotografiche a tono continuo su alogenuro d\u2019argento contengono una gamma infinita di colori entro un gamut molto ampio, e non struttura dei punti. Esse vengono prodotte tramite un processo chimico bagnato che usa la reazione della luce sulle sostanze nella carta fotosensibile per ottenere delle immagini incredibilmente uniformi.\nQuesto ha come risultato una stampa pi\u00f9 realistica, rispetto alla stampa a getto d\u2019inchiostro (punti) o alle stampe raster.<\/div>\n\t\t\t\t\t<\/div>\n\t\t\t\t\t\t\t\t\t<a href=\"#perche-si-dovrebbe-usare-dpi-7\" class=\"accordion__toggle u-bold\" aria-expanded=\"false\" data-behaviour=\"accordion\">Perch\u00e9 si dovrebbe usare DPI?<\/a>\n\t\t\t\t\t<div class=\"accordion__content\" id=\"perche-si-dovrebbe-usare-dpi-7\">\n\t\t\t\t\t\t<div class=\"accordion__content-text\">Per garantire i migliori risultati, la risoluzione del file dovr\u00e0 essere di 300DPI (Dots per inch).<\/div>\n\t\t\t\t\t<\/div>\n\t\t\t\t\t\t\t\t\t<a href=\"#qual-e-la-differenza-fra-le-stampe-di-tipo-c-e-giclee-8\" class=\"accordion__toggle u-bold\" aria-expanded=\"false\" data-behaviour=\"accordion\">Qual \u00e8 la differenza fra le stampe di tipo-C e Gicl\u00e9e?<\/a>\n\t\t\t\t\t<div class=\"accordion__content\" id=\"qual-e-la-differenza-fra-le-stampe-di-tipo-c-e-giclee-8\">\n\t\t\t\t\t\t<div class=\"accordion__content-text\">In breve, la stampa di tipo-C usa carta fotografica per creare un\u2019immagine. La stampa Gicl\u00e9e, invece, usa la carta per getto d\u2019inchiostro.<\/div>\n\t\t\t\t\t<\/div>\n\t\t\t\t\t\t\t\t\t<a href=\"#qual-e-la-differenza-fra-un-sistema-di-stampa-rgb-e-cmyk-9\" class=\"accordion__toggle u-bold\" aria-expanded=\"false\" data-behaviour=\"accordion\">Qual \u00e8 la differenza fra un sistema di stampa RGB e CMYK?<\/a>\n\t\t\t\t\t<div class=\"accordion__content\" id=\"qual-e-la-differenza-fra-un-sistema-di-stampa-rgb-e-cmyk-9\">\n\t\t\t\t\t\t<div class=\"accordion__content-text\">RGB (Rosso, Verde, Blu) \u00e8 lo standard per la fotografia e specifica tutti i colori, in varie proporzioni, per ottenere qualsiasi colore nello spettro visivo.\n\nCMYK si riferisce ai quattro inchiostri usati in un processo di stampa standard \u201c4 colori\u201d (ciano, magenta, giallo e nero). La K in CMYK sta per \u201cKey\u201d [chiave], La \u201clastra chiave\u201d si dice che aggiunge il \u201cdettaglio\u201d a un\u2019immagine stampata. Questo \u00e8 vero in quanto la lastra nera in una stampa con processo a quattro colori spinge il contrasto e crea il \u201cdettaglio\u201d.\n\nMa non devi preoccuparti di questo. Mantieni semplicemente tutti i tuoi file in RGB (perch\u00e9 RGB \u00e8 pi\u00f9 esteso rispetto a CMYK) e, in caso di stampe offset, la societ\u00e0 di stampa separer\u00e0 il tuo file prima di andare in stampa.<\/div>\n\t\t\t\t\t<\/div>\n\t\t\t\t\t\t\t\t\t<a href=\"#quale-formato-di-file-si-dovrebbe-usare-10\" class=\"accordion__toggle u-bold\" aria-expanded=\"false\" data-behaviour=\"accordion\">Quale formato di file si dovrebbe usare?<\/a>\n\t\t\t\t\t<div class=\"accordion__content\" id=\"quale-formato-di-file-si-dovrebbe-usare-10\">\n\t\t\t\t\t\t<div class=\"accordion__content-text\"><span lang=\"IT\">Quando si preparano le immagini per la stampa, esse vanno salvate come file RGB in formato JPEG.<\/span><\/div>\n\t\t\t\t\t<\/div>\n\t\t\t\t\t\t\t\t\t<a href=\"#quanto-durera-una-stampa-come-conservo-le-mie-stampe-11\" class=\"accordion__toggle u-bold\" aria-expanded=\"false\" data-behaviour=\"accordion\">Quanto durer\u00e0 una stampa?\/Come conservo le mie stampe?<\/a>\n\t\t\t\t\t<div class=\"accordion__content\" id=\"quanto-durera-una-stampa-come-conservo-le-mie-stampe-11\">\n\t\t\t\t\t\t<div class=\"accordion__content-text\">Ci sono tantissimi fattori che influenzano il ciclo di vita di una stampa, come il tipo di luce e intensit\u00e0, il tempo di esposizione (luce LED di alta qualit\u00e0), le condizioni di conservazione. Una\u00a0foto stampata su carta fotografica durer\u00e0 alla luce del giorno circa 40 anni. Se conservata al buio e in condizioni corrette pu\u00f2 durare anche 80 anni. Fa eccezione la carta MAXIMA \u2013 la sua longevit\u00e0 \u00e8 di 70 anni alla luce del giorno.<\/div>\n\t\t\t\t\t<\/div>\n\t\t\t\t\t\t\t<\/div>\n\t\t\t\t\t<div class=\"accordion__section\">\n\t\t\t\t<h2 class=\"accordion__heading\">Sostenibilit\u00e0<\/h2>\n\t\t\t\t\t\t\t\t\t<a href=\"#avete-delle-informazioni-dettagliate-o-qualsiasi-informazione-in-merito-allargento-e-agli-altri-metalli-usati-per-la-carta-fotografica-fujifilm-e-gli-effetti-sullambiente-1\" class=\"accordion__toggle u-bold\" aria-expanded=\"false\" data-behaviour=\"accordion\">Avete delle informazioni dettagliate (o qualsiasi informazione) in merito all\u2019argento e agli altri metalli usati per la Carta fotografica Fujifilm e gli effetti sull\u2019ambiente?<\/a>\n\t\t\t\t\t<div class=\"accordion__content\" id=\"avete-delle-informazioni-dettagliate-o-qualsiasi-informazione-in-merito-allargento-e-agli-altri-metalli-usati-per-la-carta-fotografica-fujifilm-e-gli-effetti-sullambiente-1\">\n\t\t\t\t\t\t<div class=\"accordion__content-text\"><span lang=\"IT\">Attualmente possiamo solo fornirvi una stima del calcolo sull\u2019impatto ambientale della carta Supreme. Il componente pi\u00f9 importante dal quale calcolare il CO<sub>2<\/sub> \u00e8 la carta di base (4000g\/kg). Crediamo che questo sia pi\u00f9 alto rispetto alla carta normale (circa 2000 g\/kg) a causa della densit\u00e0 pi\u00f9 elevata della nostra carta. Abbiamo ricevuto queste informazioni dal nostro fornitore di carta e non abbiamo ricevuto il loro calcolo completo. Questa \u00e8 la ragione principale per aver indicato una stima approssimativa. Il resto del CO|<sub>2<\/sub> deriva dall\u2019emulsione, dal rivestimento e dalla finitura, incluso l\u2019imballo, che avviene presso il nostro sito di Tilburg.\u00a0Stima dell\u2019impronta per la carta Supreme: 6500 g\/kg del prodotto.<\/span><\/div>\n\t\t\t\t\t<\/div>\n\t\t\t\t\t\t\t\t\t<a href=\"#la-carta-fotografica-e-vegana-2\" class=\"accordion__toggle u-bold\" aria-expanded=\"false\" data-behaviour=\"accordion\">La carta fotografica \u00e8 vegana?<\/a>\n\t\t\t\t\t<div class=\"accordion__content\" id=\"la-carta-fotografica-e-vegana-2\">\n\t\t\t\t\t\t<div class=\"accordion__content-text\">Tutte le pellicole e le carte fotografiche contengono una piccola quantit\u00e0 di gelatina. La gelatina che utilizziamo \u00e8 un sottoprodotto dell&#8217;industria agricola. Piccole quantit\u00e0 di gelatina sono state a lungo una parte importante della fotografia su pellicola e della stampa fotografica. La gelatina viene utilizzata in due modi. Viene utilizzata per legare insieme i sottili strati sensibili alla luce della pellicola fotografica e per tenere insieme i cristalli di alogenuro d&#8217;argento in un&#8217;emulsione, consentendo alla carta fotografica di trattenere l&#8217;immagine.\n\n&nbsp;<\/div>\n\t\t\t\t\t<\/div>\n\t\t\t\t\t\t\t\t\t<a href=\"#la-carta-fujifilm-e-sbiancata-con-luso-di-cloruro-3\" class=\"accordion__toggle u-bold\" aria-expanded=\"false\" data-behaviour=\"accordion\">La carta Fujifilm \u00e8 sbiancata con l\u2019uso di cloruro?<\/a>\n\t\t\t\t\t<div class=\"accordion__content\" id=\"la-carta-fujifilm-e-sbiancata-con-luso-di-cloruro-3\">\n\t\t\t\t\t\t<div class=\"accordion__content-text\"><span lang=\"IT\">La carta Fujifilm \u00e8 esente da cloro elementare (E.C.F).<\/span><\/div>\n\t\t\t\t\t<\/div>\n\t\t\t\t\t\t\t\t\t<a href=\"#quanto-e-ecologico-lo-stabilimento-della-carta-fujifilm-4\" class=\"accordion__toggle u-bold\" aria-expanded=\"false\" data-behaviour=\"accordion\">Quanto \u00e8 ecologico lo stabilimento della carta FUJIFILM?<\/a>\n\t\t\t\t\t<div class=\"accordion__content\" id=\"quanto-e-ecologico-lo-stabilimento-della-carta-fujifilm-4\">\n\t\t\t\t\t\t<div class=\"accordion__content-text\">Come indichiamo in \u201cWe Care\u201d, ricerchiamo continuamente dei metodi per crescere in materia di sostenibilit\u00e0. Al momento, in merito a Fujifilm Manufacturing Europe B.V., possiamo dire quanto segue:\n\n<strong>Energie rinnovabili<\/strong>\nAl momento, abbiamo 5 mulini a vento presso il sito produttivo Fujifilm Manufacturing Tilburg. Essi forniscono il 30% dell\u2019elettricit\u00e0. Il resto dell\u2019elettricit\u00e0 arriva da un parco di mulini a vento dedicato, il che significa il 100% di elettricit\u00e0 verde.\n\n<strong>Obiettivi<\/strong>\nRidurre del 30% la quantit\u00e0 di rifiuti generati dal Gruppo Fujifilm entro il 2030 (rispetto al livello del 2013).\nRidurre del 30% la quantit\u00e0 di acqua utilizzata dal Gruppo Fujifilm entro il 2030 (rispetto al livello del 2013).\nRidurre del 45% le emissioni di CO<sub>2<\/sub> del Gruppo Fujifilm entro il 2030 (rispetto al livello del 2013).\n\n<strong>Piani<\/strong>\n<em>1. Rifiuti:<\/em>\na. Diminuzione dei rifiuti durante il processo\nb. rispetto a un aumento nel riciclaggio creando mono-flussi di rifiuti. Bisogna dire che il riciclaggio con mono-flussi \u00e8 stato realizzato da anni presso Fujifilm Manufacturing come standard.\n\n<em>2. Acqua<\/em>\nStudio in corso per:\na. Ridurre l\u2019uso di acqua di pozzo\nb. riutilizzare i flussi di acque reflue dopo l\u2019\u2019impianto di trattamento delle acque reflue\u2019\n\n<em>3. Studi in corso<\/em>\na. Riduzione dell\u2019uso di energia (ad es. l\u2019utilizzo di termopompe anzich\u00e9 a vapore)\nb Elettrizzazione (dal gas all\u2019elettricit\u00e0)\nc. uso di combustibili non fossili (a lungo termine).\n\n<em>4. Tramite ISO14001, \u00e8 stato introdotto il Life Cycle Perspective (= ricerca della sostenibilit\u00e0 attraverso l\u2019intera catena).<\/em><\/div>\n\t\t\t\t\t<\/div>\n\t\t\t\t\t\t\t<\/div>\n\t\t\t\t\t<div class=\"accordion__section\">\n\t\t\t\t<h2 class=\"accordion__heading\">Carta fotografica<\/h2>\n\t\t\t\t\t\t\t\t\t<a href=\"#come-viene-stampata-unimmagine-sulla-carta-fotografica-1\" class=\"accordion__toggle u-bold\" aria-expanded=\"false\" data-behaviour=\"accordion\">Come viene stampata un\u2019immagine sulla carta fotografica?<\/a>\n\t\t\t\t\t<div class=\"accordion__content\" id=\"come-viene-stampata-unimmagine-sulla-carta-fotografica-1\">\n\t\t\t\t\t\t<div class=\"accordion__content-text\"><span lang=\"IT\">La carta fotografica \u00e8 una carta rivestita con una formula sensibile alla luce. Questo strato della carta viene chiamato emulsione. Quando i cristalli di alogenuro d\u2019argento in questa emulsione vengono esposti tramite un sistema di esposizione RGB, che utilizza la reazione della luce sulle sostanze in questa carta sensibile alla luce, viene creata un\u2019immagine latente. Quindi, la carta fotografica viene sottoposta a un processo chimico usando uno sviluppatore, viene fissata per creare l\u2019immagine sulla carta e l\u2019emulsione viene lavata via dalla carta.<\/span><\/div>\n\t\t\t\t\t<\/div>\n\t\t\t\t\t\t\t\t\t<a href=\"#cose-lemulsione-di-alogenuro-dargento-2\" class=\"accordion__toggle u-bold\" aria-expanded=\"false\" data-behaviour=\"accordion\">Cos\u2019\u00e8 l\u2019emulsione di alogenuro d\u2019argento?<\/a>\n\t\t\t\t\t<div class=\"accordion__content\" id=\"cose-lemulsione-di-alogenuro-dargento-2\">\n\t\t\t\t\t\t<div class=\"accordion__content-text\"><span lang=\"IT\">Vi ricordate i vecchi tempi, quando l\u2019immagine veniva stampata nella camera oscura da piccoli rullini di pellicola? Era tutta una questione di luce. La pellicola negativa veniva esposta alla luce e veniva \u201cstampata\u201d un\u2019immagine su carta che diventava nuovamente positiva. All\u2019inizio era solo in bianco e nero, in seguito arriv\u00f2 il colore.\u00a0La nostra emulsione di alogenuro d\u2019argento arriva da questa storia. \u00c8 sensibile alla luce e permette di sviluppare un\u2019immagine sulla carta. Ai nostri giorni, stampiamo da un\u2019immagine digitale, (\u00e8 ancora possibile farlo da rullini di pellicola negativi). Tuttavia, il processo non \u00e8 cambiato molto.<\/span><\/div>\n\t\t\t\t\t<\/div>\n\t\t\t\t\t\t\t\t\t<a href=\"#cose-la-carta-fotografica-3\" class=\"accordion__toggle u-bold\" aria-expanded=\"false\" data-behaviour=\"accordion\">Cos\u2019\u00e8 la carta fotografica?<\/a>\n\t\t\t\t\t<div class=\"accordion__content\" id=\"cose-la-carta-fotografica-3\">\n\t\t\t\t\t\t<div class=\"accordion__content-text\"><span lang=\"IT\">La carta <\/span><span lang=\"IT\">fotografica \u00e8 una carta sensibile alla luce. Contiene uno speciale strato a emulsione di alogenuro d\u2019argento in grado di \u201ccatturare\u201d la luce, che pu\u00f2 essere sviluppato in un\u2019immagine sulla carta usando delle sostanze chimiche.<\/span><\/div>\n\t\t\t\t\t<\/div>\n\t\t\t\t\t\t\t\t\t<a href=\"#cose-la-stampa-tipo-c-4\" class=\"accordion__toggle u-bold\" aria-expanded=\"false\" data-behaviour=\"accordion\">Cos\u2019\u00e8 la stampa tipo-C?<\/a>\n\t\t\t\t\t<div class=\"accordion__content\" id=\"cose-la-stampa-tipo-c-4\">\n\t\t\t\t\t\t<div class=\"accordion__content-text\"><span lang=\"IT\">\u00c8 un altro nome per identificare la carta fotografica. Sta per Chromogenic print [stampa cromogenica].<\/div>\n\t\t\t\t\t<\/div>\n\t\t\t\t\t\t\t\t\t<a href=\"#da-cosa-e-composta-la-carta-fotografica-5\" class=\"accordion__toggle u-bold\" aria-expanded=\"false\" data-behaviour=\"accordion\">Da cosa \u00e8 composta la carta fotografica?<\/a>\n\t\t\t\t\t<div class=\"accordion__content\" id=\"da-cosa-e-composta-la-carta-fotografica-5\">\n\t\t\t\t\t\t<div class=\"accordion__content-text\"><span lang=\"IT\">La carta fotografica \u00e8 composta da sette strati. La parte inferiore \u00e8 una base di carta resistente all\u2019acqua. \u00c8 seguita da tre strati sensibili alla luce e interstrati. Il primo \u00e8 uno strato sensibile al blu che riproduce il giallo, quindi il primo interstrato. Il successivo \u00e8 uno strato sensibile al verde che forma il magenta con il suo interstrato. L\u2019ultima parte \u00e8 uno strato sensibile al rosso che forma il ciano. \u00c8 seguito dall\u2019ultimo interstrato e da uno strato protettivo sopra.\n<\/span><\/div>\n\t\t\t\t\t<\/div>\n\t\t\t\t\t\t\t\t\t<a href=\"#quali-sono-gli-altri-nomi-della-carta-fotografica-6\" class=\"accordion__toggle u-bold\" aria-expanded=\"false\" data-behaviour=\"accordion\">Quali sono gli altri nomi della carta fotografica?<\/a>\n\t\t\t\t\t<div class=\"accordion__content\" id=\"quali-sono-gli-altri-nomi-della-carta-fotografica-6\">\n\t\t\t\t\t\t<div class=\"accordion__content-text\"><span lang=\"IT\">La carta fotografica viene definita con vari nomi: Stampa ad alogenuro d\u2019argento, stampa Tipo-C, carta a colori, Lamba &#8211; o stampe Lightjet (il nome si riferisce alla macchina, non alla carta). Questi nomi descrivono tutti la stessa carta fotografica.<\/span><\/div>\n\t\t\t\t\t<\/div>\n\t\t\t\t\t\t\t<\/div>\n\t\t\t<\/div>\n<\/div>\n","protected":false},"excerpt":{"rendered":"","protected":false},"author":1,"featured_media":0,"parent":0,"menu_order":0,"comment_status":"closed","ping_status":"closed","template":"","meta":{"_acf_changed":true,"footnotes":""},"class_list":["post-10050","page","type-page","status-publish","hentry"],"acf":[],"yoast_head":"<!-- This site is optimized with the Yoast SEO plugin v27.1.1 - https:\/\/yoast.com\/product\/yoast-seo-wordpress\/ -->\n<title>Domande Frequenti - Original Photo Paper by FUJIFILM<\/title>\n<meta name=\"robots\" content=\"index, follow, max-snippet:-1, max-image-preview:large, max-video-preview:-1\" \/>\n<link rel=\"canonical\" href=\"https:\/\/www.originalphotopaper.com\/it\/faqs\/\" \/>\n<meta property=\"og:locale\" content=\"it_IT\" \/>\n<meta property=\"og:type\" content=\"article\" \/>\n<meta property=\"og:title\" content=\"Domande Frequenti - Original Photo Paper by FUJIFILM\" \/>\n<meta property=\"og:url\" content=\"https:\/\/www.originalphotopaper.com\/it\/faqs\/\" \/>\n<meta property=\"og:site_name\" content=\"Original Photo Paper by FUJIFILM\" \/>\n<meta property=\"article:modified_time\" content=\"2025-05-21T16:11:11+00:00\" \/>\n<meta name=\"twitter:card\" content=\"summary_large_image\" \/>\n<script type=\"application\/ld+json\" class=\"yoast-schema-graph\">{\"@context\":\"https:\/\/schema.org\",\"@graph\":[{\"@type\":\"WebPage\",\"@id\":\"https:\/\/www.originalphotopaper.com\/it\/faqs\/\",\"url\":\"https:\/\/www.originalphotopaper.com\/it\/faqs\/\",\"name\":\"Domande Frequenti - Original Photo Paper by FUJIFILM\",\"isPartOf\":{\"@id\":\"https:\/\/www.originalphotopaper.com\/it\/#website\"},\"datePublished\":\"2023-03-30T09:01:21+00:00\",\"dateModified\":\"2025-05-21T16:11:11+00:00\",\"breadcrumb\":{\"@id\":\"https:\/\/www.originalphotopaper.com\/it\/faqs\/#breadcrumb\"},\"inLanguage\":\"it-IT\",\"potentialAction\":[{\"@type\":\"ReadAction\",\"target\":[\"https:\/\/www.originalphotopaper.com\/it\/faqs\/\"]}]},{\"@type\":\"BreadcrumbList\",\"@id\":\"https:\/\/www.originalphotopaper.com\/it\/faqs\/#breadcrumb\",\"itemListElement\":[{\"@type\":\"ListItem\",\"position\":1,\"name\":\"Casa\",\"item\":\"https:\/\/www.originalphotopaper.com\/it\/\"},{\"@type\":\"ListItem\",\"position\":2,\"name\":\"FAQs\"}]},{\"@type\":\"WebSite\",\"@id\":\"https:\/\/www.originalphotopaper.com\/it\/#website\",\"url\":\"https:\/\/www.originalphotopaper.com\/it\/\",\"name\":\"Original Photo Paper by FUJIFILM\",\"description\":\"DISCOVER FUJIFILM ORIGINAL PHOTOGRAPHIC PAPERS\",\"potentialAction\":[{\"@type\":\"SearchAction\",\"target\":{\"@type\":\"EntryPoint\",\"urlTemplate\":\"https:\/\/www.originalphotopaper.com\/it\/?s={search_term_string}\"},\"query-input\":{\"@type\":\"PropertyValueSpecification\",\"valueRequired\":true,\"valueName\":\"search_term_string\"}}],\"inLanguage\":\"it-IT\"}]}<\/script>\n<!-- \/ Yoast SEO plugin. -->","yoast_head_json":{"title":"Domande Frequenti - Original Photo Paper by FUJIFILM","robots":{"index":"index","follow":"follow","max-snippet":"max-snippet:-1","max-image-preview":"max-image-preview:large","max-video-preview":"max-video-preview:-1"},"canonical":"https:\/\/www.originalphotopaper.com\/it\/faqs\/","og_locale":"it_IT","og_type":"article","og_title":"Domande Frequenti - Original Photo Paper by FUJIFILM","og_url":"https:\/\/www.originalphotopaper.com\/it\/faqs\/","og_site_name":"Original Photo Paper by FUJIFILM","article_modified_time":"2025-05-21T16:11:11+00:00","twitter_card":"summary_large_image","schema":{"@context":"https:\/\/schema.org","@graph":[{"@type":"WebPage","@id":"https:\/\/www.originalphotopaper.com\/it\/faqs\/","url":"https:\/\/www.originalphotopaper.com\/it\/faqs\/","name":"Domande Frequenti - Original Photo Paper by FUJIFILM","isPartOf":{"@id":"https:\/\/www.originalphotopaper.com\/it\/#website"},"datePublished":"2023-03-30T09:01:21+00:00","dateModified":"2025-05-21T16:11:11+00:00","breadcrumb":{"@id":"https:\/\/www.originalphotopaper.com\/it\/faqs\/#breadcrumb"},"inLanguage":"it-IT","potentialAction":[{"@type":"ReadAction","target":["https:\/\/www.originalphotopaper.com\/it\/faqs\/"]}]},{"@type":"BreadcrumbList","@id":"https:\/\/www.originalphotopaper.com\/it\/faqs\/#breadcrumb","itemListElement":[{"@type":"ListItem","position":1,"name":"Casa","item":"https:\/\/www.originalphotopaper.com\/it\/"},{"@type":"ListItem","position":2,"name":"FAQs"}]},{"@type":"WebSite","@id":"https:\/\/www.originalphotopaper.com\/it\/#website","url":"https:\/\/www.originalphotopaper.com\/it\/","name":"Original Photo Paper by FUJIFILM","description":"DISCOVER FUJIFILM ORIGINAL PHOTOGRAPHIC PAPERS","potentialAction":[{"@type":"SearchAction","target":{"@type":"EntryPoint","urlTemplate":"https:\/\/www.originalphotopaper.com\/it\/?s={search_term_string}"},"query-input":{"@type":"PropertyValueSpecification","valueRequired":true,"valueName":"search_term_string"}}],"inLanguage":"it-IT"}]}},"_links":{"self":[{"href":"https:\/\/www.originalphotopaper.com\/it\/wp-json\/wp\/v2\/pages\/10050","targetHints":{"allow":["GET"]}}],"collection":[{"href":"https:\/\/www.originalphotopaper.com\/it\/wp-json\/wp\/v2\/pages"}],"about":[{"href":"https:\/\/www.originalphotopaper.com\/it\/wp-json\/wp\/v2\/types\/page"}],"author":[{"embeddable":true,"href":"https:\/\/www.originalphotopaper.com\/it\/wp-json\/wp\/v2\/users\/1"}],"replies":[{"embeddable":true,"href":"https:\/\/www.originalphotopaper.com\/it\/wp-json\/wp\/v2\/comments?post=10050"}],"version-history":[{"count":0,"href":"https:\/\/www.originalphotopaper.com\/it\/wp-json\/wp\/v2\/pages\/10050\/revisions"}],"wp:attachment":[{"href":"https:\/\/www.originalphotopaper.com\/it\/wp-json\/wp\/v2\/media?parent=10050"}],"curies":[{"name":"wp","href":"https:\/\/api.w.org\/{rel}","templated":true}]}}