{"id":10002,"date":"2023-05-03T08:42:28","date_gmt":"2023-05-03T08:42:28","guid":{"rendered":"https:\/\/www.originalphotopaper.com\/history\/"},"modified":"2025-07-14T13:45:21","modified_gmt":"2025-07-14T13:45:21","slug":"history","status":"publish","type":"page","link":"https:\/\/www.originalphotopaper.com\/pl\/history\/","title":{"rendered":"Dziedzictwo"},"content":{"rendered":"<section class=\"page-title page-title--bokeh \">\n\t<div class=\"container container--reduced-padding page-title__content page-title__content--left container--large\">\n\t\t\t\t\t<h1 class=\"page-title__title\">Oryginalno\u015b\u0107 I d\u0142uga tradycja<\/h1>\n\t\t\t\t\t\t\t<\/div>\n\t\t\t<div class=\"page-title__bg page-title__bg--585187430\"><\/div>\n\t\t<style>\n    @media (min-width: 1440px) {\n        .page-title__bg--585187430 {\n            background-image: url(https:\/\/fujihalide-live.s3.eu-west-1.amazonaws.com\/wp-content\/uploads\/2024\/11\/07105037\/bokeh-e1734007400897.png);\n            background-size: cover;\n            background-repeat: no-repeat;\n        }\n    }\n    @media (max-width: 1440px) {\n        .page-title__bg--585187430 {\n            background-image: url(https:\/\/fujihalide-live.s3.eu-west-1.amazonaws.com\/wp-content\/uploads\/2024\/11\/07105037\/bokeh-e1734007400897.png);\n            background-size: cover;\n            background-repeat: no-repeat;\n        }\n    }\n    @media (max-width: 768px) {\n        .page-title__bg--585187430 {\n            background-image: url(https:\/\/fujihalide-live.s3.eu-west-1.amazonaws.com\/wp-content\/uploads\/2024\/11\/07105037\/bokeh-e1734007400897-720x80.png);\n            background-size: cover;\n            background-repeat: no-repeat;\n        }\n    }\n    @media (max-width: 360px) {\n        .page-title__bg--585187430 {\n            background-image: url(https:\/\/fujihalide-live.s3.eu-west-1.amazonaws.com\/wp-content\/uploads\/2024\/11\/07105037\/bokeh-e1734007400897-360x40.png);\n            background-size: cover;\n            background-repeat: no-repeat;\n        }\n    }\n<\/style>\t<\/section>\n\n\n\n<section class=\"content-slider\">\n\t\t\t<div class=\"content-slider__head\">\n\t\t\t<div class=\"container container--medium\">\n\t\t\t\t\t\t\t\t\t\t\t\t\t<p class=\"content-slider__intro\">Ju\u017c od pocz\u0105tku istnienia firmy za\u0142o\u017conej w 1934, Fujifilm dywersyfikowa\u0142o swoj\u0105 dzia\u0142alno\u015b\u0107 wkraczaj\u0105c na nowe rynki oraz buduj\u0105c mocn\u0105 pozycj\u0119 na ca\u0142ym \u015bwiecie. Wychodz\u0105c od swoich korzeni, czyli produkcji film\u00f3w fotograficznych, firma stopniowo wprowadza\u0142a innowacyjne rozwi\u0105zania \u2013 czego efektem jest czo\u0142owa obecnie pozycja Fujifilm na rynku papier\u00f3w \u015bwiat\u0142oczu\u0142ych, dostarczanych przez nas z oryginaln\u0105 jako\u015bci\u0105 Fujicolor.\r\n\r\nKliknij na poszczeg\u00f3lne rozdzia\u0142y, by dowiedzie\u0107 si\u0119 wi\u0119cej o dziedzictwie naszej korporacji i jej drodze do sukcesu.<\/p>\n\t\t\t\t\t\t\t<\/div>\n\t\t<\/div>\n\t\t\t\t<div class=\"glide\" data-ref=\"content-slider\"   data-center=\"true\" >\n\t\t\t<div class=\"glide__track\" data-glide-el=\"track\">\n\t\t\t\t<ul class=\"glide__slides\">\n\t\t\t\t\t\t\t\t\t\t\t\t<li class=\"slide\">\n\n\t\t<div class=\"slide__image\">\n\t\t\t\t\t\t\t\t\t<picture>\n    <img decoding=\"async\"   alt=\"\"\n    \n    src=\"https:\/\/fujihalide-live.s3.eu-west-1.amazonaws.com\/wp-content\/uploads\/2023\/05\/03083551\/heritage_1934-1160x850.webp\" width=\"1600\" height=\"1172\" loading=\"lazy\"\/> <\/picture>\n\t\t<\/div>\n\n\t\t\t\t\t<div class=\"slide__text\">\n\t\t\t\t\t\t\t\t\t<h4 class=\"slide__title\">1934<\/h4>\n\t\t\t\t\t\t\t\t\t\t\t\t\t<p>Utworzenie firmy Fuji Photo Film Co., Ltd. Nowa firma odziedziczy\u0142a dzia\u0142alno\u015b\u0107 w zakresie film\u00f3w fotograficznych po wydzieleniu jej z firmy Dainippon Celluloid Company Limited. Rozpocz\u0105\u0142 dzia\u0142alno\u015b\u0107 zak\u0142ad produkcyjny Ashigara (obecnie Kanagawa Factory w Ashigara) produkuj\u0105cy filmy fotograficzne, papier do odbitek fotograficznych, suche p\u0142yty oraz inne materia\u0142y \u015bwiat\u0142oczu\u0142e.<\/p>\n\n\t\t\t\t\t\t\t\t\t\t\t<\/div>\n\t\t\n\t<\/li>\n\t\t\t\t\t\t\t\t\t\t\t\t<li class=\"slide\">\n\n\t\t<div class=\"slide__image\">\n\t\t\t\t\t\t\t\t\t<picture>\n    <img decoding=\"async\"   alt=\"\"\n    \n    src=\"https:\/\/fujihalide-live.s3.eu-west-1.amazonaws.com\/wp-content\/uploads\/2023\/05\/03083541\/heritage_1948-1160x846.webp\" width=\"1920\" height=\"1400\" loading=\"lazy\"\/> <\/picture>\n\t\t<\/div>\n\n\t\t\t\t\t<div class=\"slide__text\">\n\t\t\t\t\t\t\t\t\t<h4 class=\"slide__title\">1948<\/h4>\n\t\t\t\t\t\t\t\t\t\t\t\t\t<p>Pocz\u0105tek kolorowych film\u00f3w odwracalnych, czyli tworzenia pozytywowego obrazu na przezroczystym filmie. Kadry filmu mocowane w ramce mog\u0142y by\u0107 u\u017cywane w projektorach do pokaz\u00f3w slajd\u00f3w.<\/p>\n\n\t\t\t\t\t\t\t\t\t\t\t<\/div>\n\t\t\n\t<\/li>\n\t\t\t\t\t\t\t\t\t\t\t\t<li class=\"slide\">\n\n\t\t<div class=\"slide__image\">\n\t\t\t\t\t\t\t\t\t<picture>\n    <img decoding=\"async\"   alt=\"\"\n    \n    src=\"https:\/\/fujihalide-live.s3.eu-west-1.amazonaws.com\/wp-content\/uploads\/2023\/05\/03083531\/heritage_1958-1160x846.webp\" width=\"1920\" height=\"1400\" loading=\"lazy\"\/> <\/picture>\n\t\t<\/div>\n\n\t\t\t\t\t<div class=\"slide__text\">\n\t\t\t\t\t\t\t\t\t<h4 class=\"slide__title\">1958<\/h4>\n\t\t\t\t\t\t\t\t\t\t\t\t\t<p>Pocz\u0105tek kolorowego filmu negatywowego, umo\u017cliwiaj\u0105cego uzyskiwanie negatywowego obrazu na przezroczystym filmie. Zak\u0142ad produkcyjny Ashigara rozpoczyna produkcj\u0119 pierwszych papier\u00f3w fotograficznych Fujicolor. Jest to pierwszy amatorski papier fotograficzny do stosowania w po\u0142\u0105czeniu z kolorowymi negatywowymi filmami.<\/p>\n\n\t\t\t\t\t\t\t\t\t\t\t<\/div>\n\t\t\n\t<\/li>\n\t\t\t\t\t\t\t\t\t\t\t\t<li class=\"slide\">\n\n\t\t<div class=\"slide__image\">\n\t\t\t\t\t\t\t\t\t<picture>\n    <img decoding=\"async\"   alt=\"\"\n    \n    src=\"https:\/\/fujihalide-live.s3.eu-west-1.amazonaws.com\/wp-content\/uploads\/2023\/05\/03083521\/heritage_1966-1160x846.webp\" width=\"1920\" height=\"1400\" loading=\"lazy\"\/> <\/picture>\n\t\t<\/div>\n\n\t\t\t\t\t<div class=\"slide__text\">\n\t\t\t\t\t\t\t\t\t<h4 class=\"slide__title\">1966<\/h4>\n\t\t\t\t\t\t\t\t\t\t\t\t\t<p>Zak\u0142ad produkcyjny Ashigara wprowadza pierwszy profesjonalny papier fotograficzny Fujicolor.<\/p>\n\n\t\t\t\t\t\t\t\t\t\t\t<\/div>\n\t\t\n\t<\/li>\n\t\t\t\t\t\t\t\t\t\t\t\t<li class=\"slide\">\n\n\t\t<div class=\"slide__image\">\n\t\t\t\t\t\t\t\t\t<picture>\n    <img decoding=\"async\"   alt=\"\"\n    \n    src=\"https:\/\/fujihalide-live.s3.eu-west-1.amazonaws.com\/wp-content\/uploads\/2023\/05\/03083512\/heritage_1982-1160x846.webp\" width=\"1920\" height=\"1400\" loading=\"lazy\"\/> <\/picture>\n\t\t<\/div>\n\n\t\t\t\t\t<div class=\"slide__text\">\n\t\t\t\t\t\t\t\t\t<h4 class=\"slide__title\">1982<\/h4>\n\t\t\t\t\t\t\t\t\t\t\t\t\t<p>FUJIFILM Manufacturing Europe rozpoczyna produkcj\u0119 kolorowych film\u00f3w negatywowych oraz papieru fotograficznego z serii Analogue EP2. W kolejnych latach, Fujifilm stale udoskonala papiery, skracaj\u0105c czas wywo\u0142ywania z 3-min. do 19-sek. w dzisiejszych papierach z serii FA02.<\/p>\n\n\t\t\t\t\t\t\t\t\t\t\t<\/div>\n\t\t\n\t<\/li>\n\t\t\t\t\t\t\t\t\t\t\t\t<li class=\"slide\">\n\n\t\t<div class=\"slide__image\">\n\t\t\t\t\t\t\t\t\t<picture>\n    <img decoding=\"async\"   alt=\"\"\n    \n    src=\"https:\/\/fujihalide-live.s3.eu-west-1.amazonaws.com\/wp-content\/uploads\/2023\/05\/03083500\/heritage_2008-1160x846.webp\" width=\"1920\" height=\"1400\" loading=\"lazy\"\/> <\/picture>\n\t\t<\/div>\n\n\t\t\t\t\t<div class=\"slide__text\">\n\t\t\t\t\t\t\t\t\t<h4 class=\"slide__title\">2008<\/h4>\n\t\t\t\t\t\t\t\t\t\t\t\t\t<p>FUJIFILM Manufacturing Europe wprowadza nowe typy papier\u00f3w fotograficznych: papier fotograficzny dla album\u00f3w, papier typu amatorskiego oraz DPII, Pearl i Supreme HD, kt\u00f3re do\u0142\u0105czaj\u0105 do procesjonalnej linii produktowej.<\/p>\n\n\t\t\t\t\t\t\t\t\t\t\t<\/div>\n\t\t\n\t<\/li>\n\t\t\t\t\t\t\t\t\t\t\t\t<li class=\"slide\">\n\n\t\t<div class=\"slide__image\">\n\t\t\t\t\t\t\t\t\t<picture>\n    <img decoding=\"async\"   alt=\"\"\n    \n    src=\"https:\/\/fujihalide-live.s3.eu-west-1.amazonaws.com\/wp-content\/uploads\/2023\/05\/03083450\/heritage_2009-1160x846.webp\" width=\"1920\" height=\"1400\" loading=\"lazy\"\/> <\/picture>\n\t\t<\/div>\n\n\t\t\t\t\t<div class=\"slide__text\">\n\t\t\t\t\t\t\t\t\t<h4 class=\"slide__title\">2009<\/h4>\n\t\t\t\t\t\t\t\t\t\t\t\t\t<p>FUJIFILM Manufacturing Europe Prezentuje pierwszy papier fotograficznych, po kt\u00f3rym mo\u017cna pisa\u0107. Ten unikalny papier, po kt\u00f3rym mo\u017cna pisa\u0107 d\u0142ugopisem, przeznaczony jest g\u0142\u00f3wnie do stosowania w kalendarzach i poczt\u00f3wkach.<\/p>\n\n\t\t\t\t\t\t\t\t\t\t\t<\/div>\n\t\t\n\t<\/li>\n\t\t\t\t\t\t\t\t\t\t\t\t<li class=\"slide\">\n\n\t\t<div class=\"slide__image\">\n\t\t\t\t\t\t\t\t\t<picture>\n    <img decoding=\"async\"   alt=\"\"\n    \n    src=\"https:\/\/fujihalide-live.s3.eu-west-1.amazonaws.com\/wp-content\/uploads\/2023\/05\/03083441\/heritage_2010-1160x846.webp\" width=\"1920\" height=\"1400\" loading=\"lazy\"\/> <\/picture>\n\t\t<\/div>\n\n\t\t\t\t\t<div class=\"slide__text\">\n\t\t\t\t\t\t\t\t\t<h4 class=\"slide__title\">2010<\/h4>\n\t\t\t\t\t\t\t\t\t\t\t\t\t<p>W zwi\u0105zku z ogromnym sukcesem papieru albumowego do foto-ksi\u0105\u017cek (Album Paper), FUJIFILM Manufacturing rozpoczyna opracowywanie papieru Album HD , kt\u00f3ry charakteryzuje si\u0119 bogatsz\u0105 kolorystyk\u0105 i mo\u017ce by\u0107 stosowany w produkcji album\u00f3w fotograficznych.<\/p>\n\n\t\t\t\t\t\t\t\t\t\t\t<\/div>\n\t\t\n\t<\/li>\n\t\t\t\t\t\t\t\t\t\t\t\t<li class=\"slide\">\n\n\t\t<div class=\"slide__image\">\n\t\t\t\t\t\t\t\t\t<picture>\n    <img decoding=\"async\"   alt=\"\"\n    \n    src=\"https:\/\/fujihalide-live.s3.eu-west-1.amazonaws.com\/wp-content\/uploads\/2023\/05\/03083431\/heritage_2013-1160x846.webp\" width=\"1920\" height=\"1400\" loading=\"lazy\"\/> <\/picture>\n\t\t<\/div>\n\n\t\t\t\t\t<div class=\"slide__text\">\n\t\t\t\t\t\t\t\t\t<h4 class=\"slide__title\">2013<\/h4>\n\t\t\t\t\t\t\t\t\t\t\t\t\t<p>Po czterech latach nieprzerwanych sukces\u00f3w i dalszego rozwijania albumowych papier\u00f3w fotograficznych w Europie, wprowadzane s\u0105 dwa dodatkowe albumowe papiery fotograficzne oferowane na globalnym rynku.<\/p>\n\n\t\t\t\t\t\t\t\t\t\t\t<\/div>\n\t\t\n\t<\/li>\n\t\t\t\t\t\t\t\t\t\t\t\t<li class=\"slide\">\n\n\t\t<div class=\"slide__image\">\n\t\t\t\t\t\t\t\t\t<picture>\n    <img decoding=\"async\"   alt=\"\"\n    \n    src=\"https:\/\/fujihalide-live.s3.eu-west-1.amazonaws.com\/wp-content\/uploads\/2023\/05\/03083420\/heritage_2015-1160x846.webp\" width=\"1920\" height=\"1400\" loading=\"lazy\"\/> <\/picture>\n\t\t<\/div>\n\n\t\t\t\t\t<div class=\"slide__text\">\n\t\t\t\t\t\t\t\t\t<h4 class=\"slide__title\">2015<\/h4>\n\t\t\t\t\t\t\t\t\t\t\t\t\t<p>Fujifilm wprowadza papier Premium HDX: odporny i wytrzyma\u0142y, gruby albumowy papier fotograficzny (215 \u03bcm) przeznaczony do tworzenia wysokiej jako\u015bci foto-ksi\u0105\u017cek.<\/p>\n\n\t\t\t\t\t\t\t\t\t\t\t<\/div>\n\t\t\n\t<\/li>\n\t\t\t\t\t\t\t\t\t\t\t\t<li class=\"slide\">\n\n\t\t<div class=\"slide__image\">\n\t\t\t\t\t\t\t\t\t<picture>\n    <img decoding=\"async\"   alt=\"\"\n    \n    src=\"https:\/\/fujihalide-live.s3.eu-west-1.amazonaws.com\/wp-content\/uploads\/2023\/05\/03083409\/heritage_2015b-1160x846.webp\" width=\"1920\" height=\"1400\" loading=\"lazy\"\/> <\/picture>\n\t\t<\/div>\n\n\t\t\t\t\t<div class=\"slide__text\">\n\t\t\t\t\t\t\t\t\t<h4 class=\"slide__title\">2015<\/h4>\n\t\t\t\t\t\t\t\t\t\t\t\t\t<p>FUJIFILM Europe opracowuje i wprowadza dwa unikalne papiery fotograficzne z rodziny Creative Papers: Velvet (aksamitny, beze refleks\u00f3w) oraz Textured Canvas (Faktura p\u0142\u00f3tna).<\/p>\n\n\t\t\t\t\t\t\t\t\t\t\t<\/div>\n\t\t\n\t<\/li>\n\t\t\t\t\t\t\t\t\t\t\t\t<li class=\"slide\">\n\n\t\t<div class=\"slide__image\">\n\t\t\t\t\t\t\t\t\t<picture>\n    <img decoding=\"async\"   alt=\"\"\n    \n    src=\"https:\/\/fujihalide-live.s3.eu-west-1.amazonaws.com\/wp-content\/uploads\/2023\/05\/03083359\/heritage_2016-1160x846.webp\" width=\"1920\" height=\"1400\" loading=\"lazy\"\/> <\/picture>\n\t\t<\/div>\n\n\t\t\t\t\t<div class=\"slide__text\">\n\t\t\t\t\t\t\t\t\t<h4 class=\"slide__title\">2016<\/h4>\n\t\t\t\t\t\t\t\t\t\t\t\t\t<p>Pocz\u0105tkowy sukces papier\u00f3w z gamy Creative Paper jest kontynuowany wraz z wprowadzeniem papier\u00f3w fotograficznych Textured Linen (Faktura lnu), Textured Leather (Faktura sk\u00f3ry) oraz Velvet Type S (cie\u0144sza wersja papieru velvet do produkcji foto-ksi\u0105\u017cek).<\/p>\n\n\t\t\t\t\t\t\t\t\t\t\t<\/div>\n\t\t\n\t<\/li>\n\t\t\t\t\t\t\t\t\t\t\t\t<li class=\"slide\">\n\n\t\t<div class=\"slide__image\">\n\t\t\t\t\t\t\t\t\t<picture>\n    <img decoding=\"async\"   alt=\"\"\n    \n    src=\"https:\/\/fujihalide-live.s3.eu-west-1.amazonaws.com\/wp-content\/uploads\/2023\/05\/03083350\/heritage_2017-1160x846.webp\" width=\"1920\" height=\"1400\" loading=\"lazy\"\/> <\/picture>\n\t\t<\/div>\n\n\t\t\t\t\t<div class=\"slide__text\">\n\t\t\t\t\t\t\t\t\t<h4 class=\"slide__title\">2017<\/h4>\n\t\t\t\t\t\t\t\t\t\t\t\t\t<p>Fujifilm prezentuje swoje najnowsze papiery fotograficzne uzupe\u0142niaj\u0105ce dotychczasow\u0105 gam\u0119 papier\u00f3w albumowych: Album Paper XS (135 \u03bcm), cie\u0144szy papier fotograficzny pozwalaj\u0105cy na tworzenie foto-ksi\u0105\u017cek o wi\u0119kszej liczbie stron.<\/p>\n\n\t\t\t\t\t\t\t\t\t\t\t<\/div>\n\t\t\n\t<\/li>\n\t\t\t\t\t\t\t\t\t<\/ul>\n\t\t\t<\/div>\n\t\t\t<div class=\"content-slider__arrows\" data-glide-el=\"controls\">\n\t<button class=\"content-slider__arrow content-slider__arrow--left\" data-glide-dir=\"&lt;\"><svg width=\"48\" height=\"48\" fill=\"none\" xmlns=\"http:\/\/www.w3.org\/2000\/svg\"><rect width=\"48\" height=\"48\" rx=\"24\" fill=\"#fff\" fill-opacity=\".9\"\/><path d=\"M12.94 25.06a1.5 1.5 0 0 1 0-2.12l9.545-9.547a1.5 1.5 0 1 1 2.122 2.122L16.12 24l8.486 8.485a1.5 1.5 0 1 1-2.122 2.122L12.94 25.06zM34 25.5H14v-3h20v3z\" fill=\"#001A15\"\/><\/svg><\/button>\n\t<button class=\"content-slider__arrow content-slider__arrow--right\" data-glide-dir=\"&gt;\"><svg width=\"48\" height=\"48\" fill=\"none\" xmlns=\"http:\/\/www.w3.org\/2000\/svg\"><rect width=\"48\" height=\"48\" rx=\"24\" fill=\"#fff\" fill-opacity=\".9\"\/><path d=\"M35.06 25.06a1.5 1.5 0 0 0 0-2.12l-9.545-9.547a1.5 1.5 0 1 0-2.122 2.122L31.88 24l-8.486 8.485a1.5 1.5 0 1 0 2.122 2.122l9.546-9.546zM14 25.5h20v-3H14v3z\" fill=\"#001A15\"\/><\/svg><\/button>\n<\/div>\n\t\t<\/div>\n\t<\/section>\n","protected":false},"excerpt":{"rendered":"","protected":false},"author":1,"featured_media":0,"parent":0,"menu_order":0,"comment_status":"closed","ping_status":"closed","template":"","meta":{"_acf_changed":true,"footnotes":""},"class_list":["post-10002","page","type-page","status-publish","hentry"],"acf":[],"yoast_head":"<!-- This site is optimized with the Yoast SEO plugin v27.1.1 - https:\/\/yoast.com\/product\/yoast-seo-wordpress\/ -->\n<title>Dziedzictwo - Original Photo Paper by FUJIFILM<\/title>\n<meta name=\"robots\" content=\"index, follow, max-snippet:-1, max-image-preview:large, max-video-preview:-1\" \/>\n<link rel=\"canonical\" href=\"https:\/\/www.originalphotopaper.com\/pl\/history\/\" \/>\n<meta property=\"og:locale\" content=\"pl_PL\" \/>\n<meta property=\"og:type\" content=\"article\" \/>\n<meta property=\"og:title\" content=\"Dziedzictwo - Original Photo Paper by FUJIFILM\" \/>\n<meta property=\"og:url\" content=\"https:\/\/www.originalphotopaper.com\/pl\/history\/\" \/>\n<meta property=\"og:site_name\" content=\"Original Photo Paper by FUJIFILM\" \/>\n<meta property=\"article:modified_time\" content=\"2025-07-14T13:45:21+00:00\" \/>\n<meta name=\"twitter:card\" content=\"summary_large_image\" \/>\n<script type=\"application\/ld+json\" class=\"yoast-schema-graph\">{\"@context\":\"https:\/\/schema.org\",\"@graph\":[{\"@type\":\"WebPage\",\"@id\":\"https:\/\/www.originalphotopaper.com\/pl\/history\/\",\"url\":\"https:\/\/www.originalphotopaper.com\/pl\/history\/\",\"name\":\"Dziedzictwo - Original Photo Paper by FUJIFILM\",\"isPartOf\":{\"@id\":\"https:\/\/www.originalphotopaper.com\/pl\/#website\"},\"datePublished\":\"2023-05-03T08:42:28+00:00\",\"dateModified\":\"2025-07-14T13:45:21+00:00\",\"breadcrumb\":{\"@id\":\"https:\/\/www.originalphotopaper.com\/pl\/history\/#breadcrumb\"},\"inLanguage\":\"pl-PL\",\"potentialAction\":[{\"@type\":\"ReadAction\",\"target\":[\"https:\/\/www.originalphotopaper.com\/pl\/history\/\"]}]},{\"@type\":\"BreadcrumbList\",\"@id\":\"https:\/\/www.originalphotopaper.com\/pl\/history\/#breadcrumb\",\"itemListElement\":[{\"@type\":\"ListItem\",\"position\":1,\"name\":\"Dom\",\"item\":\"https:\/\/www.originalphotopaper.com\/pl\/\"},{\"@type\":\"ListItem\",\"position\":2,\"name\":\"History\"}]},{\"@type\":\"WebSite\",\"@id\":\"https:\/\/www.originalphotopaper.com\/pl\/#website\",\"url\":\"https:\/\/www.originalphotopaper.com\/pl\/\",\"name\":\"Original Photo Paper by FUJIFILM\",\"description\":\"DISCOVER FUJIFILM ORIGINAL PHOTOGRAPHIC PAPERS\",\"potentialAction\":[{\"@type\":\"SearchAction\",\"target\":{\"@type\":\"EntryPoint\",\"urlTemplate\":\"https:\/\/www.originalphotopaper.com\/pl\/?s={search_term_string}\"},\"query-input\":{\"@type\":\"PropertyValueSpecification\",\"valueRequired\":true,\"valueName\":\"search_term_string\"}}],\"inLanguage\":\"pl-PL\"}]}<\/script>\n<!-- \/ Yoast SEO plugin. -->","yoast_head_json":{"title":"Dziedzictwo - Original Photo Paper by FUJIFILM","robots":{"index":"index","follow":"follow","max-snippet":"max-snippet:-1","max-image-preview":"max-image-preview:large","max-video-preview":"max-video-preview:-1"},"canonical":"https:\/\/www.originalphotopaper.com\/pl\/history\/","og_locale":"pl_PL","og_type":"article","og_title":"Dziedzictwo - Original Photo Paper by FUJIFILM","og_url":"https:\/\/www.originalphotopaper.com\/pl\/history\/","og_site_name":"Original Photo Paper by FUJIFILM","article_modified_time":"2025-07-14T13:45:21+00:00","twitter_card":"summary_large_image","schema":{"@context":"https:\/\/schema.org","@graph":[{"@type":"WebPage","@id":"https:\/\/www.originalphotopaper.com\/pl\/history\/","url":"https:\/\/www.originalphotopaper.com\/pl\/history\/","name":"Dziedzictwo - Original Photo Paper by FUJIFILM","isPartOf":{"@id":"https:\/\/www.originalphotopaper.com\/pl\/#website"},"datePublished":"2023-05-03T08:42:28+00:00","dateModified":"2025-07-14T13:45:21+00:00","breadcrumb":{"@id":"https:\/\/www.originalphotopaper.com\/pl\/history\/#breadcrumb"},"inLanguage":"pl-PL","potentialAction":[{"@type":"ReadAction","target":["https:\/\/www.originalphotopaper.com\/pl\/history\/"]}]},{"@type":"BreadcrumbList","@id":"https:\/\/www.originalphotopaper.com\/pl\/history\/#breadcrumb","itemListElement":[{"@type":"ListItem","position":1,"name":"Dom","item":"https:\/\/www.originalphotopaper.com\/pl\/"},{"@type":"ListItem","position":2,"name":"History"}]},{"@type":"WebSite","@id":"https:\/\/www.originalphotopaper.com\/pl\/#website","url":"https:\/\/www.originalphotopaper.com\/pl\/","name":"Original Photo Paper by FUJIFILM","description":"DISCOVER FUJIFILM ORIGINAL PHOTOGRAPHIC PAPERS","potentialAction":[{"@type":"SearchAction","target":{"@type":"EntryPoint","urlTemplate":"https:\/\/www.originalphotopaper.com\/pl\/?s={search_term_string}"},"query-input":{"@type":"PropertyValueSpecification","valueRequired":true,"valueName":"search_term_string"}}],"inLanguage":"pl-PL"}]}},"_links":{"self":[{"href":"https:\/\/www.originalphotopaper.com\/pl\/wp-json\/wp\/v2\/pages\/10002","targetHints":{"allow":["GET"]}}],"collection":[{"href":"https:\/\/www.originalphotopaper.com\/pl\/wp-json\/wp\/v2\/pages"}],"about":[{"href":"https:\/\/www.originalphotopaper.com\/pl\/wp-json\/wp\/v2\/types\/page"}],"author":[{"embeddable":true,"href":"https:\/\/www.originalphotopaper.com\/pl\/wp-json\/wp\/v2\/users\/1"}],"replies":[{"embeddable":true,"href":"https:\/\/www.originalphotopaper.com\/pl\/wp-json\/wp\/v2\/comments?post=10002"}],"version-history":[{"count":0,"href":"https:\/\/www.originalphotopaper.com\/pl\/wp-json\/wp\/v2\/pages\/10002\/revisions"}],"wp:attachment":[{"href":"https:\/\/www.originalphotopaper.com\/pl\/wp-json\/wp\/v2\/media?parent=10002"}],"curies":[{"name":"wp","href":"https:\/\/api.w.org\/{rel}","templated":true}]}}