{"id":10007,"date":"2023-05-03T08:42:28","date_gmt":"2023-05-03T08:42:28","guid":{"rendered":"https:\/\/www.originalphotopaper.com\/history\/"},"modified":"2025-07-14T13:45:45","modified_gmt":"2025-07-14T13:45:45","slug":"history","status":"publish","type":"page","link":"https:\/\/www.originalphotopaper.com\/tr\/history\/","title":{"rendered":"Miras"},"content":{"rendered":"<section class=\"page-title page-title--bokeh \">\n\t<div class=\"container container--reduced-padding page-title__content page-title__content--left container--large\">\n\t\t\t\t\t<h1 class=\"page-title__title\">Uzun bir gelene\u011fi olan bir orijinal<\/h1>\n\t\t\t\t\t\t\t<\/div>\n\t\t\t<div class=\"page-title__bg page-title__bg--1786429652\"><\/div>\n\t\t<style>\n    @media (min-width: 1440px) {\n        .page-title__bg--1786429652 {\n            background-image: url(https:\/\/fujihalide-live.s3.eu-west-1.amazonaws.com\/wp-content\/uploads\/2024\/11\/07105037\/bokeh-e1734007400897.png);\n            background-size: cover;\n            background-repeat: no-repeat;\n        }\n    }\n    @media (max-width: 1440px) {\n        .page-title__bg--1786429652 {\n            background-image: url(https:\/\/fujihalide-live.s3.eu-west-1.amazonaws.com\/wp-content\/uploads\/2024\/11\/07105037\/bokeh-e1734007400897.png);\n            background-size: cover;\n            background-repeat: no-repeat;\n        }\n    }\n    @media (max-width: 768px) {\n        .page-title__bg--1786429652 {\n            background-image: url(https:\/\/fujihalide-live.s3.eu-west-1.amazonaws.com\/wp-content\/uploads\/2024\/11\/07105037\/bokeh-e1734007400897-720x80.png);\n            background-size: cover;\n            background-repeat: no-repeat;\n        }\n    }\n    @media (max-width: 360px) {\n        .page-title__bg--1786429652 {\n            background-image: url(https:\/\/fujihalide-live.s3.eu-west-1.amazonaws.com\/wp-content\/uploads\/2024\/11\/07105037\/bokeh-e1734007400897-360x40.png);\n            background-size: cover;\n            background-repeat: no-repeat;\n        }\n    }\n<\/style>\t<\/section>\n\n\n\n<section class=\"content-slider\">\n\t\t\t<div class=\"content-slider__head\">\n\t\t\t<div class=\"container container--medium\">\n\t\t\t\t\t\t\t\t\t\t\t\t\t<p class=\"content-slider__intro\">Fujifilm 1934\u2019teki kurulu\u015fundan itibaren yeni pazarlara y\u00f6neldi ve d\u00fcnya \u00e7ap\u0131nda g\u00fc\u00e7l\u00fc bir varl\u0131k kurdu. Foto\u011fraf filmi \u00fcreticisi olma k\u00f6keninden yola \u00e7\u0131kan \u015firketimiz s\u00fcrekli olarak yenilik\u00e7i \u00e7\u00f6z\u00fcmleri izledi. Bunun sonucu olarak, Fujifilm\u2019in g\u00fcm\u00fc\u015f halid k\u00e2\u011f\u0131t \u00fcr\u00fcnleri orijinal Fujicolor kalitesini sunarak pazardaki liderli\u011fini h\u00e2l\u00e2 s\u00fcrd\u00fcr\u00fcyor.\r\n\r\nKurumsal miras\u0131m\u0131z ve ba\u015far\u0131m\u0131z hakk\u0131nda daha fazla bilgi edinmek i\u00e7in \u00e7e\u015fitli b\u00f6l\u00fcmleri t\u0131klay\u0131n.<\/p>\n\t\t\t\t\t\t\t<\/div>\n\t\t<\/div>\n\t\t\t\t<div class=\"glide\" data-ref=\"content-slider\"   data-center=\"true\" >\n\t\t\t<div class=\"glide__track\" data-glide-el=\"track\">\n\t\t\t\t<ul class=\"glide__slides\">\n\t\t\t\t\t\t\t\t\t\t\t\t<li class=\"slide\">\n\n\t\t<div class=\"slide__image\">\n\t\t\t\t\t\t\t\t\t<picture>\n    <img decoding=\"async\"   alt=\"\"\n    \n    src=\"https:\/\/fujihalide-live.s3.eu-west-1.amazonaws.com\/wp-content\/uploads\/2023\/05\/03083551\/heritage_1934-1160x850.webp\" width=\"1600\" height=\"1172\" loading=\"lazy\"\/> <\/picture>\n\t\t<\/div>\n\n\t\t\t\t\t<div class=\"slide__text\">\n\t\t\t\t\t\t\t\t\t<h4 class=\"slide__title\">1934<\/h4>\n\t\t\t\t\t\t\t\t\t\t\t\t\t<p>Fuji Photo Film Co., Ltd. kurulur. Yeni \u015firket, Dainippon Celluloid Limited&#8217;den ayr\u0131lan foto\u011fraf filmi i\u015flerini devral\u0131r. Ashigara fabrikas\u0131 (bug\u00fcn Ashigara&#8217;daki Kanagawa Factory) foto\u011fraf\u00e7\u0131l\u0131k filmi, bask\u0131 k\u00e2\u011f\u0131d\u0131, kuru levhalar ve di\u011fer \u0131\u015f\u0131\u011fa duyarl\u0131 malzemeler \u00fcreterek \u00e7al\u0131\u015fmaya ba\u015flar.<\/p>\n\n\t\t\t\t\t\t\t\t\t\t\t<\/div>\n\t\t\n\t<\/li>\n\t\t\t\t\t\t\t\t\t\t\t\t<li class=\"slide\">\n\n\t\t<div class=\"slide__image\">\n\t\t\t\t\t\t\t\t\t<picture>\n    <img decoding=\"async\"   alt=\"\"\n    \n    src=\"https:\/\/fujihalide-live.s3.eu-west-1.amazonaws.com\/wp-content\/uploads\/2023\/05\/03083541\/heritage_1948-1160x846.webp\" width=\"1920\" height=\"1400\" loading=\"lazy\"\/> <\/picture>\n\t\t<\/div>\n\n\t\t\t\t\t<div class=\"slide__text\">\n\t\t\t\t\t\t\t\t\t<h4 class=\"slide__title\">1948<\/h4>\n\t\t\t\t\t\t\t\t\t\t\t\t\t<p>\u015eeffaf film \u00fczerinde pozitif g\u00f6r\u00fcnt\u00fc olu\u015fturan renk d\u00f6n\u00fc\u015f\u00fcml\u00fc filmin ba\u015flang\u0131c\u0131. Resimler bir \u00e7er\u00e7eveye tak\u0131larak slayt projekt\u00f6r\u00fcyle g\u00f6r\u00fclebilmektedir.<\/p>\n\n\t\t\t\t\t\t\t\t\t\t\t<\/div>\n\t\t\n\t<\/li>\n\t\t\t\t\t\t\t\t\t\t\t\t<li class=\"slide\">\n\n\t\t<div class=\"slide__image\">\n\t\t\t\t\t\t\t\t\t<picture>\n    <img decoding=\"async\"   alt=\"\"\n    \n    src=\"https:\/\/fujihalide-live.s3.eu-west-1.amazonaws.com\/wp-content\/uploads\/2023\/05\/03083531\/heritage_1958-1160x846.webp\" width=\"1920\" height=\"1400\" loading=\"lazy\"\/> <\/picture>\n\t\t<\/div>\n\n\t\t\t\t\t<div class=\"slide__text\">\n\t\t\t\t\t\t\t\t\t<h4 class=\"slide__title\">1958<\/h4>\n\t\t\t\t\t\t\t\t\t\t\t\t\t<p>\u015eeffaf film \u00fczerinde negatif g\u00f6r\u00fcnt\u00fc olu\u015fturan renkli negatif filmin ba\u015flang\u0131c\u0131. Ashigara fabrikas\u0131 ilk Fujicolor k\u00e2\u011f\u0131d\u0131n\u0131 \u00fcretmeye ba\u015flar. Bu, renkli negatif film ile birlikte kullan\u0131lan ilk amat\u00f6r foto\u011fraf k\u00e2\u011f\u0131d\u0131d\u0131r.<\/p>\n\n\t\t\t\t\t\t\t\t\t\t\t<\/div>\n\t\t\n\t<\/li>\n\t\t\t\t\t\t\t\t\t\t\t\t<li class=\"slide\">\n\n\t\t<div class=\"slide__image\">\n\t\t\t\t\t\t\t\t\t<picture>\n    <img decoding=\"async\"   alt=\"\"\n    \n    src=\"https:\/\/fujihalide-live.s3.eu-west-1.amazonaws.com\/wp-content\/uploads\/2023\/05\/03083521\/heritage_1966-1160x846.webp\" width=\"1920\" height=\"1400\" loading=\"lazy\"\/> <\/picture>\n\t\t<\/div>\n\n\t\t\t\t\t<div class=\"slide__text\">\n\t\t\t\t\t\t\t\t\t<h4 class=\"slide__title\">1966<\/h4>\n\t\t\t\t\t\t\t\t\t\t\t\t\t<p>Ashigara fabrika ilk profesyonel Fujicolor k\u00e2\u011f\u0131d\u0131n\u0131 tan\u0131t\u0131r.<\/p>\n\n\t\t\t\t\t\t\t\t\t\t\t<\/div>\n\t\t\n\t<\/li>\n\t\t\t\t\t\t\t\t\t\t\t\t<li class=\"slide\">\n\n\t\t<div class=\"slide__image\">\n\t\t\t\t\t\t\t\t\t<picture>\n    <img decoding=\"async\"   alt=\"\"\n    \n    src=\"https:\/\/fujihalide-live.s3.eu-west-1.amazonaws.com\/wp-content\/uploads\/2023\/05\/03083512\/heritage_1982-1160x846.webp\" width=\"1920\" height=\"1400\" loading=\"lazy\"\/> <\/picture>\n\t\t<\/div>\n\n\t\t\t\t\t<div class=\"slide__text\">\n\t\t\t\t\t\t\t\t\t<h4 class=\"slide__title\">1982<\/h4>\n\t\t\t\t\t\t\t\t\t\t\t\t\t<p>FUJIFILM Manufacturing Europe, renkli negatif film ve Analogue EP2 ku\u015fa\u011f\u0131 foto\u011fraf k\u00e2\u011f\u0131d\u0131 \u00fcretmeye ba\u015flar. Sonraki y\u0131llarda Fujifilm foto\u011fraf k\u00e2\u011f\u0131tlar\u0131n\u0131, ba\u015fta 3 dk. olan banyo s\u00fcresinden g\u00fcn\u00fcm\u00fczdeki FA02 k\u00e2\u011f\u0131d\u0131n\u0131n 19 saniye olan banyo s\u00fcresine var\u0131ncaya kadar, s\u00fcrekli olarak geli\u015ftirir.<\/p>\n\n\t\t\t\t\t\t\t\t\t\t\t<\/div>\n\t\t\n\t<\/li>\n\t\t\t\t\t\t\t\t\t\t\t\t<li class=\"slide\">\n\n\t\t<div class=\"slide__image\">\n\t\t\t\t\t\t\t\t\t<picture>\n    <img decoding=\"async\"   alt=\"\"\n    \n    src=\"https:\/\/fujihalide-live.s3.eu-west-1.amazonaws.com\/wp-content\/uploads\/2023\/05\/03083500\/heritage_2008-1160x846.webp\" width=\"1920\" height=\"1400\" loading=\"lazy\"\/> <\/picture>\n\t\t<\/div>\n\n\t\t\t\t\t<div class=\"slide__text\">\n\t\t\t\t\t\t\t\t\t<h4 class=\"slide__title\">2008<\/h4>\n\t\t\t\t\t\t\t\t\t\t\t\t\t<p>FUJIFILM Manufacturing Europe yeni foto\u011fraf k\u00e2\u011f\u0131d\u0131 t\u00fcrlerini gururla tan\u0131t\u0131r: alb\u00fcm foto\u011fraf k\u00e2\u011f\u0131d\u0131, amat\u00f6r bir k\u00e2\u011f\u0131t t\u00fcr\u00fc ve DPII, profesyonel seride Pearl ve Supreme HD.<\/p>\n\n\t\t\t\t\t\t\t\t\t\t\t<\/div>\n\t\t\n\t<\/li>\n\t\t\t\t\t\t\t\t\t\t\t\t<li class=\"slide\">\n\n\t\t<div class=\"slide__image\">\n\t\t\t\t\t\t\t\t\t<picture>\n    <img decoding=\"async\"   alt=\"\"\n    \n    src=\"https:\/\/fujihalide-live.s3.eu-west-1.amazonaws.com\/wp-content\/uploads\/2023\/05\/03083450\/heritage_2009-1160x846.webp\" width=\"1920\" height=\"1400\" loading=\"lazy\"\/> <\/picture>\n\t\t<\/div>\n\n\t\t\t\t\t<div class=\"slide__text\">\n\t\t\t\t\t\t\t\t\t<h4 class=\"slide__title\">2009<\/h4>\n\t\t\t\t\t\t\t\t\t\t\t\t\t<p>FUJIFILM Manufacturing Europe ilk yaz\u0131labilir foto\u011fraf k\u00e2\u011f\u0131d\u0131n\u0131 sunar. \u00dczerine kalemle yaz\u0131labilen bu benzersiz k\u00e2\u011f\u0131t takvim ve kartpostallar i\u00e7in kullan\u0131lmaktad\u0131r.<\/p>\n\n\t\t\t\t\t\t\t\t\t\t\t<\/div>\n\t\t\n\t<\/li>\n\t\t\t\t\t\t\t\t\t\t\t\t<li class=\"slide\">\n\n\t\t<div class=\"slide__image\">\n\t\t\t\t\t\t\t\t\t<picture>\n    <img decoding=\"async\"   alt=\"\"\n    \n    src=\"https:\/\/fujihalide-live.s3.eu-west-1.amazonaws.com\/wp-content\/uploads\/2023\/05\/03083441\/heritage_2010-1160x846.webp\" width=\"1920\" height=\"1400\" loading=\"lazy\"\/> <\/picture>\n\t\t<\/div>\n\n\t\t\t\t\t<div class=\"slide__text\">\n\t\t\t\t\t\t\t\t\t<h4 class=\"slide__title\">2010<\/h4>\n\t\t\t\t\t\t\t\t\t\t\t\t\t<p>FUJIFILM Manufacturing, Album Paper&#8217;n\u0131n b\u00fcy\u00fck ba\u015far\u0131s\u0131 \u00fczerine, foto\u011fraf alb\u00fcmlerinin \u00fcretiminde kullan\u0131lmak \u00fczere daha zengin renkler getiren Album HD Paper&#8217;\u0131 tan\u0131t\u0131r.<\/p>\n\n\t\t\t\t\t\t\t\t\t\t\t<\/div>\n\t\t\n\t<\/li>\n\t\t\t\t\t\t\t\t\t\t\t\t<li class=\"slide\">\n\n\t\t<div class=\"slide__image\">\n\t\t\t\t\t\t\t\t\t<picture>\n    <img decoding=\"async\"   alt=\"\"\n    \n    src=\"https:\/\/fujihalide-live.s3.eu-west-1.amazonaws.com\/wp-content\/uploads\/2023\/05\/03083431\/heritage_2013-1160x846.webp\" width=\"1920\" height=\"1400\" loading=\"lazy\"\/> <\/picture>\n\t\t<\/div>\n\n\t\t\t\t\t<div class=\"slide__text\">\n\t\t\t\t\t\t\t\t\t<h4 class=\"slide__title\">2013<\/h4>\n\t\t\t\t\t\t\t\t\t\t\t\t\t<p>Avrupa \u00e7ap\u0131nda d\u00f6rt y\u0131l boyunca y\u00fckselen ba\u015far\u0131dan ve alb\u00fcm k\u00e2\u011f\u0131tlar\u0131n\u0131n daha da geli\u015ftirilmesinden sonra d\u00fcnya \u00e7ap\u0131nda uygulama i\u00e7in iki alb\u00fcm k\u00e2\u011f\u0131d\u0131 daha yarat\u0131l\u0131r.<\/p>\n\n\t\t\t\t\t\t\t\t\t\t\t<\/div>\n\t\t\n\t<\/li>\n\t\t\t\t\t\t\t\t\t\t\t\t<li class=\"slide\">\n\n\t\t<div class=\"slide__image\">\n\t\t\t\t\t\t\t\t\t<picture>\n    <img decoding=\"async\"   alt=\"\"\n    \n    src=\"https:\/\/fujihalide-live.s3.eu-west-1.amazonaws.com\/wp-content\/uploads\/2023\/05\/03083420\/heritage_2015-1160x846.webp\" width=\"1920\" height=\"1400\" loading=\"lazy\"\/> <\/picture>\n\t\t<\/div>\n\n\t\t\t\t\t<div class=\"slide__text\">\n\t\t\t\t\t\t\t\t\t<h4 class=\"slide__title\">2015<\/h4>\n\t\t\t\t\t\t\t\t\t\t\t\t\t<p>FUJIFILM Premium HDX Paper&#8217;\u0131 sunar: \u00fcst d\u00fczey foto\u011fraf kitaplar\u0131n\u0131n yarat\u0131lmas\u0131 i\u00e7in dayan\u0131kl\u0131, daha kal\u0131n (215 \u03bcm) bir alb\u00fcm k\u00e2\u011f\u0131d\u0131.<\/p>\n\n\t\t\t\t\t\t\t\t\t\t\t<\/div>\n\t\t\n\t<\/li>\n\t\t\t\t\t\t\t\t\t\t\t\t<li class=\"slide\">\n\n\t\t<div class=\"slide__image\">\n\t\t\t\t\t\t\t\t\t<picture>\n    <img decoding=\"async\"   alt=\"\"\n    \n    src=\"https:\/\/fujihalide-live.s3.eu-west-1.amazonaws.com\/wp-content\/uploads\/2023\/05\/03083409\/heritage_2015b-1160x846.webp\" width=\"1920\" height=\"1400\" loading=\"lazy\"\/> <\/picture>\n\t\t<\/div>\n\n\t\t\t\t\t<div class=\"slide__text\">\n\t\t\t\t\t\t\t\t\t<h4 class=\"slide__title\">2015<\/h4>\n\t\t\t\t\t\t\t\t\t\t\t\t\t<p>FUJIFILM Europe Creative Papers adl\u0131 iki benzersiz foto\u011fraf k\u00e2\u011f\u0131d\u0131 yarat\u0131r ve piyasaya sunar: Velvet ve Textured Canvas.<\/p>\n\n\t\t\t\t\t\t\t\t\t\t\t<\/div>\n\t\t\n\t<\/li>\n\t\t\t\t\t\t\t\t\t\t\t\t<li class=\"slide\">\n\n\t\t<div class=\"slide__image\">\n\t\t\t\t\t\t\t\t\t<picture>\n    <img decoding=\"async\"   alt=\"\"\n    \n    src=\"https:\/\/fujihalide-live.s3.eu-west-1.amazonaws.com\/wp-content\/uploads\/2023\/05\/03083359\/heritage_2016-1160x846.webp\" width=\"1920\" height=\"1400\" loading=\"lazy\"\/> <\/picture>\n\t\t<\/div>\n\n\t\t\t\t\t<div class=\"slide__text\">\n\t\t\t\t\t\t\t\t\t<h4 class=\"slide__title\">2016<\/h4>\n\t\t\t\t\t\t\t\t\t\t\t\t\t<p>Creative Paper serisinin ba\u015flang\u0131\u00e7taki ba\u015far\u0131s\u0131n\u0131, Textured Linen, Textured Leather ve Velvet Type S (foto\u011fraf kitaplar\u0131n\u0131n \u00fcretimi i\u00e7in daha ince bir \u00e7e\u015fit) foto\u011fraf k\u00e2\u011f\u0131tlar\u0131n\u0131n tan\u0131t\u0131lmas\u0131 takip eder.<\/p>\n\n\t\t\t\t\t\t\t\t\t\t\t<\/div>\n\t\t\n\t<\/li>\n\t\t\t\t\t\t\t\t\t\t\t\t<li class=\"slide\">\n\n\t\t<div class=\"slide__image\">\n\t\t\t\t\t\t\t\t\t<picture>\n    <img decoding=\"async\"   alt=\"\"\n    \n    src=\"https:\/\/fujihalide-live.s3.eu-west-1.amazonaws.com\/wp-content\/uploads\/2023\/05\/03083350\/heritage_2017-1160x846.webp\" width=\"1920\" height=\"1400\" loading=\"lazy\"\/> <\/picture>\n\t\t<\/div>\n\n\t\t\t\t\t<div class=\"slide__text\">\n\t\t\t\t\t\t\t\t\t<h4 class=\"slide__title\">2017<\/h4>\n\t\t\t\t\t\t\t\t\t\t\t\t\t<p>FUJIFILM alb\u00fcm k\u00e2\u011f\u0131d\u0131 yelpazesinin en yeni k\u00e2\u011f\u0131d\u0131n\u0131 sunar: Album Paper XS (135 \u03bcm), foto\u011fraf kitaplar\u0131nda daha fazla sayfaya olanak vermek i\u00e7in tasarlanm\u0131\u015f, daha ince bir foto\u011fraf k\u00e2\u011f\u0131d\u0131.<\/p>\n\n\t\t\t\t\t\t\t\t\t\t\t<\/div>\n\t\t\n\t<\/li>\n\t\t\t\t\t\t\t\t\t<\/ul>\n\t\t\t<\/div>\n\t\t\t<div class=\"content-slider__arrows\" data-glide-el=\"controls\">\n\t<button class=\"content-slider__arrow content-slider__arrow--left\" data-glide-dir=\"&lt;\"><svg width=\"48\" height=\"48\" fill=\"none\" xmlns=\"http:\/\/www.w3.org\/2000\/svg\"><rect width=\"48\" height=\"48\" rx=\"24\" fill=\"#fff\" fill-opacity=\".9\"\/><path d=\"M12.94 25.06a1.5 1.5 0 0 1 0-2.12l9.545-9.547a1.5 1.5 0 1 1 2.122 2.122L16.12 24l8.486 8.485a1.5 1.5 0 1 1-2.122 2.122L12.94 25.06zM34 25.5H14v-3h20v3z\" fill=\"#001A15\"\/><\/svg><\/button>\n\t<button class=\"content-slider__arrow content-slider__arrow--right\" data-glide-dir=\"&gt;\"><svg width=\"48\" height=\"48\" fill=\"none\" xmlns=\"http:\/\/www.w3.org\/2000\/svg\"><rect width=\"48\" height=\"48\" rx=\"24\" fill=\"#fff\" fill-opacity=\".9\"\/><path d=\"M35.06 25.06a1.5 1.5 0 0 0 0-2.12l-9.545-9.547a1.5 1.5 0 1 0-2.122 2.122L31.88 24l-8.486 8.485a1.5 1.5 0 1 0 2.122 2.122l9.546-9.546zM14 25.5h20v-3H14v3z\" fill=\"#001A15\"\/><\/svg><\/button>\n<\/div>\n\t\t<\/div>\n\t<\/section>\n","protected":false},"excerpt":{"rendered":"","protected":false},"author":1,"featured_media":0,"parent":0,"menu_order":0,"comment_status":"closed","ping_status":"closed","template":"","meta":{"_acf_changed":true,"footnotes":""},"class_list":["post-10007","page","type-page","status-publish","hentry"],"acf":[],"yoast_head":"<!-- This site is optimized with the Yoast SEO plugin v27.1.1 - https:\/\/yoast.com\/product\/yoast-seo-wordpress\/ -->\n<title>Miras - Original Photo Paper by FUJIFILM<\/title>\n<meta name=\"robots\" content=\"index, follow, max-snippet:-1, max-image-preview:large, max-video-preview:-1\" \/>\n<link rel=\"canonical\" href=\"https:\/\/www.originalphotopaper.com\/tr\/history\/\" \/>\n<meta property=\"og:locale\" content=\"tr_TR\" \/>\n<meta property=\"og:type\" content=\"article\" \/>\n<meta property=\"og:title\" content=\"Miras - Original Photo Paper by FUJIFILM\" \/>\n<meta property=\"og:url\" content=\"https:\/\/www.originalphotopaper.com\/tr\/history\/\" \/>\n<meta property=\"og:site_name\" content=\"Original Photo Paper by FUJIFILM\" \/>\n<meta property=\"article:modified_time\" content=\"2025-07-14T13:45:45+00:00\" \/>\n<meta name=\"twitter:card\" content=\"summary_large_image\" \/>\n<script type=\"application\/ld+json\" class=\"yoast-schema-graph\">{\"@context\":\"https:\/\/schema.org\",\"@graph\":[{\"@type\":\"WebPage\",\"@id\":\"https:\/\/www.originalphotopaper.com\/tr\/history\/\",\"url\":\"https:\/\/www.originalphotopaper.com\/tr\/history\/\",\"name\":\"Miras - Original Photo Paper by FUJIFILM\",\"isPartOf\":{\"@id\":\"https:\/\/www.originalphotopaper.com\/tr\/#website\"},\"datePublished\":\"2023-05-03T08:42:28+00:00\",\"dateModified\":\"2025-07-14T13:45:45+00:00\",\"breadcrumb\":{\"@id\":\"https:\/\/www.originalphotopaper.com\/tr\/history\/#breadcrumb\"},\"inLanguage\":\"tr-TR\",\"potentialAction\":[{\"@type\":\"ReadAction\",\"target\":[\"https:\/\/www.originalphotopaper.com\/tr\/history\/\"]}]},{\"@type\":\"BreadcrumbList\",\"@id\":\"https:\/\/www.originalphotopaper.com\/tr\/history\/#breadcrumb\",\"itemListElement\":[{\"@type\":\"ListItem\",\"position\":1,\"name\":\"Ev\",\"item\":\"https:\/\/www.originalphotopaper.com\/tr\/\"},{\"@type\":\"ListItem\",\"position\":2,\"name\":\"History\"}]},{\"@type\":\"WebSite\",\"@id\":\"https:\/\/www.originalphotopaper.com\/tr\/#website\",\"url\":\"https:\/\/www.originalphotopaper.com\/tr\/\",\"name\":\"Original Photo Paper by FUJIFILM\",\"description\":\"DISCOVER FUJIFILM ORIGINAL PHOTOGRAPHIC PAPERS\",\"potentialAction\":[{\"@type\":\"SearchAction\",\"target\":{\"@type\":\"EntryPoint\",\"urlTemplate\":\"https:\/\/www.originalphotopaper.com\/tr\/?s={search_term_string}\"},\"query-input\":{\"@type\":\"PropertyValueSpecification\",\"valueRequired\":true,\"valueName\":\"search_term_string\"}}],\"inLanguage\":\"tr-TR\"}]}<\/script>\n<!-- \/ Yoast SEO plugin. -->","yoast_head_json":{"title":"Miras - Original Photo Paper by FUJIFILM","robots":{"index":"index","follow":"follow","max-snippet":"max-snippet:-1","max-image-preview":"max-image-preview:large","max-video-preview":"max-video-preview:-1"},"canonical":"https:\/\/www.originalphotopaper.com\/tr\/history\/","og_locale":"tr_TR","og_type":"article","og_title":"Miras - Original Photo Paper by FUJIFILM","og_url":"https:\/\/www.originalphotopaper.com\/tr\/history\/","og_site_name":"Original Photo Paper by FUJIFILM","article_modified_time":"2025-07-14T13:45:45+00:00","twitter_card":"summary_large_image","schema":{"@context":"https:\/\/schema.org","@graph":[{"@type":"WebPage","@id":"https:\/\/www.originalphotopaper.com\/tr\/history\/","url":"https:\/\/www.originalphotopaper.com\/tr\/history\/","name":"Miras - Original Photo Paper by FUJIFILM","isPartOf":{"@id":"https:\/\/www.originalphotopaper.com\/tr\/#website"},"datePublished":"2023-05-03T08:42:28+00:00","dateModified":"2025-07-14T13:45:45+00:00","breadcrumb":{"@id":"https:\/\/www.originalphotopaper.com\/tr\/history\/#breadcrumb"},"inLanguage":"tr-TR","potentialAction":[{"@type":"ReadAction","target":["https:\/\/www.originalphotopaper.com\/tr\/history\/"]}]},{"@type":"BreadcrumbList","@id":"https:\/\/www.originalphotopaper.com\/tr\/history\/#breadcrumb","itemListElement":[{"@type":"ListItem","position":1,"name":"Ev","item":"https:\/\/www.originalphotopaper.com\/tr\/"},{"@type":"ListItem","position":2,"name":"History"}]},{"@type":"WebSite","@id":"https:\/\/www.originalphotopaper.com\/tr\/#website","url":"https:\/\/www.originalphotopaper.com\/tr\/","name":"Original Photo Paper by FUJIFILM","description":"DISCOVER FUJIFILM ORIGINAL PHOTOGRAPHIC PAPERS","potentialAction":[{"@type":"SearchAction","target":{"@type":"EntryPoint","urlTemplate":"https:\/\/www.originalphotopaper.com\/tr\/?s={search_term_string}"},"query-input":{"@type":"PropertyValueSpecification","valueRequired":true,"valueName":"search_term_string"}}],"inLanguage":"tr-TR"}]}},"_links":{"self":[{"href":"https:\/\/www.originalphotopaper.com\/tr\/wp-json\/wp\/v2\/pages\/10007","targetHints":{"allow":["GET"]}}],"collection":[{"href":"https:\/\/www.originalphotopaper.com\/tr\/wp-json\/wp\/v2\/pages"}],"about":[{"href":"https:\/\/www.originalphotopaper.com\/tr\/wp-json\/wp\/v2\/types\/page"}],"author":[{"embeddable":true,"href":"https:\/\/www.originalphotopaper.com\/tr\/wp-json\/wp\/v2\/users\/1"}],"replies":[{"embeddable":true,"href":"https:\/\/www.originalphotopaper.com\/tr\/wp-json\/wp\/v2\/comments?post=10007"}],"version-history":[{"count":0,"href":"https:\/\/www.originalphotopaper.com\/tr\/wp-json\/wp\/v2\/pages\/10007\/revisions"}],"wp:attachment":[{"href":"https:\/\/www.originalphotopaper.com\/tr\/wp-json\/wp\/v2\/media?parent=10007"}],"curies":[{"name":"wp","href":"https:\/\/api.w.org\/{rel}","templated":true}]}}